{"id":13022,"date":"2019-07-08T18:49:34","date_gmt":"2019-07-08T16:49:34","guid":{"rendered":"http:\/\/informacionturisticatenerife.com\/producto\/flamenco-show\/"},"modified":"2025-04-04T09:15:01","modified_gmt":"2025-04-04T08:15:01","slug":"flamenco-show","status":"publish","type":"product","link":"https:\/\/informacionturisticatenerife.com\/fr\/producto\/flamenco-show\/","title":{"rendered":"Flamenco Show \u00e1 Tenerife"},"content":{"rendered":"<div class=\"prewrap\">\n<div>Casa \u00c1baco est un manoir canarien du XVIIIe si\u00e8cle, situ\u00e9 au c\u0153ur de Puerto de la Cruz, dont l&rsquo;architecture et la d\u00e9coration ont \u00e9t\u00e9 respect\u00e9es, en pr\u00e9servant l&rsquo;essence de la construction d&rsquo;origine. Dans cet environnement, un spectacle Tablao Flamenco est propos\u00e9, une production exquise avec plus de 10 ans sur sc\u00e8ne dans un environnement magique et unique, une production exquise avec plus de 10 ans sur sc\u00e8ne dans un environnement magique et unique, une exp\u00e9rience unique pour ressentir la passion et la force du flamenco dans une atmosph\u00e8re idyllique o\u00f9 vous ressentirez la magie du flamenco en petits groupes.<\/div>\n<div>\n<p>Laissez-vous s\u00e9duire par cet art espagnol dans un cadre incomparable.<\/p>\n<p><strong>Dur\u00e9e : 02:00 heures\u00a0<\/strong><\/p>\n<\/div>\n<div><\/div>\n<div><\/div>\n<div><\/div>\n<div><\/div>\n<div><\/div>\n<div><\/div>\n<div><\/div>\n<\/div>\n<div><\/div>\n<p><iframe loading=\"lazy\" style=\"border: none; overflow: hidden;\" src=\"https:\/\/www.facebook.com\/plugins\/video.php?height=476&amp;href=https%3A%2F%2Fwww.facebook.com%2Fcasamuseoabaco%2Fvideos%2F2276100695885520%2F&amp;show_text=false&amp;width=476&amp;t=0\" width=\"476\" height=\"476\" frameborder=\"0\" scrolling=\"no\" allowfullscreen=\"allowfullscreen\"><\/iframe><\/p>\n","protected":false},"excerpt":{"rendered":"<div class=\"prewrap\">\n<div class=\"prewrap\">\n<div class=\"prewrap\">\n<div class=\"prewrap\">\n<div class=\"prewrap\">\n<div class=\"prewrap\">\n<div class=\"prewrap\">\n<div class=\"prewrap\">\n<div class=\"prewrap\">\n<div class=\"prewrap\">\n<div class=\"prewrap\">\n<div class=\"prewrap\">\n<div class=\"prewrap\">\n<div class=\"prewrap\">\n<div class=\"prewrap\">\n<div class=\"prewrap\">\n<div class=\"prewrap\">\n<div class=\"prewrap\">\n<div class=\"prewrap\">\n<div class=\"prewrap\">\n<div class=\"prewrap\">\n<div class=\"prewrap\">\n<div class=\"prewrap\">\n<div class=\"prewrap\">\n<div class=\"prewrap\">\n<div class=\"prewrap\">\n<div class=\"prewrap\">\n<div class=\"prewrap\">\n<div class=\"prewrap\">\n<div class=\"prewrap\">\n<div class=\"prewrap\">\n<div class=\"prewrap\">\n<div class=\"prewrap\">\n<div class=\"prewrap\">\n<div class=\"prewrap\">\n<div class=\"prewrap\">\n<div class=\"prewrap\">\n<div>Casa \u00c1baco est un manoir canarien du XVIIIe si\u00e8cle, situ\u00e9 au c\u0153ur de Puerto de la Cruz, dont l&rsquo;architecture et la d\u00e9coration ont \u00e9t\u00e9 respect\u00e9es, en pr\u00e9servant l&rsquo;essence de la construction d&rsquo;origine. Dans cet environnement, un spectacle Tablao Flamenco est propos\u00e9, une production exquise avec plus de 10 ans sur sc\u00e8ne dans un environnement magique et unique, une production exquise avec plus de 10 ans sur sc\u00e8ne dans un environnement magique et unique, une exp\u00e9rience unique pour ressentir la passion et la force du flamenco dans une atmosph\u00e8re idyllique o\u00f9 vous ressentirez la magie du flamenco en petits groupes.<\/div>\n<div>\n<p>Laissez-vous s\u00e9duire par cet art espagnol dans un cadre incomparable.<\/p>\n<p><strong>Dur\u00e9e : 02:00 heures<\/strong><\/p>\n<\/div>\n<\/div>\n<\/div>\n<\/div>\n<\/div>\n<\/div>\n<\/div>\n<\/div>\n<\/div>\n<\/div>\n<\/div>\n<\/div>\n<\/div>\n<\/div>\n<\/div>\n<\/div>\n<\/div>\n<\/div>\n<\/div>\n<\/div>\n<\/div>\n<\/div>\n<\/div>\n<\/div>\n<\/div>\n<\/div>\n<\/div>\n<\/div>\n<\/div>\n<\/div>\n<\/div>\n<\/div>\n<\/div>\n<\/div>\n<\/div>\n<\/div>\n<\/div>\n<\/div>\n<p><iframe loading=\"lazy\" style=\"border: none; overflow: hidden;\" src=\"https:\/\/www.facebook.com\/plugins\/video.php?height=476&amp;href=https%3A%2F%2Fwww.facebook.com%2Fcasamuseoabaco%2Fvideos%2F2276100695885520%2F&amp;show_text=false&amp;width=476&amp;t=0\" width=\"476\" height=\"476\" frameborder=\"0\" scrolling=\"no\" allowfullscreen=\"allowfullscreen\"><\/iframe><\/p>\n","protected":false},"featured_media":26530,"comment_status":"open","ping_status":"closed","template":"","meta":[],"product_brand":[],"product_cat":[119],"product_tag":[120,94,96],"class_list":{"0":"post-13022","1":"product","2":"type-product","3":"status-publish","4":"has-post-thumbnail","6":"product_cat-des-spectacles","7":"product_tag-espectaculo-fr","8":"product_tag-islas-canarias-fr","9":"product_tag-tenerife-fr","11":"first","12":"instock","13":"virtual","14":"sold-individually","15":"taxable","16":"purchasable","17":"product-type-booking"},"_links":{"self":[{"href":"https:\/\/informacionturisticatenerife.com\/fr\/wp-json\/wp\/v2\/product\/13022","targetHints":{"allow":["GET"]}}],"collection":[{"href":"https:\/\/informacionturisticatenerife.com\/fr\/wp-json\/wp\/v2\/product"}],"about":[{"href":"https:\/\/informacionturisticatenerife.com\/fr\/wp-json\/wp\/v2\/types\/product"}],"replies":[{"embeddable":true,"href":"https:\/\/informacionturisticatenerife.com\/fr\/wp-json\/wp\/v2\/comments?post=13022"}],"wp:featuredmedia":[{"embeddable":true,"href":"https:\/\/informacionturisticatenerife.com\/fr\/wp-json\/wp\/v2\/media\/26530"}],"wp:attachment":[{"href":"https:\/\/informacionturisticatenerife.com\/fr\/wp-json\/wp\/v2\/media?parent=13022"}],"wp:term":[{"taxonomy":"product_brand","embeddable":true,"href":"https:\/\/informacionturisticatenerife.com\/fr\/wp-json\/wp\/v2\/product_brand?post=13022"},{"taxonomy":"product_cat","embeddable":true,"href":"https:\/\/informacionturisticatenerife.com\/fr\/wp-json\/wp\/v2\/product_cat?post=13022"},{"taxonomy":"product_tag","embeddable":true,"href":"https:\/\/informacionturisticatenerife.com\/fr\/wp-json\/wp\/v2\/product_tag?post=13022"}],"curies":[{"name":"wp","href":"https:\/\/api.w.org\/{rel}","templated":true}]}}