{"id":13005,"date":"2019-07-08T19:18:26","date_gmt":"2019-07-08T17:18:26","guid":{"rendered":"http:\/\/informacionturisticatenerife.com\/producto\/quad-tour\/"},"modified":"2022-05-19T20:35:26","modified_gmt":"2022-05-19T19:35:26","slug":"quad-tour","status":"publish","type":"product","link":"https:\/\/informacionturisticatenerife.com\/fr\/producto\/quad-tour\/","title":{"rendered":"Quad Safari Tenerife"},"content":{"rendered":"<div class=\"prewrap\">Diff\u00e9rents itin\u00e9raires dans quad pour votre jouissance qui vous permet \u00e9galement de conduire au mieux de vos capacit\u00e9s.Nous sommes situ\u00e9s dans le sud de l&rsquo;\u00eele de nos itin\u00e9raires vous prendra-\u00e0 travers la belle campagne d&rsquo;Arona, Adeje et Vilaflor o\u00f9 vous verrez volcanique, paysages, la for\u00eat et du d\u00e9sert. Il est le moyen le plus excitant de voir le c\u00f4t\u00e9 naturel de Tenerife.<\/div>\n<div>\n<div>\n<p>Essayez-nous et vous verrez!Nos quads sont les derniers. Facile \u00e0 conduire, aussi tr\u00e8s stable et confortable.<\/p>\n<\/div>\n<p><strong>Dur\u00e9e: 3 &#8211; 4 heures.<\/strong><\/p>\n<div><\/div>\n<div class=\"prewrap\">\n<p>&nbsp;<\/p>\n<\/div>\n<\/div>\n<p><iframe loading=\"lazy\" title=\"YouTube video player\" src=\"https:\/\/www.youtube.com\/embed\/adtw57THBWc\" width=\"560\" height=\"315\" frameborder=\"0\" allowfullscreen=\"allowfullscreen\"><\/iframe><\/p>\n","protected":false},"excerpt":{"rendered":"<div class=\"prewrap\">\n<div class=\"prewrap\">\n<div class=\"prewrap\">\n<div class=\"prewrap\">\n<div class=\"prewrap\">\n<div class=\"prewrap\">\n<div class=\"prewrap\">\n<div class=\"prewrap\">\n<div class=\"prewrap\">\n<div class=\"prewrap\">\n<div class=\"prewrap\">\n<div class=\"prewrap\">\n<div class=\"prewrap\">\n<div class=\"prewrap\">\n<div class=\"prewrap\">\n<div class=\"prewrap\">\n<div class=\"prewrap\">\n<div class=\"prewrap\">\n<div class=\"prewrap\">\n<div class=\"prewrap\">\n<div class=\"prewrap\">\n<div class=\"prewrap\">\n<div class=\"prewrap\">\n<div class=\"prewrap\">\n<div class=\"prewrap\">\n<div class=\"prewrap\">\n<div class=\"prewrap\">\n<div class=\"prewrap\">Diff\u00e9rents itin\u00e9raires dans quad pour votre jouissance qui vous permet \u00e9galement de conduire au mieux de vos capacit\u00e9s.Nous sommes situ\u00e9s dans le sud de l&rsquo;\u00eele de nos itin\u00e9raires vous prendra-\u00e0 travers la belle campagne d&rsquo;Arona, Adeje et Vilaflor o\u00f9 vous verrez volcanique, paysages, la for\u00eat et du d\u00e9sert. Il est le moyen le plus excitant de voir le c\u00f4t\u00e9 naturel de Tenerife.<\/div>\n<div>\n<div>\n<p>Essayez-nous et vous verrez!Nos quads sont les derniers. Facile \u00e0 conduire, aussi tr\u00e8s stable et confortable.<\/p>\n<\/div>\n<p><strong>Dur\u00e9e: 3 &#8211; 4 heures.<\/strong><\/p>\n<\/div>\n<\/div>\n<div>\n<div><\/div>\n<div class=\"prewrap\">\n<p>&nbsp;<\/p>\n<\/div>\n<\/div>\n<\/div>\n<\/div>\n<\/div>\n<\/div>\n<\/div>\n<\/div>\n<\/div>\n<\/div>\n<\/div>\n<\/div>\n<\/div>\n<\/div>\n<\/div>\n<\/div>\n<\/div>\n<\/div>\n<\/div>\n<\/div>\n<\/div>\n<\/div>\n<\/div>\n<\/div>\n<\/div>\n<\/div>\n<\/div>\n<\/div>\n<p><iframe loading=\"lazy\" title=\"YouTube video player\" src=\"https:\/\/www.youtube.com\/embed\/adtw57THBWc\" width=\"560\" height=\"315\" frameborder=\"0\" allowfullscreen=\"allowfullscreen\"><\/iframe><\/p>\n","protected":false},"featured_media":26236,"comment_status":"open","ping_status":"closed","template":"","meta":[],"product_brand":[],"product_cat":[91],"product_tag":[92,93,94,95,96],"class_list":{"0":"post-13005","1":"product","2":"type-product","3":"status-publish","4":"has-post-thumbnail","6":"product_cat-aventure-et-nature","7":"product_tag-aventura-y-naturaleza-fr","8":"product_tag-canarias-fr","9":"product_tag-islas-canarias-fr","10":"product_tag-multiaventuras-fr","11":"product_tag-tenerife-fr","13":"first","14":"instock","15":"virtual","16":"sold-individually","17":"taxable","18":"purchasable","19":"product-type-booking"},"_links":{"self":[{"href":"https:\/\/informacionturisticatenerife.com\/fr\/wp-json\/wp\/v2\/product\/13005","targetHints":{"allow":["GET"]}}],"collection":[{"href":"https:\/\/informacionturisticatenerife.com\/fr\/wp-json\/wp\/v2\/product"}],"about":[{"href":"https:\/\/informacionturisticatenerife.com\/fr\/wp-json\/wp\/v2\/types\/product"}],"replies":[{"embeddable":true,"href":"https:\/\/informacionturisticatenerife.com\/fr\/wp-json\/wp\/v2\/comments?post=13005"}],"wp:featuredmedia":[{"embeddable":true,"href":"https:\/\/informacionturisticatenerife.com\/fr\/wp-json\/wp\/v2\/media\/26236"}],"wp:attachment":[{"href":"https:\/\/informacionturisticatenerife.com\/fr\/wp-json\/wp\/v2\/media?parent=13005"}],"wp:term":[{"taxonomy":"product_brand","embeddable":true,"href":"https:\/\/informacionturisticatenerife.com\/fr\/wp-json\/wp\/v2\/product_brand?post=13005"},{"taxonomy":"product_cat","embeddable":true,"href":"https:\/\/informacionturisticatenerife.com\/fr\/wp-json\/wp\/v2\/product_cat?post=13005"},{"taxonomy":"product_tag","embeddable":true,"href":"https:\/\/informacionturisticatenerife.com\/fr\/wp-json\/wp\/v2\/product_tag?post=13005"}],"curies":[{"name":"wp","href":"https:\/\/api.w.org\/{rel}","templated":true}]}}