{"id":12997,"date":"2019-07-08T19:34:08","date_gmt":"2019-07-08T17:34:08","guid":{"rendered":"http:\/\/informacionturisticatenerife.com\/producto\/jet-ski\/"},"modified":"2022-05-18T17:34:56","modified_gmt":"2022-05-18T16:34:56","slug":"jet-ski","status":"publish","type":"product","link":"https:\/\/informacionturisticatenerife.com\/fr\/producto\/jet-ski\/","title":{"rendered":"Jetski Safari Tenerife"},"content":{"rendered":"<div class=\"prewrap\">\n<p>Amusez-vous avec nos excursions guid\u00e9es et vivez l&rsquo;exp\u00e9rience en Jet Ski !<\/p>\n<p>1 heure de d\u00e9couverte du safari en jet ski \u00e0 Tenerife Nous vous garantissons que vous en redemanderez! Votre adr\u00e9naline montera au fur et \u00e0 mesure que vous ferez du jetski freestyle.<\/p>\n<p>2 Heures d&rsquo;Explora Jet Ski Safari Tenerife est l&rsquo;excursion la plus populaire. Alors vous tester et tester les limites de votre Jet Ski.<\/p>\n<p><strong>Dur\u00e9e: Horaires vari\u00e9s<\/strong><\/p>\n<\/div>\n<div>\n<div><\/div>\n<div><\/div>\n<div class=\"prewrap\">\n<p>&nbsp;<\/p>\n<\/div>\n<\/div>\n<p><iframe loading=\"lazy\" title=\"YouTube video player\" src=\"https:\/\/www.youtube.com\/embed\/wzkiloxICC0\" width=\"560\" height=\"315\" frameborder=\"0\" allowfullscreen=\"allowfullscreen\"><\/iframe><\/p>\n","protected":false},"excerpt":{"rendered":"<div class=\"prewrap\">\n<div class=\"prewrap\">\n<div class=\"prewrap\">\n<div class=\"prewrap\">\n<div class=\"prewrap\">\n<div class=\"prewrap\">\n<div class=\"prewrap\">\n<div class=\"prewrap\">\n<div class=\"prewrap\">\n<div class=\"prewrap\">\n<div class=\"prewrap\">\n<div class=\"prewrap\">\n<div class=\"prewrap\">\n<div class=\"prewrap\">\n<div class=\"prewrap\">\n<div class=\"prewrap\">\n<div class=\"prewrap\">\n<div class=\"prewrap\">\n<div class=\"prewrap\">\n<div class=\"prewrap\">\n<div class=\"prewrap\">\n<div class=\"prewrap\">\n<div class=\"prewrap\">\n<div class=\"prewrap\">\n<div class=\"prewrap\">\n<div class=\"prewrap\">\n<div class=\"prewrap\">\n<div class=\"prewrap\">\n<p>Amusez-vous avec nos excursions guid\u00e9es et vivez l&rsquo;exp\u00e9rience en Jet Ski !<\/p>\n<p>1 heure de d\u00e9couverte du safari en jet ski \u00e0 Tenerife Nous vous garantissons que vous en redemanderez! Votre adr\u00e9naline montera au fur et \u00e0 mesure que vous ferez du jetski freestyle.<\/p>\n<p>2 Heures d&rsquo;Explora Jet Ski Safari Tenerife est l&rsquo;excursion la plus populaire. Alors vous tester et tester les limites de votre Jet Ski.<\/p>\n<p><strong>Dur\u00e9e: Horaires vari\u00e9s<\/strong><\/p>\n<\/div>\n<div>\n<div><\/div>\n<\/div>\n<\/div>\n<\/div>\n<\/div>\n<\/div>\n<\/div>\n<\/div>\n<\/div>\n<\/div>\n<\/div>\n<\/div>\n<\/div>\n<\/div>\n<\/div>\n<\/div>\n<\/div>\n<\/div>\n<\/div>\n<\/div>\n<\/div>\n<\/div>\n<\/div>\n<\/div>\n<\/div>\n<\/div>\n<\/div>\n<\/div>\n<\/div>\n<p><iframe loading=\"lazy\" title=\"YouTube video player\" src=\"https:\/\/www.youtube.com\/embed\/wzkiloxICC0\" width=\"560\" height=\"315\" frameborder=\"0\" allowfullscreen=\"allowfullscreen\"><\/iframe><\/p>\n","protected":false},"featured_media":26210,"comment_status":"open","ping_status":"closed","template":"","meta":[],"product_brand":[],"product_cat":[111,56],"product_tag":[55,92,25,93,41,94,47,95,96,24,57,112],"class_list":{"0":"post-12997","1":"product","2":"type-product","3":"status-publish","4":"has-post-thumbnail","6":"product_cat-sports-nautiques","7":"product_cat-water-sports","8":"product_tag-aventura-y-naturaleza","9":"product_tag-aventura-y-naturaleza-fr","10":"product_tag-canarias","11":"product_tag-canarias-fr","12":"product_tag-islas-canarias","13":"product_tag-islas-canarias-fr","14":"product_tag-multiaventuras","15":"product_tag-multiaventuras-fr","16":"product_tag-tenerife-fr","17":"product_tag-tenerife","18":"product_tag-water-sports","19":"product_tag-water-sports-fr","21":"first","22":"instock","23":"virtual","24":"sold-individually","25":"taxable","26":"purchasable","27":"product-type-booking"},"_links":{"self":[{"href":"https:\/\/informacionturisticatenerife.com\/fr\/wp-json\/wp\/v2\/product\/12997","targetHints":{"allow":["GET"]}}],"collection":[{"href":"https:\/\/informacionturisticatenerife.com\/fr\/wp-json\/wp\/v2\/product"}],"about":[{"href":"https:\/\/informacionturisticatenerife.com\/fr\/wp-json\/wp\/v2\/types\/product"}],"replies":[{"embeddable":true,"href":"https:\/\/informacionturisticatenerife.com\/fr\/wp-json\/wp\/v2\/comments?post=12997"}],"wp:featuredmedia":[{"embeddable":true,"href":"https:\/\/informacionturisticatenerife.com\/fr\/wp-json\/wp\/v2\/media\/26210"}],"wp:attachment":[{"href":"https:\/\/informacionturisticatenerife.com\/fr\/wp-json\/wp\/v2\/media?parent=12997"}],"wp:term":[{"taxonomy":"product_brand","embeddable":true,"href":"https:\/\/informacionturisticatenerife.com\/fr\/wp-json\/wp\/v2\/product_brand?post=12997"},{"taxonomy":"product_cat","embeddable":true,"href":"https:\/\/informacionturisticatenerife.com\/fr\/wp-json\/wp\/v2\/product_cat?post=12997"},{"taxonomy":"product_tag","embeddable":true,"href":"https:\/\/informacionturisticatenerife.com\/fr\/wp-json\/wp\/v2\/product_tag?post=12997"}],"curies":[{"name":"wp","href":"https:\/\/api.w.org\/{rel}","templated":true}]}}