{"id":13234,"date":"2019-04-15T20:42:27","date_gmt":"2019-04-15T18:42:27","guid":{"rendered":"http:\/\/informacionturisticatenerife.com\/producto\/visita-a-las-bodegas-monje\/"},"modified":"2019-11-27T01:52:10","modified_gmt":"2019-11-27T01:52:10","slug":"visita-a-las-bodegas-monje","status":"publish","type":"product","link":"https:\/\/informacionturisticatenerife.com\/en\/producto\/visita-a-las-bodegas-monje\/","title":{"rendered":"Visita a las Bodegas Monje"},"content":{"rendered":"<div class=\"prewrap\">\n<div class=\"prewrap\">\n<div class=\"prewrap\">\n<div class=\"prewrap\">\n<div class=\"prewrap\">\n<p>Conozca el vino y la gastronom\u00eda de Tenerife visitando las Bodegas Monje. Desde nuestra bodega, la panor\u00e1mica es un regalo: vi\u00f1edos, monta\u00f1as, mar, sol: el lugar ideal para vivir y cuidar nuestros vinos. Construida en 1956 y modernizada en 1983, todav\u00eda dispone de los antiguos toneles de roble, de casi 200 a\u00f1os de antiguedad, en los que seguimos fermentando y criando el Tinto Tradicional; combinamos, as\u00ed, las pr\u00e1cticas m\u00e1s antiguas con la tecnolog\u00eda actual.<\/p>\n<p>La bodega, con capacidad para 160.000 litros, es suficiente para procesar nuestra cosecha. Diez personas componen el equipo humano que hace posible continuar con la filosof\u00eda y el cari\u00f1o que merece esta vocaci\u00f3n.<\/p>\n<p><strong>(Visita a la Bodega y almuerzo). Transporte No Incluido<\/strong><\/p>\n<\/div>\n<div><b>Disponible :<\/b>\u00a0<strong>Domingo<\/strong>,\u00a0<strong>Lunes<\/strong>,\u00a0<strong>Martes<\/strong>,\u00a0<strong>Miercoles<\/strong>,\u00a0<strong>Jueves<\/strong>,\u00a0<strong>Viernes<\/strong>,\u00a0<strong>Sabado<\/strong><\/div>\n<div><b>Duraci\u00f3n :<\/b>\u00a0<strong>02:00 Aprox<\/strong><\/div>\n<div><b>Precio Adulto:\u00a0<\/b>35,00 \u20ac\u00a0\u00a0\u00a0\u00a0\u00a0\u00a0<b>Precio Ni\u00f1o:\u00a0<\/b>17,50 \u20ac<\/div>\n<\/div>\n<\/div>\n<\/div>\n<\/div>\n","protected":false},"excerpt":{"rendered":"<div class=\"prewrap\">\n<div class=\"prewrap\">\n<p>Conozca el vino y la gastronom\u00eda de Tenerife visitando las Bodegas Monje. Desde nuestra bodega, la panor\u00e1mica es un regalo: vi\u00f1edos, monta\u00f1as, mar, sol: el lugar ideal para vivir y cuidar nuestros vinos. Construida en 1956 y modernizada en 1983, todav\u00eda dispone de los antiguos toneles de roble, de casi 200 a\u00f1os de antiguedad, en los que seguimos fermentando y criando el Tinto Tradicional; combinamos, as\u00ed, las pr\u00e1cticas m\u00e1s antiguas con la tecnolog\u00eda actual.<\/p>\n<p>La bodega, con capacidad para 160.000 litros, es suficiente para procesar nuestra cosecha. Diez personas componen el equipo humano que hace posible continuar con la filosof\u00eda y el cari\u00f1o que merece esta vocaci\u00f3n.<\/p>\n<p><strong>(Visita a la Bodega y almuerzo). Transporte No Incluido<\/strong><\/p>\n<\/div>\n<div><b>Disponible :<\/b>\u00a0<strong>Domingo<\/strong>,\u00a0<strong>Lunes<\/strong>,\u00a0<strong>Martes<\/strong>,\u00a0<strong>Miercoles<\/strong>,\u00a0<strong>Jueves<\/strong>,\u00a0<strong>Viernes<\/strong>,\u00a0<strong>Sabado<\/strong><\/div>\n<div><b>Duraci\u00f3n :<\/b>\u00a0<strong>02:00 Aprox<\/strong><\/div>\n<div><b>Precio Adulto:\u00a0<\/b>35,00 \u20ac\u00a0\u00a0\u00a0\u00a0\u00a0\u00a0<b>Precio Ni\u00f1o:\u00a0<\/b>17,50 \u20ac<\/div>\n<\/div>\n","protected":false},"featured_media":13236,"comment_status":"open","ping_status":"closed","template":"","meta":[],"product_brand":[],"product_cat":[137],"product_tag":[189,87,90,139],"class_list":{"0":"post-13234","1":"product","2":"type-product","3":"status-publish","4":"has-post-thumbnail","6":"product_cat-land","7":"product_tag-bodegas-monje-en","8":"product_tag-canarias-en","9":"product_tag-tenerife-en","10":"product_tag-tour-en","12":"first","13":"instock","14":"virtual","15":"sold-individually","16":"taxable","17":"purchasable","18":"product-type-booking"},"_links":{"self":[{"href":"https:\/\/informacionturisticatenerife.com\/en\/wp-json\/wp\/v2\/product\/13234","targetHints":{"allow":["GET"]}}],"collection":[{"href":"https:\/\/informacionturisticatenerife.com\/en\/wp-json\/wp\/v2\/product"}],"about":[{"href":"https:\/\/informacionturisticatenerife.com\/en\/wp-json\/wp\/v2\/types\/product"}],"replies":[{"embeddable":true,"href":"https:\/\/informacionturisticatenerife.com\/en\/wp-json\/wp\/v2\/comments?post=13234"}],"wp:featuredmedia":[{"embeddable":true,"href":"https:\/\/informacionturisticatenerife.com\/en\/wp-json\/wp\/v2\/media\/13236"}],"wp:attachment":[{"href":"https:\/\/informacionturisticatenerife.com\/en\/wp-json\/wp\/v2\/media?parent=13234"}],"wp:term":[{"taxonomy":"product_brand","embeddable":true,"href":"https:\/\/informacionturisticatenerife.com\/en\/wp-json\/wp\/v2\/product_brand?post=13234"},{"taxonomy":"product_cat","embeddable":true,"href":"https:\/\/informacionturisticatenerife.com\/en\/wp-json\/wp\/v2\/product_cat?post=13234"},{"taxonomy":"product_tag","embeddable":true,"href":"https:\/\/informacionturisticatenerife.com\/en\/wp-json\/wp\/v2\/product_tag?post=13234"}],"curies":[{"name":"wp","href":"https:\/\/api.w.org\/{rel}","templated":true}]}}