{"id":27048,"date":"2022-06-04T15:41:54","date_gmt":"2022-06-04T14:41:55","guid":{"rendered":"https:\/\/informacionturisticatenerife.com\/?post_type=product&#038;p=27048"},"modified":"2025-08-12T11:02:42","modified_gmt":"2025-08-12T10:02:42","slug":"vip-tour-auf-teide-und-masca-copia","status":"publish","type":"product","link":"https:\/\/informacionturisticatenerife.com\/de\/producto\/vip-tour-auf-teide-und-masca-copia\/","title":{"rendered":"VIP Tour nach La Gomera"},"content":{"rendered":"<p>Entdecken Sie den Luxus, eine zauberhafte Insel wie La Gomera an Bord eines der Vans von Tamar\u00e1n zu entdecken, ger\u00e4umig und ganz daf\u00fcr ausgestattet, Ihnen ein unvergessliches Erlebnis zu bescheren. Lassen Sie sich von unserem Team alles Wissenswerte \u00fcber die besuchten Orte erz\u00e4hlen und versinken Sie in die Sch\u00f6nheit einer Insel, die Christoph Kolumbus als Zwischenstopp auf seiner Entdeckungsreise nach Amerika diente.<\/p>\n<p>Dieser Ausflug von Teneriffa nach La Gomera f\u00fchrt direkt von Ihrer Unterkunft oder einem nahegelegenen Treffpunkt zu den Orten, die diese Insel so besonders machen, eine Insel, auf der sich noch immer eine Sprache erhalten hat, die zum Weltkulturerbe erkl\u00e4rt wurde: die gomerische Pfeifsprache. Wenn Sie mehr dar\u00fcber erfahren m\u00f6chten, dann lassen Sie sich nicht die Erkl\u00e4rungen des Teams von Tamar\u00e1n entgehen, die Ihre VIP-Tour durch La Gomera zu einem Erlebnis machen werden, bei dem Sie sich wie ein Teil dieser geschichtstr\u00e4chtigen Insel f\u00fchlen.<\/p>\n<p>Beginnen Sie den Tagesausflug von Teneriffa nach La Gomera gleich auf gro\u00dfem Fu\u00df: mit freien Speisen und Getr\u00e4nken, einer leichten Brise und einer herrlichen Aussicht auf den Atlantischen Ozean. Sobald Sie San Sebasti\u00e1n de La Gomera erreichen, genau wie Kolumbus vor \u00fcber 500 Jahren, beginnen Sie Ihre Inselrundfahrt. La Gomera erwartet Sie mit traumhaften Orten wie dem Aussichtspunkt von Vallehermoso, dem Nationalpark Garajonay mit seinen Lorbeerhainen oder dem Aussichtspunkt von Abrante.<\/p>\n<p>Gegen Ende des Tages machen Sie sich wieder auf den R\u00fcckweg, und k\u00f6nnen dabei l\u00e4chelnd die Erlebnisse dieser gem\u00fctlichen Tour Revue passieren lassen, von der Sie neues Wissen \u00fcber Geschichte, Kultur und Natur sowie unz\u00e4hlige Fotos von einer der charismatischsten Inseln des Atlantischen Ozeans mit nach Hause nehmen werden.<\/p>\n<p><strong>Dauer: 09:00 stunden ca.<\/strong><\/p>\n<p><iframe loading=\"lazy\" title=\"YouTube video player\" src=\"https:\/\/www.youtube.com\/embed\/38XdeuAEFJg\" width=\"560\" height=\"315\" frameborder=\"0\" allowfullscreen=\"allowfullscreen\"><\/iframe><\/p>\n","protected":false},"excerpt":{"rendered":"<div class=\"prewrap\">\n<div class=\"prewrap\">\n<div class=\"prewrap\">\n<div class=\"prewrap\">\n<div class=\"prewrap\">\n<div class=\"prewrap\">\n<div class=\"prewrap\">\n<div class=\"prewrap\">\n<div class=\"prewrap\">\n<div class=\"prewrap\">\n<div class=\"prewrap\">\n<div class=\"prewrap\">\n<div class=\"prewrap\">\n<div class=\"prewrap\">\n<div class=\"prewrap\">\n<div class=\"prewrap\">\n<div class=\"prewrap\">\n<div class=\"prewrap\">\n<div class=\"prewrap\">\n<div class=\"prewrap\">\n<p>Entdecken Sie den Luxus, eine zauberhafte Insel wie La Gomera an Bord eines der Vans von Tamar\u00e1n zu entdecken, ger\u00e4umig und ganz daf\u00fcr ausgestattet, Ihnen ein unvergessliches Erlebnis zu bescheren. Lassen Sie sich von unserem Team alles Wissenswerte \u00fcber die besuchten Orte erz\u00e4hlen und versinken Sie in die Sch\u00f6nheit einer Insel, die Christoph Kolumbus als Zwischenstopp auf seiner Entdeckungsreise nach Amerika diente.<\/p>\n<p>Dieser Ausflug von Teneriffa nach La Gomera f\u00fchrt direkt von Ihrer Unterkunft oder einem nahegelegenen Treffpunkt zu den Orten, die diese Insel so besonders machen, eine Insel, auf der sich noch immer eine Sprache erhalten hat, die zum Weltkulturerbe erkl\u00e4rt wurde: die gomerische Pfeifsprache. Wenn Sie mehr dar\u00fcber erfahren m\u00f6chten, dann lassen Sie sich nicht die Erkl\u00e4rungen des Teams von Tamar\u00e1n entgehen, die Ihre VIP-Tour durch La Gomera zu einem Erlebnis machen werden, bei dem Sie sich wie ein Teil dieser geschichtstr\u00e4chtigen Insel f\u00fchlen.<\/p>\n<p><strong>Dauer: 09:00 stunden ca.<\/strong><\/p>\n<\/div>\n<\/div>\n<\/div>\n<\/div>\n<\/div>\n<\/div>\n<\/div>\n<\/div>\n<\/div>\n<\/div>\n<\/div>\n<\/div>\n<\/div>\n<\/div>\n<\/div>\n<\/div>\n<\/div>\n<\/div>\n<\/div>\n<\/div>\n<p><iframe loading=\"lazy\" title=\"YouTube video player\" src=\"https:\/\/www.youtube.com\/embed\/38XdeuAEFJg\" width=\"560\" height=\"315\" frameborder=\"0\" allowfullscreen=\"allowfullscreen\"><\/iframe><\/p>\n","protected":false},"featured_media":27062,"comment_status":"open","ping_status":"closed","template":"","meta":[],"product_brand":[],"product_cat":[135],"product_tag":[98,99,100,101,102],"class_list":{"0":"post-27048","1":"product","2":"type-product","3":"status-publish","4":"has-post-thumbnail","6":"product_cat-jeep-touren","7":"product_tag-aventura-y-naturaleza-de","8":"product_tag-canarias-de","9":"product_tag-islas-canarias-de","10":"product_tag-multiaventuras-de","11":"product_tag-tenerife-de","13":"first","14":"instock","15":"virtual","16":"sold-individually","17":"taxable","18":"purchasable","19":"product-type-booking"},"_links":{"self":[{"href":"https:\/\/informacionturisticatenerife.com\/de\/wp-json\/wp\/v2\/product\/27048","targetHints":{"allow":["GET"]}}],"collection":[{"href":"https:\/\/informacionturisticatenerife.com\/de\/wp-json\/wp\/v2\/product"}],"about":[{"href":"https:\/\/informacionturisticatenerife.com\/de\/wp-json\/wp\/v2\/types\/product"}],"replies":[{"embeddable":true,"href":"https:\/\/informacionturisticatenerife.com\/de\/wp-json\/wp\/v2\/comments?post=27048"}],"wp:featuredmedia":[{"embeddable":true,"href":"https:\/\/informacionturisticatenerife.com\/de\/wp-json\/wp\/v2\/media\/27062"}],"wp:attachment":[{"href":"https:\/\/informacionturisticatenerife.com\/de\/wp-json\/wp\/v2\/media?parent=27048"}],"wp:term":[{"taxonomy":"product_brand","embeddable":true,"href":"https:\/\/informacionturisticatenerife.com\/de\/wp-json\/wp\/v2\/product_brand?post=27048"},{"taxonomy":"product_cat","embeddable":true,"href":"https:\/\/informacionturisticatenerife.com\/de\/wp-json\/wp\/v2\/product_cat?post=27048"},{"taxonomy":"product_tag","embeddable":true,"href":"https:\/\/informacionturisticatenerife.com\/de\/wp-json\/wp\/v2\/product_tag?post=27048"}],"curies":[{"name":"wp","href":"https:\/\/api.w.org\/{rel}","templated":true}]}}