{"id":17906,"date":"2020-08-09T19:48:30","date_gmt":"2020-09-09T18:48:30","guid":{"rendered":"https:\/\/informacionturisticatenerife.com\/?post_type=product&#038;p=17906"},"modified":"2024-05-28T09:37:03","modified_gmt":"2024-05-28T08:37:03","slug":"astronomische-werkstatt","status":"publish","type":"product","link":"https:\/\/informacionturisticatenerife.com\/de\/producto\/astronomische-werkstatt\/","title":{"rendered":"Astronomische Himmelsbetrachtung am Teide"},"content":{"rendered":"<p>Lassen Sie Ihren Traum, das Universum professionell zu genie\u00dfen, wahr werden und von einem der besten Orte aus, um die Sterne auf Teneriffa und der Welt zu sehen: dem Teide.<\/p>\n<p>Bei diesem Stargazing auf Teneriffa erwarten Sie akkreditierte Guides, die die Geheimnisse des Universums enth\u00fcllen, professionelle Teleskope, mit denen Sie die Himmelsobjekte, die Sie seit so vielen Jahren faszinieren, und den reinen und sauberen Himmel des Nationalparks mit eigenen Augen sehen und hautnah erleben k\u00f6nnen del Teide, von dem aus man 83 der 88 offiziell anerkannten Sternbilder betrachten kann und von wo aus man im Sommer einen klaren Blick auf die Milchstra\u00dfe hat<\/p>\n<p>Eine faszinierende astronomische Beobachtung auf dem Teide, um Sterne auf Teneriffa zu sehen<br \/>\nFragen Sie sich immer, welcher Stern oder Himmelsk\u00f6rper dort so stark leuchtet oder wie gro\u00df oder klein er aussieht?<\/p>\n<p>Mit unseren Starlight-Guides werden Sie aufh\u00f6ren, sich zu wundern, denn sie werden daf\u00fcr verantwortlich sein, Ihnen bei dieser astronomischen Beobachtung auf dem Teide alle Geheimnisse des Universums zu entdecken.<\/p>\n<p>Sind Sie fasziniert von der Tatsache, dass alte Zivilisationen von den Sternen orientiert wurden und wollten Sie das schon immer auch k\u00f6nnen?<\/p>\n<p>Unsere F\u00fchrer werden Ihnen beibringen, sich dank des Himmels zu orientieren. Wenn Sie schon immer eine Leidenschaft f\u00fcr die griechische Mythologie und Sternbilder hatten, werden Sie in dieser Erfahrung, um die Sterne auf Teide zu sehen, einen Blick auf die Elemente der hellenischen Mythologie werfen, die sich hinter den Sternbildern und den Sternbildern verbergen Beziehung zwischen ihnen.<\/p>\n<p>Nutzen Sie unsere Teleskope der neuesten Generation, um Planeten, Galaxien oder Cluster zu entdecken, von denen Sie immer getr\u00e4umt haben, und von einem der drei besten Orte der Erde aus, um dies zu tun.<\/p>\n<p>Mit diesen Instrumenten k\u00f6nnen Sie w\u00e4hrend dieser Sternbeobachtung auf Teneriffa nachts die interessantesten Himmelsobjekte besichtigen. Dar\u00fcber hinaus erhalten Sie von unseren Monitoren interessante Informationen zu den Objekten, die Sie durch das Okular beobachten.<\/p>\n<p><strong>Die Sterne von Teide kommen Ihnen mit professionellen Teleskopen n\u00e4her<\/strong><br \/>\nW\u00e4hrend dieser Sternbeobachtung auf dem Teide k\u00f6nnen Sie den klaren Sternenhimmel vom Parkplatz der Seilbahn-Basisstation in 2.536 m H\u00f6he mit leistungsstarken professionellen Teleskopen genie\u00dfen.<\/p>\n<p>Die astronomische Instrumentierung, die Sie w\u00e4hrend dieser astronomischen Beobachtung auf Teneriffa zur Hand haben, sowie die Qualit\u00e4t und Transparenz des Himmels von Teneriffa vom Teide-Nationalpark, weit entfernt von der Lichtverschmutzung der gro\u00dfen St\u00e4dte, werden Sie mit Sicherheit genie\u00dfen lassen Eine einzigartige Erfahrung, bei der die Stars von Teneriffa fast an Ihrer Seite sind.<\/p>\n<p><strong>Genie\u00dfen Sie auch Ihren Sternguck auf Teneriffa bei Vollmond<\/strong><br \/>\nEs ist unvermeidlich. Der Mond durchl\u00e4uft w\u00e4hrend der Lunation, seinem 29-Tage-Zyklus, verschiedene Phasen.<\/p>\n<p>So wird mindestens einmal im Monat die berauschende Helligkeit des nat\u00fcrlichen Satelliten unseres Planeten Erde das schwache Licht entfernter Himmelsk\u00f6rper tr\u00fcben.<\/p>\n<p>Wenn Sie unsere astronomische Beobachtung auf dem Teide buchen und sie in einer Vollmondnacht genie\u00dfen, werden Sie die strahlende Pr\u00e4senz nutzen, um sich an der spektakul\u00e4ren Natur zu erfreuen: Krater, Gebirgsz\u00fcge und andere Mondwunder.<\/p>\n<p>Was sind Sie? Auf dem Mond befinden sich die Teneriffa-Berge, der Mount Pico und der Piazzi Smyth-Krater.<\/p>\n<p>Wenn Sie es nicht wussten und wir Sie gefragt haben, warum sie diese Namen erhalten, melden Sie sich an, um unsere F\u00fchrer in der Nacht Ihrer astronomischen Beobachtung auf dem Teide zu fragen.<\/p>\n<pre id=\"tw-target-text\" class=\"tw-data-text tw-text-large tw-ta\" dir=\"ltr\" data-placeholder=\"Traducci\u00f3n\"><strong><span class=\"Y2IQFc\" lang=\"de\">Dauer: 1 Stunde\r\n\r\n\r\n<\/span><\/strong><\/pre>\n<p><iframe loading=\"lazy\" title=\"YouTube video player\" src=\"https:\/\/www.youtube.com\/embed\/fPcuNfasTPw\" width=\"560\" height=\"315\" frameborder=\"0\" allowfullscreen=\"allowfullscreen\"><\/iframe><\/p>\n","protected":false},"excerpt":{"rendered":"<div class=\"prewrap\">\n<div class=\"prewrap\">\n<div class=\"prewrap\">\n<div class=\"prewrap\">\n<div class=\"prewrap\">\n<div class=\"prewrap\">\n<div class=\"prewrap\">\n<div class=\"prewrap\">\n<div class=\"prewrap\">\n<div class=\"prewrap\">\n<div class=\"prewrap\">\n<div class=\"prewrap\">\n<div class=\"prewrap\">\n<div class=\"prewrap\">\n<div class=\"prewrap\">\n<div class=\"prewrap\">\n<div class=\"prewrap\">\n<div class=\"prewrap\">\n<div class=\"prewrap\">\n<div class=\"prewrap\">\n<div class=\"prewrap\">\n<div class=\"prewrap\">\n<div class=\"prewrap\">\n<div class=\"prewrap\">\n<div class=\"prewrap\">\n<div class=\"prewrap\">\n<div class=\"prewrap\">\n<div class=\"prewrap\">\n<div class=\"prewrap\">\n<div class=\"prewrap\">\n<div class=\"prewrap\">\n<div class=\"prewrap\">\n<div class=\"prewrap\">\n<p>Lassen Sie Ihren Traum, das Universum professionell zu genie\u00dfen, wahr werden und von einem der besten Orte aus, um die Sterne auf Teneriffa und der Welt zu sehen: dem Teide.<\/p>\n<p>Bei diesem Stargazing auf Teneriffa erwarten Sie akkreditierte Guides, die die Geheimnisse des Universums enth\u00fcllen, professionelle Teleskope, mit denen Sie die Himmelsobjekte, die Sie seit so vielen Jahren faszinieren, und den reinen und sauberen Himmel des Nationalparks mit eigenen Augen sehen und hautnah erleben k\u00f6nnen del Teide, von dem aus man 83 der 88 offiziell anerkannten Sternbilder betrachten kann und von wo aus man im Sommer einen klaren Blick auf die Milchstra\u00dfe hat.<\/p>\n<p><strong><span class=\"Y2IQFc\" lang=\"de\">Dauer: 1 Stunde<\/span><\/strong><\/p>\n<p>&nbsp;<\/p>\n<p>&nbsp;<\/p>\n<p>&nbsp;<\/p>\n<p>&nbsp;<\/p>\n<\/div>\n<\/div>\n<\/div>\n<\/div>\n<\/div>\n<\/div>\n<\/div>\n<\/div>\n<\/div>\n<\/div>\n<\/div>\n<\/div>\n<\/div>\n<\/div>\n<\/div>\n<\/div>\n<\/div>\n<\/div>\n<\/div>\n<\/div>\n<\/div>\n<\/div>\n<\/div>\n<\/div>\n<\/div>\n<\/div>\n<\/div>\n<\/div>\n<\/div>\n<\/div>\n<\/div>\n<\/div>\n<\/div>\n<p><iframe loading=\"lazy\" title=\"YouTube video player\" src=\"https:\/\/www.youtube.com\/embed\/fPcuNfasTPw\" width=\"560\" height=\"315\" frameborder=\"0\" allowfullscreen=\"allowfullscreen\"><\/iframe><\/p>\n","protected":false},"featured_media":13056,"comment_status":"open","ping_status":"closed","template":"","meta":[],"product_brand":[],"product_cat":[143],"product_tag":[99,100,102],"class_list":{"0":"post-17906","1":"product","2":"type-product","3":"status-publish","4":"has-post-thumbnail","6":"product_cat-terrestrisch","7":"product_tag-canarias-de","8":"product_tag-islas-canarias-de","9":"product_tag-tenerife-de","11":"first","12":"instock","13":"virtual","14":"sold-individually","15":"taxable","16":"purchasable","17":"product-type-booking"},"_links":{"self":[{"href":"https:\/\/informacionturisticatenerife.com\/de\/wp-json\/wp\/v2\/product\/17906","targetHints":{"allow":["GET"]}}],"collection":[{"href":"https:\/\/informacionturisticatenerife.com\/de\/wp-json\/wp\/v2\/product"}],"about":[{"href":"https:\/\/informacionturisticatenerife.com\/de\/wp-json\/wp\/v2\/types\/product"}],"replies":[{"embeddable":true,"href":"https:\/\/informacionturisticatenerife.com\/de\/wp-json\/wp\/v2\/comments?post=17906"}],"wp:featuredmedia":[{"embeddable":true,"href":"https:\/\/informacionturisticatenerife.com\/de\/wp-json\/wp\/v2\/media\/13056"}],"wp:attachment":[{"href":"https:\/\/informacionturisticatenerife.com\/de\/wp-json\/wp\/v2\/media?parent=17906"}],"wp:term":[{"taxonomy":"product_brand","embeddable":true,"href":"https:\/\/informacionturisticatenerife.com\/de\/wp-json\/wp\/v2\/product_brand?post=17906"},{"taxonomy":"product_cat","embeddable":true,"href":"https:\/\/informacionturisticatenerife.com\/de\/wp-json\/wp\/v2\/product_cat?post=17906"},{"taxonomy":"product_tag","embeddable":true,"href":"https:\/\/informacionturisticatenerife.com\/de\/wp-json\/wp\/v2\/product_tag?post=17906"}],"curies":[{"name":"wp","href":"https:\/\/api.w.org\/{rel}","templated":true}]}}