{"id":17878,"date":"2020-09-09T19:17:09","date_gmt":"2020-09-09T18:17:09","guid":{"rendered":"https:\/\/informacionturisticatenerife.com\/?post_type=product&#038;p=17878"},"modified":"2024-05-25T14:50:12","modified_gmt":"2024-05-25T13:50:12","slug":"kajak-in-los-gigantes","status":"publish","type":"product","link":"https:\/\/informacionturisticatenerife.com\/de\/producto\/kajak-in-los-gigantes\/","title":{"rendered":"Kajak auf dem Los Gigantes"},"content":{"rendered":"<div class=\"prewrap\">\n<p><strong>ROUTENBESCHREIBUNG<\/strong><\/p>\n<p>Wir verlassen den Yachthafen von Los Gigantes entlang der beeindruckenden Klippen von Los Gigantes auf einer Rundreise in Begleitung unserer Monitore, die Sie f\u00fchren und Ihnen einige Besonderheiten dieser unglaublichen Landschaft zeigen.<\/p>\n<p>Zu Ihrer Sicherheit, obwohl die Navigation in diesen Gew\u00e4ssern immer ruhig und sicher ist, werden wir im Falle eines Falles jederzeit von einem Unterst\u00fctzungs- und Hilfsboot begleitet.<\/p>\n<p>Die von uns verwendeten Kajaks sind Zweisitzer f\u00fcr Anf\u00e4nger und sehr einfach zu handhaben, obwohl Sie es noch nie zuvor versucht haben. Wir haben auch individuelle Kajaks f\u00fcr den Fall, dass die Gruppe ungerade ist.<\/p>\n<p><strong>DATENBLATT<\/strong><\/p>\n<p>Dauer: ca. 2 Stunden<\/p>\n<p>Schwierigkeit: Niedrig.<\/p>\n<p>Zeit und Treffpunkt: 15 Minuten vor Beginn der Route in unserem Gesch\u00e4ft in PANTAL\u00c1N 6. PUERTO DE LOS GIGANTES.<\/p>\n<p>Auge! Fahren Sie rechtzeitig ab, es ist schwierig, hier zu parken, besonders im August. Der Yachthafen selbst ist kostenpflichtig.<\/p>\n<p><strong>DIE ROUTE ENTH\u00c4LT:<\/strong><br \/>\nSelbstentleerendes Kajak, R\u00fcckenlehne, Paddel und Weste.<br \/>\nSt\u00fctzboot.<br \/>\n1 alkoholfreies Getr\u00e4nk \/ Bier. Wir haben auch einen kostenlosen Wasserspender im Laden, wenn Sie Ihre eigene Kantine mitbringen.<br \/>\nDigitales Fotobuch.<\/p>\n<p><strong>WAS ZU BRINGEN?<\/strong><\/p>\n<p>Badeanzug, Sonnenschutz und sonst wenig. Den Rest Ihrer Sachen werden wir in unseren R\u00e4umlichkeiten oder im Hilfsboot f\u00fcr Sie aufbewahren.<br \/>\nThermoskanne \/ Kantine. In unserem Gesch\u00e4ft haben wir einen Wasserspender, um sie zu f\u00fcllen. Und auch Flaschen zu verkaufen. Wir m\u00fcssen den Einsatz von Kunststoff reduzieren !!<\/p>\n<p><strong>LIES GR\u00dcNDLICH:<\/strong><\/p>\n<p>Das Parken in Los Gigantes ist normalerweise nicht einfach und wir m\u00fcssen p\u00fcnktlich mit dem festgelegten Zeitplan sein. Bitte beachten Sie dies bei der Routenplanung.<br \/>\nF\u00fcr den Kajakausflug ben\u00f6tigen Sie nur einen Badeanzug und Sonnenschutz. Sie k\u00f6nnen eine Brille tragen, wir behalten sie f\u00fcr Sie, wenn Sie baden.<br \/>\nUm an unseren Wasseraktivit\u00e4ten teilnehmen zu k\u00f6nnen, ist es wichtig zu wissen, wie man schwimmt und in guter k\u00f6rperlicher und geistiger Verfassung ist.<br \/>\nWir sind nicht verantwortlich f\u00fcr den Verlust oder die Verschlechterung von Material, das Sie im Kajak tragen.<\/p>\n<p><strong>DAUER: 2 stunden<\/strong><\/p>\n<p>&nbsp;<\/p>\n<p><iframe loading=\"lazy\" title=\"YouTube video player\" src=\"https:\/\/www.youtube.com\/embed\/C0DlvaY18l4\" width=\"560\" height=\"315\" frameborder=\"0\" allowfullscreen=\"allowfullscreen\"><\/iframe><\/p>\n<\/div>\n","protected":false},"excerpt":{"rendered":"<div class=\"prewrap\">\n<div class=\"prewrap\">\n<div class=\"prewrap\">\n<div class=\"prewrap\">\n<div class=\"prewrap\">\n<div class=\"prewrap\">\n<div class=\"prewrap\">\n<div class=\"prewrap\">\n<div class=\"prewrap\">\n<div class=\"prewrap\">\n<div class=\"prewrap\">\n<div class=\"prewrap\">\n<div class=\"prewrap\">\n<div class=\"prewrap\">\n<div class=\"prewrap\">\n<div class=\"prewrap\">\n<div class=\"prewrap\">\n<div class=\"prewrap\">\n<div class=\"prewrap\">\n<div class=\"prewrap\">\n<div class=\"prewrap\">\n<div class=\"prewrap\">\n<div class=\"prewrap\">\n<div class=\"prewrap\">\n<div class=\"prewrap\">\n<div class=\"prewrap\">\n<div class=\"prewrap\">\n<div class=\"prewrap\">\n<div class=\"prewrap\">\n<div class=\"prewrap\">\n<div class=\"prewrap\">\n<div class=\"prewrap\">\n<div class=\"prewrap\">\n<p>Genie\u00dfen Sie diese unvergessliche Kajaktour im S\u00fcden Teneriffas und genie\u00dfen die Landschaft, die Klippen und ihre gro\u00dfe Artenvielfalt.<\/p>\n<p><strong>DAUER: 2 stunden<\/strong><\/p>\n<p>&nbsp;<\/p>\n<\/div>\n<\/div>\n<\/div>\n<\/div>\n<\/div>\n<\/div>\n<\/div>\n<\/div>\n<\/div>\n<\/div>\n<\/div>\n<\/div>\n<\/div>\n<\/div>\n<\/div>\n<\/div>\n<\/div>\n<\/div>\n<\/div>\n<\/div>\n<\/div>\n<\/div>\n<\/div>\n<\/div>\n<\/div>\n<\/div>\n<\/div>\n<\/div>\n<\/div>\n<\/div>\n<\/div>\n<\/div>\n<\/div>\n<p><iframe loading=\"lazy\" title=\"YouTube video player\" src=\"https:\/\/www.youtube.com\/embed\/C0DlvaY18l4\" width=\"560\" height=\"315\" frameborder=\"0\" allowfullscreen=\"allowfullscreen\"><\/iframe><\/p>\n","protected":false},"featured_media":25971,"comment_status":"open","ping_status":"closed","template":"","meta":[],"product_brand":[],"product_cat":[113,56],"product_tag":[25,99,100,41,24,102,114,57],"class_list":{"0":"post-17878","1":"product","2":"type-product","3":"status-publish","4":"has-post-thumbnail","6":"product_cat-wassersport","7":"product_cat-water-sports","8":"product_tag-canarias","9":"product_tag-canarias-de","10":"product_tag-islas-canarias-de","11":"product_tag-islas-canarias","12":"product_tag-tenerife","13":"product_tag-tenerife-de","14":"product_tag-water-sports-de","15":"product_tag-water-sports","17":"first","18":"instock","19":"virtual","20":"sold-individually","21":"taxable","22":"purchasable","23":"product-type-booking"},"_links":{"self":[{"href":"https:\/\/informacionturisticatenerife.com\/de\/wp-json\/wp\/v2\/product\/17878","targetHints":{"allow":["GET"]}}],"collection":[{"href":"https:\/\/informacionturisticatenerife.com\/de\/wp-json\/wp\/v2\/product"}],"about":[{"href":"https:\/\/informacionturisticatenerife.com\/de\/wp-json\/wp\/v2\/types\/product"}],"replies":[{"embeddable":true,"href":"https:\/\/informacionturisticatenerife.com\/de\/wp-json\/wp\/v2\/comments?post=17878"}],"wp:featuredmedia":[{"embeddable":true,"href":"https:\/\/informacionturisticatenerife.com\/de\/wp-json\/wp\/v2\/media\/25971"}],"wp:attachment":[{"href":"https:\/\/informacionturisticatenerife.com\/de\/wp-json\/wp\/v2\/media?parent=17878"}],"wp:term":[{"taxonomy":"product_brand","embeddable":true,"href":"https:\/\/informacionturisticatenerife.com\/de\/wp-json\/wp\/v2\/product_brand?post=17878"},{"taxonomy":"product_cat","embeddable":true,"href":"https:\/\/informacionturisticatenerife.com\/de\/wp-json\/wp\/v2\/product_cat?post=17878"},{"taxonomy":"product_tag","embeddable":true,"href":"https:\/\/informacionturisticatenerife.com\/de\/wp-json\/wp\/v2\/product_tag?post=17878"}],"curies":[{"name":"wp","href":"https:\/\/api.w.org\/{rel}","templated":true}]}}