{"id":17565,"date":"2020-08-28T09:13:23","date_gmt":"2020-08-28T08:13:23","guid":{"rendered":"https:\/\/informacionturisticatenerife.com\/?post_type=product&#038;p=17565"},"modified":"2022-05-16T21:40:18","modified_gmt":"2022-05-16T20:40:18","slug":"fischerboot-ausfluege","status":"publish","type":"product","link":"https:\/\/informacionturisticatenerife.com\/de\/producto\/fischerboot-ausfluege\/","title":{"rendered":"Sportfischen auf Teneriffa ausfl\u00fcge"},"content":{"rendered":"<p>Wir verschiedene Arten des Angelns an, immer abh\u00e4ngig vom Wetter und dem, was in den Tagen vor der Reise gefangen wurde, wie z. B. Lebendk\u00f6derfischen, Grundfischen und Trolling . Jeder Fischer erh\u00e4lt w\u00e4hrend der Reise seine eigene Rute und seinen eigenen Angelschein.<\/p>\n<p>Auf der Flybridge gibt es eine H\u00e4ngematte f\u00fcr Zuschauer, eine Bordtoilette und einen K\u00fchlschrank, aus dem sie Wasser, Bier und alkoholfreie Getr\u00e4nke beziehen k\u00f6nnen.<\/p>\n<p>Es besteht auch die M\u00f6glichkeit, in einer Bucht zu schwimmen und die Cliffs of Masca zu besuchen. Die Crew kocht Ihren Fang an Bord des Bootes oder Sie k\u00f6nnen ihn mit nach Hause nehmen und zum Abendessen reinigen und filetieren!<\/p>\n<p>Alle Getr\u00e4nke, Sandwiches und Snacks sind inbegriffen.<\/p>\n<p>* Alle Boote sind mit einem Sonar und der besten Angelausr\u00fcstung ausgestattet. Wir arbeiten jeden Tag. Es gibt ein Mindestalter von 4 Jahren zum Fischen, aber kein Mindestalter f\u00fcr die Beobachtung.<\/p>\n<p>Auf dem ausflug kombinieren wir zwei verschiedene Aktivit\u00e4ten; Big Game Fishing und Hochseefischen.<\/p>\n<p><strong>Dauer: 4 stunden<\/strong><\/p>\n<p>&nbsp;<\/p>\n<p>&nbsp;<\/p>\n<p><iframe loading=\"lazy\" src=\"https:\/\/www.youtube.com\/embed\/EQPjs91aWM4\" width=\"560\" height=\"315\" frameborder=\"0\" allowfullscreen=\"allowfullscreen\"><\/iframe><\/p>\n","protected":false},"excerpt":{"rendered":"<p>Wir verschiedene Arten des Angelns an, immer abh\u00e4ngig vom Wetter und dem, was in den Tagen vor der Reise gefangen wurde, wie z. B. Lebendk\u00f6derfischen, Grundfischen und Trolling . Jeder Fischer erh\u00e4lt w\u00e4hrend der Reise seine eigene Rute und seinen eigenen Angelschein.<\/p>\n<p>Auf der Flybridge gibt es eine H\u00e4ngematte f\u00fcr Zuschauer, eine Bordtoilette und einen K\u00fchlschrank, aus dem sie Wasser, Bier und alkoholfreie Getr\u00e4nke beziehen k\u00f6nnen.<\/p>\n<p><strong>Dauer: 4 stunden<\/strong><\/p>\n<p>&nbsp;<\/p>\n<p>&nbsp;<\/p>\n<p><iframe loading=\"lazy\" title=\"YouTube video player\" src=\"https:\/\/www.youtube.com\/embed\/EQPjs91aWM4\" width=\"560\" height=\"315\" frameborder=\"0\" allowfullscreen=\"allowfullscreen\"><\/iframe><\/p>\n","protected":false},"featured_media":25990,"comment_status":"open","ping_status":"closed","template":"","meta":[],"product_brand":[],"product_cat":[213],"product_tag":[99,214,100,102],"class_list":{"0":"post-17565","1":"product","2":"type-product","3":"status-publish","4":"has-post-thumbnail","6":"product_cat-maritime-de","7":"product_tag-canarias-de","8":"product_tag-excursiones-maritimas-de","9":"product_tag-islas-canarias-de","10":"product_tag-tenerife-de","12":"first","13":"instock","14":"virtual","15":"sold-individually","16":"taxable","17":"purchasable","18":"product-type-booking"},"_links":{"self":[{"href":"https:\/\/informacionturisticatenerife.com\/de\/wp-json\/wp\/v2\/product\/17565","targetHints":{"allow":["GET"]}}],"collection":[{"href":"https:\/\/informacionturisticatenerife.com\/de\/wp-json\/wp\/v2\/product"}],"about":[{"href":"https:\/\/informacionturisticatenerife.com\/de\/wp-json\/wp\/v2\/types\/product"}],"replies":[{"embeddable":true,"href":"https:\/\/informacionturisticatenerife.com\/de\/wp-json\/wp\/v2\/comments?post=17565"}],"wp:featuredmedia":[{"embeddable":true,"href":"https:\/\/informacionturisticatenerife.com\/de\/wp-json\/wp\/v2\/media\/25990"}],"wp:attachment":[{"href":"https:\/\/informacionturisticatenerife.com\/de\/wp-json\/wp\/v2\/media?parent=17565"}],"wp:term":[{"taxonomy":"product_brand","embeddable":true,"href":"https:\/\/informacionturisticatenerife.com\/de\/wp-json\/wp\/v2\/product_brand?post=17565"},{"taxonomy":"product_cat","embeddable":true,"href":"https:\/\/informacionturisticatenerife.com\/de\/wp-json\/wp\/v2\/product_cat?post=17565"},{"taxonomy":"product_tag","embeddable":true,"href":"https:\/\/informacionturisticatenerife.com\/de\/wp-json\/wp\/v2\/product_tag?post=17565"}],"curies":[{"name":"wp","href":"https:\/\/api.w.org\/{rel}","templated":true}]}}