{"id":17389,"date":"2020-08-27T17:54:42","date_gmt":"2020-08-27T16:54:42","guid":{"rendered":"https:\/\/informacionturisticatenerife.com\/?post_type=product&#038;p=17389"},"modified":"2024-03-25T07:00:39","modified_gmt":"2024-03-25T07:00:39","slug":"snorkel","status":"publish","type":"product","link":"https:\/\/informacionturisticatenerife.com\/de\/producto\/snorkel\/","title":{"rendered":"Schnorcheln mit Schildkr\u00f6ten auf Teneriffa"},"content":{"rendered":"<p>Schnorcheln ist in der Welt sehr popul\u00e4r. Touristen besuchen warme L\u00e4nder, genie\u00dfen es mit Maske und Schnorchel zu schwimmen und das Leben der Unterwasserwelt zu beobachten. Auf Teneriffa gibt es gute M\u00f6glichkeiten in einer Bucht schnorcheln zu gehen, in der\u00a0Sie die Unterwasserlandschaft genie\u00dfen werden, eine Menge Fische sehen, sowie Pflanzen und Tiere. Schnorcheln ist leicht und macht viel Spass. Jeder kann schnorcheln unabh\u00e4ngig vom Alter und den Schwimmf\u00e4higkeiten.<\/p>\n<p>Begleite uns auf einem unserer Schnorchelausfl\u00fcge im Atlantischen Ozean!<br \/>\nUnsere Schnorchler erhalten eine umfassende Einweisung, werden in warme Neoprenanz\u00fcge gesteckt, bekommen Masken, Flossen und Schnorchel und gehen direkt vom Strand ins Wasser. Wir verwenden auch ein Schwimmflo\u00df, sodass Schnorchler von Zeit zu Zeit eine Pause machen k\u00f6nnen. Der Ausflug dauert 50 Minuten und wird von einem Tauchlehrer durchgef\u00fchrt. (<span class=\"Y2IQFc\" lang=\"de\">Schildkr\u00f6tensichtungen k\u00f6nnen nicht garantiert werden)<\/span><\/p>\n<p><strong>Dauer: 50 min Ca.<\/strong><\/p>\n<p>&nbsp;<\/p>\n<p>&nbsp;<\/p>\n<p><iframe loading=\"lazy\" title=\"YouTube video player\" src=\"https:\/\/www.youtube.com\/embed\/7Mf15OYKqMg\" width=\"560\" height=\"315\" frameborder=\"0\" allowfullscreen=\"allowfullscreen\"><\/iframe><\/p>\n","protected":false},"excerpt":{"rendered":"<div class=\"prewrap\">\n<p>Schnorcheln ist in der Welt sehr popul\u00e4r. Touristen besuchen warme L\u00e4nder, genie\u00dfen es mit Maske und Schnorchel zu schwimmen und das Leben der Unterwasserwelt zu beobachten. Auf Teneriffa gibt es gute M\u00f6glichkeiten in einer Bucht schnorcheln zu gehen, in der Sie die Unterwasserlandschaft genie\u00dfen werden, eine Menge Fische sehen, sowie Pflanzen und Tiere. Schnorcheln ist leicht und macht viel Spass. Jeder kann schnorcheln unabh\u00e4ngig vom Alter und den Schwimmf\u00e4higkeiten. (<span class=\"Y2IQFc\" lang=\"de\">Schildkr\u00f6tensichtungen k\u00f6nnen nicht garantiert werden)<\/span><\/p>\n<p><strong>Dauer: 50 min Ca.<\/strong><\/p>\n<p>&nbsp;<\/p>\n<\/div>\n<p><iframe loading=\"lazy\" title=\"YouTube video player\" src=\"https:\/\/www.youtube.com\/embed\/7Mf15OYKqMg\" width=\"560\" height=\"315\" frameborder=\"0\" allowfullscreen=\"allowfullscreen\"><\/iframe><\/p>\n","protected":false},"featured_media":17408,"comment_status":"open","ping_status":"closed","template":"","meta":[],"product_brand":[],"product_cat":[113],"product_tag":[99,100,101,102],"class_list":{"0":"post-17389","1":"product","2":"type-product","3":"status-publish","4":"has-post-thumbnail","6":"product_cat-wassersport","7":"product_tag-canarias-de","8":"product_tag-islas-canarias-de","9":"product_tag-multiaventuras-de","10":"product_tag-tenerife-de","12":"first","13":"instock","14":"virtual","15":"sold-individually","16":"taxable","17":"purchasable","18":"product-type-booking"},"_links":{"self":[{"href":"https:\/\/informacionturisticatenerife.com\/de\/wp-json\/wp\/v2\/product\/17389","targetHints":{"allow":["GET"]}}],"collection":[{"href":"https:\/\/informacionturisticatenerife.com\/de\/wp-json\/wp\/v2\/product"}],"about":[{"href":"https:\/\/informacionturisticatenerife.com\/de\/wp-json\/wp\/v2\/types\/product"}],"replies":[{"embeddable":true,"href":"https:\/\/informacionturisticatenerife.com\/de\/wp-json\/wp\/v2\/comments?post=17389"}],"wp:featuredmedia":[{"embeddable":true,"href":"https:\/\/informacionturisticatenerife.com\/de\/wp-json\/wp\/v2\/media\/17408"}],"wp:attachment":[{"href":"https:\/\/informacionturisticatenerife.com\/de\/wp-json\/wp\/v2\/media?parent=17389"}],"wp:term":[{"taxonomy":"product_brand","embeddable":true,"href":"https:\/\/informacionturisticatenerife.com\/de\/wp-json\/wp\/v2\/product_brand?post=17389"},{"taxonomy":"product_cat","embeddable":true,"href":"https:\/\/informacionturisticatenerife.com\/de\/wp-json\/wp\/v2\/product_cat?post=17389"},{"taxonomy":"product_tag","embeddable":true,"href":"https:\/\/informacionturisticatenerife.com\/de\/wp-json\/wp\/v2\/product_tag?post=17389"}],"curies":[{"name":"wp","href":"https:\/\/api.w.org\/{rel}","templated":true}]}}