{"id":13577,"date":"2019-05-13T17:24:11","date_gmt":"2019-05-13T15:24:11","guid":{"rendered":"http:\/\/informacionturisticatenerife.com\/producto\/senderismo-pico-del-teide\/"},"modified":"2024-05-25T14:50:08","modified_gmt":"2024-05-25T13:50:08","slug":"trekking-pico-del-teide","status":"publish","type":"product","link":"https:\/\/informacionturisticatenerife.com\/de\/producto\/trekking-pico-del-teide\/","title":{"rendered":"Wandern ausflug zum Teide-Gipfel + Seilbahn"},"content":{"rendered":"<p>Erklimmen Sie den h\u00f6chsten Gipfel Spaniens, den Pico del Teide, und erleben Sie das wunderbare Gef\u00fchl, den Himmel in 3.718 m H\u00f6he zu ber\u00fchren.<\/p>\n<p>Diese Wanderung beginnt mit dem Aufstieg der Seilbahn zur oberen Talstation. Von hier aus machen wir einen Spaziergang von etwa einer Stunde, der vom h\u00f6chsten Punkt Spaniens die Gipfel von Teneriffa und die Silhouetten der nahe gelegenen Inseln La Gomera, El Hierro, La Palma und Gran Canaria betrachtet.<\/p>\n<p><strong>Schwierigkeit Hohe<\/strong><\/p>\n<p>&nbsp;<\/p>\n<p><iframe loading=\"lazy\" title=\"YouTube video player\" src=\"https:\/\/www.youtube.com\/embed\/m-iA87BjW7o\" width=\"560\" height=\"315\" frameborder=\"0\" allowfullscreen=\"allowfullscreen\"><\/iframe><\/p>\n","protected":false},"excerpt":{"rendered":"<div class=\"prewrap\">\n<div class=\"prewrap\">\n<div class=\"prewrap\">\n<div class=\"prewrap\">\n<div class=\"prewrap\">\n<div class=\"prewrap\">\n<div class=\"prewrap\">\n<div class=\"prewrap\">\n<div class=\"prewrap\">\n<div class=\"prewrap\">\n<div class=\"prewrap\">\n<div class=\"prewrap\">\n<p>Erklimmen Sie den h\u00f6chsten Gipfel Spaniens, den Pico del Teide, und erleben Sie das wunderbare Gef\u00fchl, den Himmel in 3.718 m H\u00f6he zu ber\u00fchren.<\/p>\n<p>Diese Wanderung beginnt mit dem Aufstieg der Seilbahn zur oberen Talstation. Von hier aus machen wir einen Spaziergang von etwa einer Stunde, der vom h\u00f6chsten Punkt Spaniens die Gipfel von Teneriffa und die Silhouetten der nahe gelegenen Inseln La Gomera, El Hierro, La Palma und Gran Canaria betrachtet.<\/p>\n<p><strong>Schwierigkeit Hohe<\/strong><\/p>\n<\/div>\n<\/div>\n<\/div>\n<\/div>\n<\/div>\n<\/div>\n<\/div>\n<\/div>\n<\/div>\n<\/div>\n<\/div>\n<\/div>\n<p><iframe loading=\"lazy\" title=\"YouTube video player\" src=\"https:\/\/www.youtube.com\/embed\/m-iA87BjW7o\" width=\"560\" height=\"315\" frameborder=\"0\" allowfullscreen=\"allowfullscreen\"><\/iframe><\/p>\n","protected":false},"featured_media":27320,"comment_status":"open","ping_status":"closed","template":"","meta":[],"product_brand":[],"product_cat":[129],"product_tag":[99,100,130,102],"class_list":{"0":"post-13577","1":"product","2":"type-product","3":"status-publish","4":"has-post-thumbnail","6":"product_cat-wandern","7":"product_tag-canarias-de","8":"product_tag-islas-canarias-de","9":"product_tag-senderismo-de","10":"product_tag-tenerife-de","12":"first","13":"instock","14":"virtual","15":"sold-individually","16":"taxable","17":"purchasable","18":"product-type-booking"},"_links":{"self":[{"href":"https:\/\/informacionturisticatenerife.com\/de\/wp-json\/wp\/v2\/product\/13577","targetHints":{"allow":["GET"]}}],"collection":[{"href":"https:\/\/informacionturisticatenerife.com\/de\/wp-json\/wp\/v2\/product"}],"about":[{"href":"https:\/\/informacionturisticatenerife.com\/de\/wp-json\/wp\/v2\/types\/product"}],"replies":[{"embeddable":true,"href":"https:\/\/informacionturisticatenerife.com\/de\/wp-json\/wp\/v2\/comments?post=13577"}],"wp:featuredmedia":[{"embeddable":true,"href":"https:\/\/informacionturisticatenerife.com\/de\/wp-json\/wp\/v2\/media\/27320"}],"wp:attachment":[{"href":"https:\/\/informacionturisticatenerife.com\/de\/wp-json\/wp\/v2\/media?parent=13577"}],"wp:term":[{"taxonomy":"product_brand","embeddable":true,"href":"https:\/\/informacionturisticatenerife.com\/de\/wp-json\/wp\/v2\/product_brand?post=13577"},{"taxonomy":"product_cat","embeddable":true,"href":"https:\/\/informacionturisticatenerife.com\/de\/wp-json\/wp\/v2\/product_cat?post=13577"},{"taxonomy":"product_tag","embeddable":true,"href":"https:\/\/informacionturisticatenerife.com\/de\/wp-json\/wp\/v2\/product_tag?post=13577"}],"curies":[{"name":"wp","href":"https:\/\/api.w.org\/{rel}","templated":true}]}}