{"id":13571,"date":"2019-05-13T17:16:52","date_gmt":"2019-05-13T15:16:52","guid":{"rendered":"http:\/\/informacionturisticatenerife.com\/producto\/excursion-a-la-palma\/"},"modified":"2024-06-16T19:46:16","modified_gmt":"2024-06-16T18:46:16","slug":"ausflug-nach-la-palma","status":"publish","type":"product","link":"https:\/\/informacionturisticatenerife.com\/de\/producto\/ausflug-nach-la-palma\/","title":{"rendered":"Ausflug nach La Palma"},"content":{"rendered":"<div class=\"prewrap\">\n<p>Vulkan La Palma:<\/p>\n<p>Einmal in La Palma. Der erste Halt wird in der Hauptstadt sein, wo wir einige der symboltr\u00e4chtigsten Orte entdecken k\u00f6nnen, wie z.B.:<\/p>\n<p>El Barco de la Virgen, eine Nachbildung der Santa Maria, an deren Bord Christoph Kolumbus Amerika entdeckte, wurde zum Gedenken an die Seeleute von La Palma errichtet, die von hier aus mit Segelschiffen aus dem Holz unserer Berge in See stachen. Im Inneren befindet sich das Marinemuseum mit Seekarten und Nachbildungen einiger auf der Insel gebauter Schiffe. Die Burg von Santa Catalina, eine der wichtigsten spanischen Burgen auf dem Weg nach Amerika. Die typischen Balkone, die zu den am besten erhaltenen Balkonen oder Balkon\u00fcberh\u00e4ngen der Kanarischen Inseln geh\u00f6ren. Erw\u00e4hnenswert sind die doppelten Balkone, die zur Bel\u00fcftung der H\u00e4user gebaut wurden.<\/p>\n<p>Die n\u00e4chste Station ist der Mirador de la Concepci\u00f3n. Es befindet sich auf dem h\u00f6chsten Teil des Vulkans Caldereta, der zum Naturraum erkl\u00e4rt wurde, von wo aus man den Krater und die Hauptstadt der sch\u00f6nen Insel sehen kann. Sie fahren weiter zum Zeittunnel und sehen, wie sich die Vegetation auf der Insel ver\u00e4ndert. Dann geht es weiter nach S\u00fcdwesten in das vom Vulkan Cumbre Vieja betroffene Gebiet.<\/p>\n<p>Der n\u00e4chste Halt ist in der Sperrzone des Tacande-Bezirks, wo Sie einen ersten Blick auf den Vulkan werfen k\u00f6nnen. Anschlie\u00dfend fahren Sie nach Tazacorte und sehen die j\u00fcngsten Lavastr\u00f6me Spaniens.<\/p>\n<p>Das Mittagessen wird gegen 13:30 Uhr in einem der typischen Restaurants der Gegend serviert. Nach dem Mittagessen werden Sie vom Hafen von Tazacorte aus das Fajana- oder Lavadelta sehen.<\/p>\n<p>Der letzte Halt ist am Aussichtspunkt Tajuya, wo Sie Zeit haben, den letzten Vulkan der Kanarischen Inseln, der noch keinen Namen hat, in v\u00f6lliger Sicherheit in 2 km Entfernung zu beobachten.<\/p>\n<p><strong>Dauer: 08:00 stubden ca.<\/strong><\/p>\n<\/div>\n","protected":false},"excerpt":{"rendered":"<div class=\"prewrap\">\n<div class=\"prewrap\">\n<div class=\"prewrap\">\n<div class=\"prewrap\">\n<div class=\"prewrap\">\n<div class=\"prewrap\">\n<div class=\"prewrap\">\n<div class=\"prewrap\">\n<div class=\"prewrap\">\n<div class=\"prewrap\">\n<div class=\"prewrap\">\n<div class=\"prewrap\">\n<p>Vulkan La Palma:<\/p>\n<p>Einmal in La Palma. Der erste Halt wird in der Hauptstadt sein, wo wir einige der symboltr\u00e4chtigsten Orte entdecken k\u00f6nnen, wie z.B.:<\/p>\n<p>El Barco de la Virgen, eine Nachbildung der Santa Maria, an deren Bord Christoph Kolumbus Amerika entdeckte, wurde zum Gedenken an die Seeleute von La Palma errichtet, die von hier aus mit Segelschiffen aus dem Holz unserer Berge in See stachen. Die Burg von Santa Catalina, eine der wichtigsten spanischen Burgen auf dem Weg nach Amerika.<\/p>\n<p>Die typischen Balkone, die zu den am besten erhaltenen Balkonen oder Balkon\u00fcberh\u00e4ngen der Kanarischen Inseln geh\u00f6ren. .<\/p>\n<p>Die n\u00e4chste Station ist der Mirador de la Concepci\u00f3n. Es befindet sich auf dem h\u00f6chsten Teil des Vulkans Caldereta, der zum Naturraum erkl\u00e4rt wurde, von wo aus man den Krater und die Hauptstadt der sch\u00f6nen Insel sehen kann. Sie fahren weiter zum Zeittunnel und sehen, wie sich die Vegetation auf der Insel ver\u00e4ndert. Dann geht es weiter nach S\u00fcdwesten in das vom Vulkan Cumbre Vieja betroffene Gebiet.<\/p>\n<p>Der n\u00e4chste Halt ist in der Sperrzone des Tacande-Bezirks, wo Sie einen ersten Blick auf den Vulkan werfen k\u00f6nnen. Anschlie\u00dfend fahren Sie nach Tazacorte und sehen die j\u00fcngsten Lavastr\u00f6me Spaniens.<\/p>\n<p>Das Mittagessen wird gegen 13:30 Uhr in einem der typischen Restaurants der Gegend serviert. Nach dem Mittagessen werden Sie vom Hafen von Tazacorte aus das Fajana- oder Lavadelta sehen.<\/p>\n<p>Der letzte Halt ist am Aussichtspunkt Tajuya, wo Sie Zeit haben, den letzten Vulkan der Kanarischen Inseln, der noch keinen Namen hat, in v\u00f6lliger Sicherheit in 2 km Entfernung zu beobachten.<\/p>\n<p><strong>Dauer: 08:00 stubden ca.<\/strong><\/p>\n<\/div>\n<\/div>\n<\/div>\n<\/div>\n<\/div>\n<\/div>\n<\/div>\n<\/div>\n<\/div>\n<\/div>\n<\/div>\n<\/div>\n","protected":false},"featured_media":13572,"comment_status":"open","ping_status":"closed","template":"","meta":[],"product_brand":[],"product_cat":[221],"product_tag":[99,100,222,102],"class_list":{"0":"post-13571","1":"product","2":"type-product","3":"status-publish","4":"has-post-thumbnail","6":"product_cat-zu-anderen-inseln","7":"product_tag-canarias-de","8":"product_tag-islas-canarias-de","9":"product_tag-otras-islas-de","10":"product_tag-tenerife-de","12":"first","13":"instock","14":"virtual","15":"sold-individually","16":"taxable","17":"purchasable","18":"product-type-booking"},"_links":{"self":[{"href":"https:\/\/informacionturisticatenerife.com\/de\/wp-json\/wp\/v2\/product\/13571","targetHints":{"allow":["GET"]}}],"collection":[{"href":"https:\/\/informacionturisticatenerife.com\/de\/wp-json\/wp\/v2\/product"}],"about":[{"href":"https:\/\/informacionturisticatenerife.com\/de\/wp-json\/wp\/v2\/types\/product"}],"replies":[{"embeddable":true,"href":"https:\/\/informacionturisticatenerife.com\/de\/wp-json\/wp\/v2\/comments?post=13571"}],"wp:featuredmedia":[{"embeddable":true,"href":"https:\/\/informacionturisticatenerife.com\/de\/wp-json\/wp\/v2\/media\/13572"}],"wp:attachment":[{"href":"https:\/\/informacionturisticatenerife.com\/de\/wp-json\/wp\/v2\/media?parent=13571"}],"wp:term":[{"taxonomy":"product_brand","embeddable":true,"href":"https:\/\/informacionturisticatenerife.com\/de\/wp-json\/wp\/v2\/product_brand?post=13571"},{"taxonomy":"product_cat","embeddable":true,"href":"https:\/\/informacionturisticatenerife.com\/de\/wp-json\/wp\/v2\/product_cat?post=13571"},{"taxonomy":"product_tag","embeddable":true,"href":"https:\/\/informacionturisticatenerife.com\/de\/wp-json\/wp\/v2\/product_tag?post=13571"}],"curies":[{"name":"wp","href":"https:\/\/api.w.org\/{rel}","templated":true}]}}