{"id":13553,"date":"2019-05-10T21:01:07","date_gmt":"2019-05-10T19:01:07","guid":{"rendered":"http:\/\/informacionturisticatenerife.com\/producto\/excursion-a-la-gomera\/"},"modified":"2026-01-30T09:57:25","modified_gmt":"2026-01-30T09:57:25","slug":"ausflug-nach-la-gomera","status":"publish","type":"product","link":"https:\/\/informacionturisticatenerife.com\/de\/producto\/ausflug-nach-la-gomera\/","title":{"rendered":"Ausflug nach La Gomera"},"content":{"rendered":"<p>Wir verlassen Puerto de los Cristianos auf Teneriffa und nehmen die F\u00e4hre nach San Sebasti\u00e1n de La Gomera, der Hauptstadt der Insel. Dort steigen wir in den Bus, um unsere erste Station zu besuchen: das Hermigua-Tal.<\/p>\n<p>Wir setzen die Tour fort, fahren durch La Palmita und erreichen das Dorf Agulo. Dort haben Sie Zeit, in einem typischen Restaurant zu Mittag zu essen und, wenn es die Verf\u00fcgbarkeit zul\u00e4sst, eine Live-Demonstration von &#8222;silbo gomero&#8220; (Pfeife aus La Gomera) zu sehen.<\/p>\n<p>Nach dem Mittagessen beginnen wir mit dem Aufstieg zum Nationalpark Garajonay, einem Lorbeerwaldparadies und einem Naturschutzgebiet, das von der UNESCO zum Weltkulturerbe erkl\u00e4rt wurde. Dort machen wir einen besonderen Halt an der Laguna Grande, wo Sie die Umgebung erkunden k\u00f6nnen, in der sich angeblich die alten Hexen der Insel trafen.<\/p>\n<p>Auf dem R\u00fcckweg werden wir anhalten, um den imposanten Roque de Agando zu bewundern, eine beeindruckende und steile vulkanische Lavaformation. Schlie\u00dflich kehren wir nach San Sebasti\u00e1n zur\u00fcck, wo Sie die letzten historischen Festungen der Passage von Christoph Kolumbus vor seiner Abreise auf den amerikanischen Kontinent sehen k\u00f6nnen, wie den Torre del Conde oder die Casa de Col\u00f3n.<\/p>\n<p><strong>Dauer: 08:00 stunden ca.<\/strong><\/p>\n<p><iframe loading=\"lazy\" title=\"YouTube video player\" src=\"https:\/\/www.youtube.com\/embed\/BYZS9WWYftg\" width=\"560\" height=\"315\" frameborder=\"0\" allowfullscreen=\"allowfullscreen\"><\/iframe><\/p>\n","protected":false},"excerpt":{"rendered":"<p>Wir verlassen Puerto de los Cristianos auf Teneriffa und nehmen die F\u00e4hre nach San Sebasti\u00e1n de La Gomera, der Hauptstadt der Insel. Dort steigen wir in den Bus, um unsere erste Station zu besuchen: das Hermigua-Tal.<\/p>\n<p>Wir setzen die Tour fort, fahren durch La Palmita und erreichen das Dorf Agulo. Dort haben Sie Zeit, in einem typischen Restaurant zu Mittag zu essen und, wenn es die Verf\u00fcgbarkeit zul\u00e4sst, eine Live-Demonstration von &#8222;silbo gomero&#8220; (Pfeife aus La Gomera) zu sehen.<\/p>\n<p>Nach dem Mittagessen beginnen wir mit dem Aufstieg zum Nationalpark Garajonay, einem Lorbeerwaldparadies und einem Naturschutzgebiet, das von der UNESCO zum Weltkulturerbe erkl\u00e4rt wurde. Dort machen wir einen besonderen Halt an der Laguna Grande, wo Sie die Umgebung erkunden k\u00f6nnen, in der sich angeblich die alten Hexen der Insel trafen.<\/p>\n<p>Auf dem R\u00fcckweg werden wir anhalten, um den imposanten Roque de Agando zu bewundern, eine beeindruckende und steile vulkanische Lavaformation. Schlie\u00dflich kehren wir nach San Sebasti\u00e1n zur\u00fcck, wo Sie die letzten historischen Festungen der Passage von Christoph Kolumbus vor seiner Abreise auf den amerikanischen Kontinent sehen k\u00f6nnen, wie den Torre del Conde oder die Casa de Col\u00f3n.<\/p>\n<p><strong>Dauer: 08:00 stunden ca.<\/strong><\/p>\n<p><iframe loading=\"lazy\" title=\"YouTube video player\" src=\"https:\/\/www.youtube.com\/embed\/BYZS9WWYftg\" width=\"560\" height=\"315\" frameborder=\"0\" allowfullscreen=\"allowfullscreen\"><\/iframe><\/p>\n","protected":false},"featured_media":13555,"comment_status":"open","ping_status":"closed","template":"","meta":[],"product_brand":[],"product_cat":[221],"product_tag":[99,100,222,102],"class_list":{"0":"post-13553","1":"product","2":"type-product","3":"status-publish","4":"has-post-thumbnail","6":"product_cat-zu-anderen-inseln","7":"product_tag-canarias-de","8":"product_tag-islas-canarias-de","9":"product_tag-otras-islas-de","10":"product_tag-tenerife-de","12":"first","13":"instock","14":"virtual","15":"sold-individually","16":"taxable","17":"purchasable","18":"product-type-booking"},"_links":{"self":[{"href":"https:\/\/informacionturisticatenerife.com\/de\/wp-json\/wp\/v2\/product\/13553","targetHints":{"allow":["GET"]}}],"collection":[{"href":"https:\/\/informacionturisticatenerife.com\/de\/wp-json\/wp\/v2\/product"}],"about":[{"href":"https:\/\/informacionturisticatenerife.com\/de\/wp-json\/wp\/v2\/types\/product"}],"replies":[{"embeddable":true,"href":"https:\/\/informacionturisticatenerife.com\/de\/wp-json\/wp\/v2\/comments?post=13553"}],"wp:featuredmedia":[{"embeddable":true,"href":"https:\/\/informacionturisticatenerife.com\/de\/wp-json\/wp\/v2\/media\/13555"}],"wp:attachment":[{"href":"https:\/\/informacionturisticatenerife.com\/de\/wp-json\/wp\/v2\/media?parent=13553"}],"wp:term":[{"taxonomy":"product_brand","embeddable":true,"href":"https:\/\/informacionturisticatenerife.com\/de\/wp-json\/wp\/v2\/product_brand?post=13553"},{"taxonomy":"product_cat","embeddable":true,"href":"https:\/\/informacionturisticatenerife.com\/de\/wp-json\/wp\/v2\/product_cat?post=13553"},{"taxonomy":"product_tag","embeddable":true,"href":"https:\/\/informacionturisticatenerife.com\/de\/wp-json\/wp\/v2\/product_tag?post=13553"}],"curies":[{"name":"wp","href":"https:\/\/api.w.org\/{rel}","templated":true}]}}