{"id":13529,"date":"2019-05-13T17:28:03","date_gmt":"2019-05-13T15:28:03","guid":{"rendered":"http:\/\/informacionturisticatenerife.com\/producto\/senderismo-anaga-caserio-de-chinamada\/"},"modified":"2022-06-06T21:05:15","modified_gmt":"2022-06-06T20:05:15","slug":"wandern-in-anaga-chinamada-village","status":"publish","type":"product","link":"https:\/\/informacionturisticatenerife.com\/de\/producto\/wandern-in-anaga-chinamada-village\/","title":{"rendered":"Wander ausflug auf Anaga: Chinamada"},"content":{"rendered":"<div class=\"prewrap\">\n<p><strong>&#8220; Chinamada, das Teneriffa von fr\u00fcher&#8220;<\/strong>;\u00a0 Wandern, 4 Stunden. Leichte, kleine Anstiege und Abfahrten, meist glatt. 8 Kilometer, Laurisilva-W\u00e4lder, weite Ausblicke auf T\u00e4ler und den Atlantischen Ozean. Idyllischer Ausflug im Anaga-Massiv. Um im Herzen des Massivs zu genie\u00dfen.<\/p>\n<p><strong>Schwierigkeitsgrad: mittel<\/strong><\/p>\n<p><strong>Daue<\/strong>r<strong>: 04:00 stunden ca.<\/strong><\/p>\n<p><iframe loading=\"lazy\" title=\"YouTube video player\" src=\"https:\/\/www.youtube.com\/embed\/KTktwu0oSzI\" width=\"560\" height=\"315\" frameborder=\"0\" allowfullscreen=\"allowfullscreen\"><\/iframe><\/p>\n<\/div>\n","protected":false},"excerpt":{"rendered":"<div class=\"prewrap\">\n<div class=\"prewrap\">\n<div class=\"prewrap\">\n<div class=\"prewrap\">\n<div class=\"prewrap\">\n<div class=\"prewrap\">\n<div class=\"prewrap\">\n<div class=\"prewrap\">\n<div class=\"prewrap\">\n<div class=\"prewrap\">\n<div class=\"prewrap\">\n<div class=\"prewrap\">\n<div class=\"prewrap\">\n<div class=\"prewrap\">\n<p>Wandern, 4 Stunden. Leichte, kleine Anstiege und Abfahrten, meist glatt. 8 Kilometer, Laurisilva-W\u00e4lder, weite Ausblicke auf T\u00e4ler und den Atlantischen Ozean. Idyllischer Ausflug im Anaga-Massiv. Um im Herzen des Massivs zu genie\u00dfen.<\/p>\n<p><strong>Schwierigkeitsgrad: mittel<\/strong><\/p>\n<p><strong>Daue<\/strong>r<strong>: 04:00 stunden ca.<\/strong><\/p>\n<\/div>\n<\/div>\n<\/div>\n<\/div>\n<\/div>\n<\/div>\n<\/div>\n<\/div>\n<\/div>\n<\/div>\n<\/div>\n<\/div>\n<\/div>\n<\/div>\n<p><iframe loading=\"lazy\" title=\"YouTube video player\" src=\"https:\/\/www.youtube.com\/embed\/KTktwu0oSzI\" width=\"560\" height=\"315\" frameborder=\"0\" allowfullscreen=\"allowfullscreen\"><\/iframe><\/p>\n","protected":false},"featured_media":27273,"comment_status":"open","ping_status":"closed","template":"","meta":[],"product_brand":[],"product_cat":[129],"product_tag":[99,100,130,102],"class_list":{"0":"post-13529","1":"product","2":"type-product","3":"status-publish","4":"has-post-thumbnail","6":"product_cat-wandern","7":"product_tag-canarias-de","8":"product_tag-islas-canarias-de","9":"product_tag-senderismo-de","10":"product_tag-tenerife-de","12":"first","13":"instock","14":"virtual","15":"sold-individually","16":"taxable","17":"purchasable","18":"product-type-booking"},"_links":{"self":[{"href":"https:\/\/informacionturisticatenerife.com\/de\/wp-json\/wp\/v2\/product\/13529","targetHints":{"allow":["GET"]}}],"collection":[{"href":"https:\/\/informacionturisticatenerife.com\/de\/wp-json\/wp\/v2\/product"}],"about":[{"href":"https:\/\/informacionturisticatenerife.com\/de\/wp-json\/wp\/v2\/types\/product"}],"replies":[{"embeddable":true,"href":"https:\/\/informacionturisticatenerife.com\/de\/wp-json\/wp\/v2\/comments?post=13529"}],"wp:featuredmedia":[{"embeddable":true,"href":"https:\/\/informacionturisticatenerife.com\/de\/wp-json\/wp\/v2\/media\/27273"}],"wp:attachment":[{"href":"https:\/\/informacionturisticatenerife.com\/de\/wp-json\/wp\/v2\/media?parent=13529"}],"wp:term":[{"taxonomy":"product_brand","embeddable":true,"href":"https:\/\/informacionturisticatenerife.com\/de\/wp-json\/wp\/v2\/product_brand?post=13529"},{"taxonomy":"product_cat","embeddable":true,"href":"https:\/\/informacionturisticatenerife.com\/de\/wp-json\/wp\/v2\/product_cat?post=13529"},{"taxonomy":"product_tag","embeddable":true,"href":"https:\/\/informacionturisticatenerife.com\/de\/wp-json\/wp\/v2\/product_tag?post=13529"}],"curies":[{"name":"wp","href":"https:\/\/api.w.org\/{rel}","templated":true}]}}