{"id":13523,"date":"2019-05-13T17:31:57","date_gmt":"2019-05-13T15:31:57","guid":{"rendered":"http:\/\/informacionturisticatenerife.com\/producto\/senderismo-anaga-el-bosque-encantado\/"},"modified":"2024-05-25T14:50:11","modified_gmt":"2024-05-25T13:50:11","slug":"anaga-trekking-der-zauberwald","status":"publish","type":"product","link":"https:\/\/informacionturisticatenerife.com\/de\/producto\/anaga-trekking-der-zauberwald\/","title":{"rendered":"Anaga wandern: Der Zauberwald"},"content":{"rendered":"<p>Mitten im dichten Lorbeer- und Erikawald des Anagagebirges startet diese Wanderung. Hirtenpfade und alte K\u00f6nigswege bringen Sie in das entlegene Dorf von Chinamada, wo heute noch Menschen in H\u00f6hlen und h\u00f6hlenartigen Wohnungen leben. Erleben Sie botanische Vielfalt, Weitblicke \u00fcber wildromantische Schluchten bis zum Atlantik und erfahren Sie mehr \u00fcber die Geschichte der Ureinwohner Teneriffas, die Guanchen.<\/p>\n<p>Schwierigkeitsgrad: leicht<\/p>\n<p><strong>Dauer: 04:00 stunden ca.<\/strong><\/p>\n<p><iframe loading=\"lazy\" title=\"YouTube video player\" src=\"https:\/\/www.youtube.com\/embed\/V-UTGzjXKdk\" width=\"560\" height=\"315\" frameborder=\"0\" allowfullscreen=\"allowfullscreen\"><\/iframe><\/p>\n<p>&nbsp;<\/p>\n","protected":false},"excerpt":{"rendered":"<div class=\"prewrap\">\n<div class=\"prewrap\">\n<div class=\"prewrap\">\n<div class=\"prewrap\">\n<div class=\"prewrap\">\n<div class=\"prewrap\">\n<div class=\"prewrap\">\n<div class=\"prewrap\">\n<div class=\"prewrap\">\n<div class=\"prewrap\">\n<div class=\"prewrap\">\n<div class=\"prewrap\">\n<div class=\"prewrap\">\n<div class=\"prewrap\">\n<div class=\"prewrap\">\n<p>Mitten im dichten Lorbeer- und Erikawald des Anagagebirges startet diese Wanderung. Hirtenpfade und alte K\u00f6nigswege bringen Sie in das entlegene Dorf von Chinamada, wo heute noch Menschen in H\u00f6hlen und h\u00f6hlenartigen Wohnungen leben. Erleben Sie botanische Vielfalt, Weitblicke \u00fcber wildromantische Schluchten bis zum Atlantik und erfahren Sie mehr \u00fcber die Geschichte der Ureinwohner Teneriffas, die Guanchen.<\/p>\n<p>Schwierigkeitsgrad: leicht<\/p>\n<p><strong>Dauer: 04:00 stunden ca.<\/strong><\/p>\n<\/div>\n<\/div>\n<\/div>\n<\/div>\n<\/div>\n<\/div>\n<\/div>\n<\/div>\n<\/div>\n<\/div>\n<\/div>\n<\/div>\n<\/div>\n<\/div>\n<\/div>\n<p><iframe loading=\"lazy\" title=\"YouTube video player\" src=\"https:\/\/www.youtube.com\/embed\/V-UTGzjXKdk\" width=\"560\" height=\"315\" frameborder=\"0\" allowfullscreen=\"allowfullscreen\"><\/iframe><\/p>\n","protected":false},"featured_media":27244,"comment_status":"open","ping_status":"closed","template":"","meta":[],"product_brand":[],"product_cat":[129],"product_tag":[99,100,130,102],"class_list":{"0":"post-13523","1":"product","2":"type-product","3":"status-publish","4":"has-post-thumbnail","6":"product_cat-wandern","7":"product_tag-canarias-de","8":"product_tag-islas-canarias-de","9":"product_tag-senderismo-de","10":"product_tag-tenerife-de","12":"first","13":"instock","14":"virtual","15":"sold-individually","16":"taxable","17":"purchasable","18":"product-type-booking"},"_links":{"self":[{"href":"https:\/\/informacionturisticatenerife.com\/de\/wp-json\/wp\/v2\/product\/13523","targetHints":{"allow":["GET"]}}],"collection":[{"href":"https:\/\/informacionturisticatenerife.com\/de\/wp-json\/wp\/v2\/product"}],"about":[{"href":"https:\/\/informacionturisticatenerife.com\/de\/wp-json\/wp\/v2\/types\/product"}],"replies":[{"embeddable":true,"href":"https:\/\/informacionturisticatenerife.com\/de\/wp-json\/wp\/v2\/comments?post=13523"}],"wp:featuredmedia":[{"embeddable":true,"href":"https:\/\/informacionturisticatenerife.com\/de\/wp-json\/wp\/v2\/media\/27244"}],"wp:attachment":[{"href":"https:\/\/informacionturisticatenerife.com\/de\/wp-json\/wp\/v2\/media?parent=13523"}],"wp:term":[{"taxonomy":"product_brand","embeddable":true,"href":"https:\/\/informacionturisticatenerife.com\/de\/wp-json\/wp\/v2\/product_brand?post=13523"},{"taxonomy":"product_cat","embeddable":true,"href":"https:\/\/informacionturisticatenerife.com\/de\/wp-json\/wp\/v2\/product_cat?post=13523"},{"taxonomy":"product_tag","embeddable":true,"href":"https:\/\/informacionturisticatenerife.com\/de\/wp-json\/wp\/v2\/product_tag?post=13523"}],"curies":[{"name":"wp","href":"https:\/\/api.w.org\/{rel}","templated":true}]}}