{"id":13495,"date":"2019-05-13T17:50:47","date_gmt":"2019-05-13T15:50:47","guid":{"rendered":"http:\/\/informacionturisticatenerife.com\/producto\/forestal-park-tenerife\/"},"modified":"2022-06-04T17:16:25","modified_gmt":"2022-06-04T16:16:25","slug":"forestal-park-tenerife","status":"publish","type":"product","link":"https:\/\/informacionturisticatenerife.com\/de\/producto\/forestal-park-tenerife\/","title":{"rendered":"Forestal Park Tenerife"},"content":{"rendered":"<p>Erkunden Sie einen jahrhundertealten kanarischen Kiefernwald und erleben Sie ein Abenteuer voller Adrenalin und Spa\u00df im gr\u00f6\u00dften Seilbahn- und H\u00f6henspielpark der Kanarischen Inseln, dem Forestal Park Teneriffa. Mehr als 90 Spiele, die zwischen den Wipfeln der Kiefern h\u00e4ngen, wie H\u00e4ngebr\u00fccken, Netze, Lianen und riesige Seilrutschen, warten auf Sie, um Ihre Unerschrockenheit zu testen.<\/p>\n<p>Verschiedene Schwierigkeitsgrade (leicht, mittel, schwer und extrem), Seilrutschen mit einer L\u00e4nge von bis zu 230 m und ein privilegierter Naturraum vor den Toren des Teide-Nationalparks, in dem Sie Adrenalin aussch\u00fctten und Spa\u00df haben k\u00f6nnen wie ein Kind.<\/p>\n<p>Der Forestal Park Teneriffa verf\u00fcgt \u00fcber ein innovatives Sicherheitssystem, die durchgehende Rettungsleine, mit der Sie in der H\u00f6he immer verbunden sind, vom Beginn bis zum Ende der Aktivit\u00e4t. Dar\u00fcber hinaus gibt Ihnen das Team alle Anweisungen und Ratschl\u00e4ge, um Ihre Expedition durch die Baumkronen der kanarischen Kiefern sicher und unvergesslich zu machen.<\/p>\n<p>&nbsp;<\/p>\n<p><iframe loading=\"lazy\" title=\"YouTube video player\" src=\"https:\/\/www.youtube.com\/embed\/pWpvmFDCt_s\" width=\"560\" height=\"315\" frameborder=\"0\" allowfullscreen=\"allowfullscreen\"><\/iframe><\/p>\n","protected":false},"excerpt":{"rendered":"<div class=\"prewrap\">\n<div class=\"prewrap\">\n<div class=\"prewrap\">\n<div class=\"prewrap\">\n<div class=\"prewrap\">\n<div class=\"prewrap\">\n<div class=\"prewrap\">\n<div class=\"prewrap\">\n<div class=\"prewrap\">\n<div class=\"prewrap\">\n<div class=\"prewrap\">\n<div class=\"prewrap\">\n<div class=\"prewrap\">\n<div class=\"prewrap\">\n<div class=\"prewrap\">\n<div class=\"prewrap\">\n<div class=\"prewrap\">\n<p>Erkunden Sie einen jahrhundertealten kanarischen Kiefernwald und erleben Sie ein Abenteuer voller Adrenalin und Spa\u00df im gr\u00f6\u00dften Seilbahn- und H\u00f6henspielpark der Kanarischen Inseln, dem Forestal Park Teneriffa. Mehr als 90 Spiele, die zwischen den Wipfeln der Kiefern h\u00e4ngen, wie H\u00e4ngebr\u00fccken, Netze, Lianen und riesige Seilrutschen, warten auf Sie, um Ihre Unerschrockenheit zu testen.<\/p>\n<p>Der Forestal Park Teneriffa verf\u00fcgt \u00fcber ein innovatives Sicherheitssystem, die durchgehende Rettungsleine, mit der Sie in der H\u00f6he immer verbunden sind, vom Beginn bis zum Ende der Aktivit\u00e4t. Dar\u00fcber hinaus gibt Ihnen das Team alle Anweisungen und Ratschl\u00e4ge, um Ihre Expedition durch die Baumkronen der kanarischen Kiefern sicher und unvergesslich zu machen.<\/p>\n<\/div>\n<\/div>\n<\/div>\n<\/div>\n<\/div>\n<\/div>\n<\/div>\n<\/div>\n<\/div>\n<\/div>\n<\/div>\n<\/div>\n<\/div>\n<\/div>\n<\/div>\n<\/div>\n<\/div>\n<p><iframe loading=\"lazy\" title=\"YouTube video player\" src=\"https:\/\/www.youtube.com\/embed\/pWpvmFDCt_s\" width=\"560\" height=\"315\" frameborder=\"0\" allowfullscreen=\"allowfullscreen\"><\/iframe><\/p>\n","protected":false},"featured_media":13496,"comment_status":"open","ping_status":"closed","template":"","meta":[],"product_brand":[],"product_cat":[97],"product_tag":[99,100,101,102],"class_list":{"0":"post-13495","1":"product","2":"type-product","3":"status-publish","4":"has-post-thumbnail","6":"product_cat-abenteuer-und-natur","7":"product_tag-canarias-de","8":"product_tag-islas-canarias-de","9":"product_tag-multiaventuras-de","10":"product_tag-tenerife-de","12":"first","13":"instock","14":"virtual","15":"sold-individually","16":"taxable","17":"purchasable","18":"product-type-booking"},"_links":{"self":[{"href":"https:\/\/informacionturisticatenerife.com\/de\/wp-json\/wp\/v2\/product\/13495","targetHints":{"allow":["GET"]}}],"collection":[{"href":"https:\/\/informacionturisticatenerife.com\/de\/wp-json\/wp\/v2\/product"}],"about":[{"href":"https:\/\/informacionturisticatenerife.com\/de\/wp-json\/wp\/v2\/types\/product"}],"replies":[{"embeddable":true,"href":"https:\/\/informacionturisticatenerife.com\/de\/wp-json\/wp\/v2\/comments?post=13495"}],"wp:featuredmedia":[{"embeddable":true,"href":"https:\/\/informacionturisticatenerife.com\/de\/wp-json\/wp\/v2\/media\/13496"}],"wp:attachment":[{"href":"https:\/\/informacionturisticatenerife.com\/de\/wp-json\/wp\/v2\/media?parent=13495"}],"wp:term":[{"taxonomy":"product_brand","embeddable":true,"href":"https:\/\/informacionturisticatenerife.com\/de\/wp-json\/wp\/v2\/product_brand?post=13495"},{"taxonomy":"product_cat","embeddable":true,"href":"https:\/\/informacionturisticatenerife.com\/de\/wp-json\/wp\/v2\/product_cat?post=13495"},{"taxonomy":"product_tag","embeddable":true,"href":"https:\/\/informacionturisticatenerife.com\/de\/wp-json\/wp\/v2\/product_tag?post=13495"}],"curies":[{"name":"wp","href":"https:\/\/api.w.org\/{rel}","templated":true}]}}