{"id":13487,"date":"2019-05-13T17:55:19","date_gmt":"2019-05-13T15:55:19","guid":{"rendered":"http:\/\/informacionturisticatenerife.com\/producto\/submarinismo-en-tenerife\/"},"modified":"2024-05-25T14:50:12","modified_gmt":"2024-05-25T13:50:12","slug":"tauchtaufe","status":"publish","type":"product","link":"https:\/\/informacionturisticatenerife.com\/de\/producto\/tauchtaufe\/","title":{"rendered":"Schnuppertauchen auf Teneriffa"},"content":{"rendered":"<p>Tauchen auf Teneriffa. Beginne dein Unterwasserabenteuer und tauche im Atlantischen Ozean. Jeder der \u00e4lter ist als 8 Jahr kann tauchen. Es gibt wahrscheinlich keinen Menschen weltweit, der sich nicht schon einmal gew\u00fcnsch hat, wie wunderbar es w\u00e4re die Sch\u00f6nheit der Unterwasserwelt mit eigenen Augen zu sehen. Das ist ein Traum vieler Menschen. Warte nicht, teste unser Anf\u00e4ngerprogramm und deine Tr\u00e4ume werden wahr.<br \/>\nDenkst du das du es nicht schaffen kannst? Du wirst sehen, dass es nich so schwer ist. In unserem Tauchtcenter findest du beste Bedingungen, um ein neues Leben als Taucher zu beginnen. Wir begleiten unsere Anf\u00e4nger immer mit einem pers\u00f6nlichen Tauchlehrer, sodass du dich unter Wasser sicher und wohl f\u00fchlst und deine ersten Erfahrungen als Taucher genie\u00dfen kannst. Wir begeben uns vom Strand ins Meer, sodass du gen\u00fcgend Zeit erh\u00e4lst, mit der neuen Ausr\u00fcstung und dem Atmen vertraut zu werden. Zuerst \u00fcben wir das Atmen mit dem Regulator an der Wasseroberfl\u00e4che und du erh\u00e4ltst Zeit dich anzupassen, da wir nicht in Eile sind. Das ist ein gro\u00dfer Vorteil, einen pers\u00f6nlichen Tauchlehrer zu haben. Anschlie\u00dfend beginnen wir abzutauchen, erst 1 Meter, dann tiefer und tiefer, bis wir den Grund auf 6-8m Tiefe erreichen. Hier bist du nun umgeben von Fischen, Seetieren, Seesternen und usw.<br \/>\n<iframe loading=\"lazy\" src=\"https:\/\/www.youtube.com\/embed\/SwBmy_mmNo4\" width=\"560\" height=\"315\" frameborder=\"0\" allowfullscreen=\"allowfullscreen\"><\/iframe><\/p>\n","protected":false},"excerpt":{"rendered":"<p>Tauchen auf Teneriffa. Beginne dein Unterwasserabenteuer und tauche im Atlantischen Ozean. Jeder der \u00e4lter ist als 8 Jahr kann tauchen. Es gibt wahrscheinlich keinen Menschen weltweit, der sich nicht schon einmal gew\u00fcnsch hat, wie wunderbar es w\u00e4re die Sch\u00f6nheit der Unterwasserwelt mit eigenen Augen zu sehen. Das ist ein Traum vieler Menschen. Warte nicht, teste unser Anf\u00e4ngerprogramm und deine Tr\u00e4ume werden wahr.<br \/>\nDenkst du das du es nicht schaffen kannst? Du wirst sehen, dass es nich so schwer ist. In unserem Tauchtcenter findest du beste Bedingungen, um ein neues Leben als Taucher zu beginnen. Wir begleiten unsere Anf\u00e4nger immer mit einem pers\u00f6nlichen Tauchlehrer, sodass du dich unter Wasser sicher und wohl f\u00fchlst und deine ersten Erfahrungen als Taucher genie\u00dfen kannst.<\/p>\n<p><iframe loading=\"lazy\" title=\"YouTube video player\" src=\"https:\/\/www.youtube.com\/embed\/SwBmy_mmNo4\" width=\"560\" height=\"315\" frameborder=\"0\" allowfullscreen=\"allowfullscreen\"><\/iframe><\/p>\n","protected":false},"featured_media":13488,"comment_status":"open","ping_status":"closed","template":"","meta":[],"product_brand":[],"product_cat":[113],"product_tag":[99,100,101,102],"class_list":{"0":"post-13487","1":"product","2":"type-product","3":"status-publish","4":"has-post-thumbnail","6":"product_cat-wassersport","7":"product_tag-canarias-de","8":"product_tag-islas-canarias-de","9":"product_tag-multiaventuras-de","10":"product_tag-tenerife-de","12":"first","13":"instock","14":"virtual","15":"sold-individually","16":"taxable","17":"purchasable","18":"product-type-booking"},"_links":{"self":[{"href":"https:\/\/informacionturisticatenerife.com\/de\/wp-json\/wp\/v2\/product\/13487","targetHints":{"allow":["GET"]}}],"collection":[{"href":"https:\/\/informacionturisticatenerife.com\/de\/wp-json\/wp\/v2\/product"}],"about":[{"href":"https:\/\/informacionturisticatenerife.com\/de\/wp-json\/wp\/v2\/types\/product"}],"replies":[{"embeddable":true,"href":"https:\/\/informacionturisticatenerife.com\/de\/wp-json\/wp\/v2\/comments?post=13487"}],"wp:featuredmedia":[{"embeddable":true,"href":"https:\/\/informacionturisticatenerife.com\/de\/wp-json\/wp\/v2\/media\/13488"}],"wp:attachment":[{"href":"https:\/\/informacionturisticatenerife.com\/de\/wp-json\/wp\/v2\/media?parent=13487"}],"wp:term":[{"taxonomy":"product_brand","embeddable":true,"href":"https:\/\/informacionturisticatenerife.com\/de\/wp-json\/wp\/v2\/product_brand?post=13487"},{"taxonomy":"product_cat","embeddable":true,"href":"https:\/\/informacionturisticatenerife.com\/de\/wp-json\/wp\/v2\/product_cat?post=13487"},{"taxonomy":"product_tag","embeddable":true,"href":"https:\/\/informacionturisticatenerife.com\/de\/wp-json\/wp\/v2\/product_tag?post=13487"}],"curies":[{"name":"wp","href":"https:\/\/api.w.org\/{rel}","templated":true}]}}