{"id":13477,"date":"2019-05-13T18:03:43","date_gmt":"2019-05-13T16:03:43","guid":{"rendered":"http:\/\/informacionturisticatenerife.com\/producto\/excursion-vip-tour-teide\/"},"modified":"2022-06-04T12:04:02","modified_gmt":"2022-06-04T11:04:02","slug":"vip-tour-teide-tour","status":"publish","type":"product","link":"https:\/\/informacionturisticatenerife.com\/de\/producto\/vip-tour-teide-tour\/","title":{"rendered":"VIP Tour auf Teide und Masca"},"content":{"rendered":"<p>Lassen Sie sich von dieser Tour nach Masca und zum Teide Nationalpark verzaubern. Auf Schritt und Tritt werden Sie von den Landschaften, den Wegen, der Natur und dem Komfort Ihres Vans mit Allradantrieb, Klimaanlage und nur sieben anderen Personen an Bord \u00fcberrascht.<\/p>\n<p>Ihr Fahrzeug holt Sie bei Ihrer Unterkunft oder einem nahegelegenen Treffpunkt ab und bringt Sie vom Ausgangspunkt in Puerto de la Cruz zu beeindruckenden Orten wie dem Aussichtspunkt von San Pedro, oder nach Garachico, dem Dorf, das aus der Asche auferstanden ist, nachdem es im 18. Jahrhundert von einem Vulkan vernichtet wurde. Aber das ist nicht alles: bevor Sie ganz ins Innere des Teide Nationalparks vordringen, besuchen Sie Masca, eines der bezauberndsten und charismatischsten \u00d6rtchen der Insel Teneriffa, dank seiner uralten Bauernh\u00e4user.<\/p>\n<p>Danach werden Sie die kanarische Gastronomie anhand von typischen Spezialit\u00e4ten kosten und schlie\u00dflich Kurs auf den Teide Nationalpark nehmen, der zum Weltnaturerbe geh\u00f6rt. Genie\u00dfen Sie die farbenpr\u00e4chtigen Landschaften und die schlafenden Vulkane wie den Pico Viejo, der \u00fcber einen Krater mit 800 m Durchmesser und einer erstaunlichen Farbskala verf\u00fcgt.<\/p>\n<p>Auch werden Sie andere charakteristische Elemente des Teide wie die Roques de Garc\u00eda zu sehen bekommen, bevor Sie sich nach La Orotava begeben, einem Ort mit vielen sch\u00f6nen Kolonialbauten. Dies ist der Endpunkt einer Tour, die Ihnen die wildeste und authentischste Seite des Nordens Teneriffas erschlie\u00dfen wird.<\/p>\n<p><strong>Dauer: 08:00 stunden ca.<\/strong><\/p>\n<p><iframe loading=\"lazy\" title=\"YouTube video player\" src=\"https:\/\/www.youtube.com\/embed\/FuWlbsWu-x0\" width=\"560\" height=\"315\" frameborder=\"0\" allowfullscreen=\"allowfullscreen\"><\/iframe><\/p>\n","protected":false},"excerpt":{"rendered":"<div class=\"prewrap\">\n<div class=\"prewrap\">\n<div class=\"prewrap\">\n<div class=\"prewrap\">\n<div class=\"prewrap\">\n<div class=\"prewrap\">\n<div class=\"prewrap\">\n<div class=\"prewrap\">\n<div class=\"prewrap\">\n<div class=\"prewrap\">\n<div class=\"prewrap\">\n<div class=\"prewrap\">\n<div class=\"prewrap\">\n<div class=\"prewrap\">\n<div class=\"prewrap\">\n<div class=\"prewrap\">\n<div class=\"prewrap\">\n<div class=\"prewrap\">\n<div class=\"prewrap\">\n<div class=\"prewrap\">\n<p>Lassen Sie sich von dieser Tour nach Masca und zum Teide Nationalpark verzaubern. Auf Schritt und Tritt werden Sie von den Landschaften, den Wegen, der Natur und dem Komfort Ihres Vans mit Allradantrieb, Klimaanlage und nur sieben anderen Personen an Bord \u00fcberrascht.<\/p>\n<p>Ihr Fahrzeug holt Sie bei Ihrer Unterkunft oder einem nahegelegenen Treffpunkt ab und bringt Sie vom Ausgangspunkt in Puerto de la Cruz zu beeindruckenden Orten wie dem Aussichtspunkt von San Pedro, oder nach Garachico, dem Dorf, das aus der Asche auferstanden ist, nachdem es im 18. Jahrhundert von einem Vulkan vernichtet wurde. Aber das ist nicht alles: bevor Sie ganz ins Innere des Teide Nationalparks vordringen, besuchen Sie Masca, eines der bezauberndsten und charismatischsten \u00d6rtchen der Insel Teneriffa, dank seiner uralten Bauernh\u00e4user.<\/p>\n<p>&nbsp;<\/p>\n<p><strong>Dauer: 08:00 stunden ca.<\/strong><\/p>\n<\/div>\n<\/div>\n<\/div>\n<\/div>\n<\/div>\n<\/div>\n<\/div>\n<\/div>\n<\/div>\n<\/div>\n<\/div>\n<\/div>\n<\/div>\n<\/div>\n<\/div>\n<\/div>\n<\/div>\n<\/div>\n<\/div>\n<\/div>\n<p><iframe loading=\"lazy\" title=\"YouTube video player\" src=\"https:\/\/www.youtube.com\/embed\/FuWlbsWu-x0\" width=\"560\" height=\"315\" frameborder=\"0\" allowfullscreen=\"allowfullscreen\"><\/iframe><\/p>\n","protected":false},"featured_media":13479,"comment_status":"open","ping_status":"closed","template":"","meta":[],"product_brand":[],"product_cat":[54,135],"product_tag":[55,98,99,25,100,41,101,47,102,24],"class_list":{"0":"post-13477","1":"product","2":"type-product","3":"status-publish","4":"has-post-thumbnail","6":"product_cat-jeep-tours","7":"product_cat-jeep-touren","8":"product_tag-aventura-y-naturaleza","9":"product_tag-aventura-y-naturaleza-de","10":"product_tag-canarias-de","11":"product_tag-canarias","12":"product_tag-islas-canarias-de","13":"product_tag-islas-canarias","14":"product_tag-multiaventuras-de","15":"product_tag-multiaventuras","16":"product_tag-tenerife-de","17":"product_tag-tenerife","19":"first","20":"instock","21":"virtual","22":"sold-individually","23":"taxable","24":"purchasable","25":"product-type-booking"},"_links":{"self":[{"href":"https:\/\/informacionturisticatenerife.com\/de\/wp-json\/wp\/v2\/product\/13477","targetHints":{"allow":["GET"]}}],"collection":[{"href":"https:\/\/informacionturisticatenerife.com\/de\/wp-json\/wp\/v2\/product"}],"about":[{"href":"https:\/\/informacionturisticatenerife.com\/de\/wp-json\/wp\/v2\/types\/product"}],"replies":[{"embeddable":true,"href":"https:\/\/informacionturisticatenerife.com\/de\/wp-json\/wp\/v2\/comments?post=13477"}],"wp:featuredmedia":[{"embeddable":true,"href":"https:\/\/informacionturisticatenerife.com\/de\/wp-json\/wp\/v2\/media\/13479"}],"wp:attachment":[{"href":"https:\/\/informacionturisticatenerife.com\/de\/wp-json\/wp\/v2\/media?parent=13477"}],"wp:term":[{"taxonomy":"product_brand","embeddable":true,"href":"https:\/\/informacionturisticatenerife.com\/de\/wp-json\/wp\/v2\/product_brand?post=13477"},{"taxonomy":"product_cat","embeddable":true,"href":"https:\/\/informacionturisticatenerife.com\/de\/wp-json\/wp\/v2\/product_cat?post=13477"},{"taxonomy":"product_tag","embeddable":true,"href":"https:\/\/informacionturisticatenerife.com\/de\/wp-json\/wp\/v2\/product_tag?post=13477"}],"curies":[{"name":"wp","href":"https:\/\/api.w.org\/{rel}","templated":true}]}}