{"id":13465,"date":"2019-05-13T18:21:43","date_gmt":"2019-05-13T16:21:43","guid":{"rendered":"http:\/\/informacionturisticatenerife.com\/producto\/excursion-jeep-safari-masca\/"},"modified":"2022-06-04T09:57:38","modified_gmt":"2022-06-04T08:57:38","slug":"jeep-safari-masca-tour","status":"publish","type":"product","link":"https:\/\/informacionturisticatenerife.com\/de\/producto\/jeep-safari-masca-tour\/","title":{"rendered":"Jeep Safari nach Masca"},"content":{"rendered":"<p>Unser Ausflug beginnt in Puerto de la Cruz, wo unsere Jeeps abfahren, um die Nordwand der Insel Teneriffa zu entdecken. Wir werden die typischsten D\u00f6rfer besuchen: die sch\u00f6nen Stra\u00dfen von Los Realejos, die l\u00e4ndliche Umgebung von Icod del Alto, die kurvenreichen Stra\u00dfen von La Guancha, die nat\u00fcrliche Umgebung von Icod de los Vinos bis zum wundersch\u00f6nen Caser\u00edo de Masca, ein besonders charakteristischer Ort durch seine Lage und das Alter seiner H\u00e4user. Auch werden Sie Garachico besuchen, einen Ort, der aus seiner Asche auferstanden ist, nachdem er vor \u00fcber 300 Jahren von einem Vulkanausbruch vernichtet wurde, oder Santiago del Teide und die Felsklippen von Los Gigantes. Sie werden in einem Restaurant in El Tanque zu Mittag essen, wo Sie Spezialit\u00e4ten der kanarischen K\u00fcche genie\u00dfen und Kamele sehen k\u00f6nnen. Nach Ende der Tour bringen wir Sie wieder bequem dorthin zur\u00fcck, wo wir Sie abgeholt haben.<\/p>\n<p><strong>Dauer: 07:00 stunden ca.<\/strong><\/p>\n<p><iframe loading=\"lazy\" title=\"YouTube video player\" src=\"https:\/\/www.youtube.com\/embed\/hVry-zgpWWs\" width=\"560\" height=\"315\" frameborder=\"0\" allowfullscreen=\"allowfullscreen\"><\/iframe><\/p>\n","protected":false},"excerpt":{"rendered":"<div class=\"prewrap\">\n<div class=\"prewrap\">\n<div class=\"prewrap\">\n<div class=\"prewrap\">\n<div class=\"prewrap\">\n<div class=\"prewrap\">\n<div class=\"prewrap\">\n<div class=\"prewrap\">\n<div class=\"prewrap\">\n<div class=\"prewrap\">\n<div class=\"prewrap\">\n<div class=\"prewrap\">\n<div class=\"prewrap\">\n<div class=\"prewrap\">\n<div class=\"prewrap\">\n<div class=\"prewrap\">\n<div class=\"prewrap\">\n<div class=\"prewrap\">\n<div class=\"prewrap\">\n<div class=\"prewrap\">\n<div class=\"prewrap\">\n<p>Unser Ausflug beginnt in Puerto de la Cruz, wo unsere Jeeps abfahren, um die Nordwand der Insel Teneriffa zu entdecken. Wir werden die typischsten D\u00f6rfer besuchen: die sch\u00f6nen Stra\u00dfen von Los Realejos, die l\u00e4ndliche Umgebung von Icod del Alto, die kurvenreichen Stra\u00dfen von La Guancha, die nat\u00fcrliche Umgebung von Icod de los Vinos bis zum wundersch\u00f6nen Caser\u00edo de Masca.<\/p>\n<p><strong>Dauer: 07:00 stunden ca.<\/strong><\/p>\n<\/div>\n<p>&nbsp;<\/p>\n<\/div>\n<\/div>\n<\/div>\n<\/div>\n<\/div>\n<\/div>\n<\/div>\n<\/div>\n<\/div>\n<\/div>\n<\/div>\n<\/div>\n<\/div>\n<\/div>\n<\/div>\n<\/div>\n<\/div>\n<\/div>\n<\/div>\n<\/div>\n<p><iframe loading=\"lazy\" title=\"YouTube video player\" src=\"https:\/\/www.youtube.com\/embed\/hVry-zgpWWs\" width=\"560\" height=\"315\" frameborder=\"0\" allowfullscreen=\"allowfullscreen\"><\/iframe><\/p>\n","protected":false},"featured_media":13467,"comment_status":"open","ping_status":"closed","template":"","meta":[],"product_brand":[],"product_cat":[54,135],"product_tag":[55,98,99,25,100,41,101,47,102,24],"class_list":{"0":"post-13465","1":"product","2":"type-product","3":"status-publish","4":"has-post-thumbnail","6":"product_cat-jeep-tours","7":"product_cat-jeep-touren","8":"product_tag-aventura-y-naturaleza","9":"product_tag-aventura-y-naturaleza-de","10":"product_tag-canarias-de","11":"product_tag-canarias","12":"product_tag-islas-canarias-de","13":"product_tag-islas-canarias","14":"product_tag-multiaventuras-de","15":"product_tag-multiaventuras","16":"product_tag-tenerife-de","17":"product_tag-tenerife","19":"first","20":"instock","21":"virtual","22":"sold-individually","23":"taxable","24":"purchasable","25":"product-type-booking"},"_links":{"self":[{"href":"https:\/\/informacionturisticatenerife.com\/de\/wp-json\/wp\/v2\/product\/13465","targetHints":{"allow":["GET"]}}],"collection":[{"href":"https:\/\/informacionturisticatenerife.com\/de\/wp-json\/wp\/v2\/product"}],"about":[{"href":"https:\/\/informacionturisticatenerife.com\/de\/wp-json\/wp\/v2\/types\/product"}],"replies":[{"embeddable":true,"href":"https:\/\/informacionturisticatenerife.com\/de\/wp-json\/wp\/v2\/comments?post=13465"}],"wp:featuredmedia":[{"embeddable":true,"href":"https:\/\/informacionturisticatenerife.com\/de\/wp-json\/wp\/v2\/media\/13467"}],"wp:attachment":[{"href":"https:\/\/informacionturisticatenerife.com\/de\/wp-json\/wp\/v2\/media?parent=13465"}],"wp:term":[{"taxonomy":"product_brand","embeddable":true,"href":"https:\/\/informacionturisticatenerife.com\/de\/wp-json\/wp\/v2\/product_brand?post=13465"},{"taxonomy":"product_cat","embeddable":true,"href":"https:\/\/informacionturisticatenerife.com\/de\/wp-json\/wp\/v2\/product_cat?post=13465"},{"taxonomy":"product_tag","embeddable":true,"href":"https:\/\/informacionturisticatenerife.com\/de\/wp-json\/wp\/v2\/product_tag?post=13465"}],"curies":[{"name":"wp","href":"https:\/\/api.w.org\/{rel}","templated":true}]}}