{"id":13455,"date":"2019-05-13T18:27:44","date_gmt":"2019-05-13T16:27:44","guid":{"rendered":"http:\/\/informacionturisticatenerife.com\/producto\/excursion-jeep-safari-gomera\/"},"modified":"2022-06-04T09:21:47","modified_gmt":"2022-06-04T08:21:47","slug":"jeep-safari-gomera-tour","status":"publish","type":"product","link":"https:\/\/informacionturisticatenerife.com\/de\/producto\/jeep-safari-gomera-tour\/","title":{"rendered":"Jeep Safari nach La Gomera"},"content":{"rendered":"<div class=\"prewrap\">\n<p>Wenn Sie sich unserem 4&#215;4-Caravan anschlie\u00dfen, haben Sie die M\u00f6glichkeit, die Insel La Gomera auf eine andere Art und Weise kennenzulernen. Wir werden vom S\u00fcden Teneriffas mit dem Boot in Richtung San Sebastian de la Gomera abfahren. Die kolumbianische Insel hat viel zu bieten: Sie werden die wundersch\u00f6nen Landschaften entdecken, den einzigartigen Nationalpark Garajonay, die Geschichte einer Welterbesprache: die Pfeife Gomero Sie haben auch Zeit, seine K\u00fcche und typischere D\u00f6rfer zu genie\u00dfen. Unsere Fahrer werden Sie zu jeder Zeit \u00fcber die Orte informieren, die besucht werden, und Ihnen bei jedem Halt vollst\u00e4ndige Informationen geben, um die Insel zu entdecken, die eine Br\u00fccke zur Entdeckung der neuen Welt war.<\/p>\n<p><strong>Dauer: 12:00 stunden ca.<\/strong><\/p>\n<p><iframe loading=\"lazy\" title=\"YouTube video player\" src=\"https:\/\/www.youtube.com\/embed\/hVry-zgpWWs\" width=\"560\" height=\"315\" frameborder=\"0\" allowfullscreen=\"allowfullscreen\"><\/iframe><\/p>\n<\/div>\n","protected":false},"excerpt":{"rendered":"<div class=\"prewrap\">\n<div class=\"prewrap\">\n<div class=\"prewrap\">\n<div class=\"prewrap\">\n<div class=\"prewrap\">\n<div class=\"prewrap\">\n<div class=\"prewrap\">\n<div class=\"prewrap\">\n<div class=\"prewrap\">\n<div class=\"prewrap\">\n<div class=\"prewrap\">\n<div class=\"prewrap\">\n<div class=\"prewrap\">\n<div class=\"prewrap\">\n<div class=\"prewrap\">\n<div class=\"prewrap\">\n<div class=\"prewrap\">\n<div class=\"prewrap\">\n<div class=\"prewrap\">\n<div class=\"prewrap\">\n<div class=\"prewrap\">\n<div class=\"prewrap\">\n<p>Wenn Sie sich unserem 4&#215;4-Caravan anschlie\u00dfen, haben Sie die M\u00f6glichkeit, die Insel La Gomera auf eine andere Art und Weise kennenzulernen. Wir werden vom S\u00fcden Teneriffas mit dem Boot in Richtung San Sebastian de la Gomera abfahren. Die kolumbianische Insel hat viel zu bieten: Sie werden die wundersch\u00f6nen Landschaften entdecken, den einzigartigen Nationalpark Garajonay, die Geschichte einer Welterbesprache.<\/p>\n<p><strong>Dauer: 12:00 stunden ca.<\/strong><\/p>\n<p>&nbsp;<\/p>\n<\/div>\n<\/div>\n<\/div>\n<\/div>\n<\/div>\n<\/div>\n<\/div>\n<\/div>\n<\/div>\n<\/div>\n<\/div>\n<\/div>\n<\/div>\n<\/div>\n<\/div>\n<\/div>\n<\/div>\n<\/div>\n<\/div>\n<\/div>\n<\/div>\n<\/div>\n<p><iframe loading=\"lazy\" title=\"YouTube video player\" src=\"https:\/\/www.youtube.com\/embed\/hVry-zgpWWs\" width=\"560\" height=\"315\" frameborder=\"0\" allowfullscreen=\"allowfullscreen\"><\/iframe><\/p>\n","protected":false},"featured_media":13456,"comment_status":"open","ping_status":"closed","template":"","meta":[],"product_brand":[],"product_cat":[54,135],"product_tag":[55,98,99,25,100,41,101,47,102,24],"class_list":{"0":"post-13455","1":"product","2":"type-product","3":"status-publish","4":"has-post-thumbnail","6":"product_cat-jeep-tours","7":"product_cat-jeep-touren","8":"product_tag-aventura-y-naturaleza","9":"product_tag-aventura-y-naturaleza-de","10":"product_tag-canarias-de","11":"product_tag-canarias","12":"product_tag-islas-canarias-de","13":"product_tag-islas-canarias","14":"product_tag-multiaventuras-de","15":"product_tag-multiaventuras","16":"product_tag-tenerife-de","17":"product_tag-tenerife","19":"first","20":"instock","21":"virtual","22":"sold-individually","23":"taxable","24":"purchasable","25":"product-type-booking"},"_links":{"self":[{"href":"https:\/\/informacionturisticatenerife.com\/de\/wp-json\/wp\/v2\/product\/13455","targetHints":{"allow":["GET"]}}],"collection":[{"href":"https:\/\/informacionturisticatenerife.com\/de\/wp-json\/wp\/v2\/product"}],"about":[{"href":"https:\/\/informacionturisticatenerife.com\/de\/wp-json\/wp\/v2\/types\/product"}],"replies":[{"embeddable":true,"href":"https:\/\/informacionturisticatenerife.com\/de\/wp-json\/wp\/v2\/comments?post=13455"}],"wp:featuredmedia":[{"embeddable":true,"href":"https:\/\/informacionturisticatenerife.com\/de\/wp-json\/wp\/v2\/media\/13456"}],"wp:attachment":[{"href":"https:\/\/informacionturisticatenerife.com\/de\/wp-json\/wp\/v2\/media?parent=13455"}],"wp:term":[{"taxonomy":"product_brand","embeddable":true,"href":"https:\/\/informacionturisticatenerife.com\/de\/wp-json\/wp\/v2\/product_brand?post=13455"},{"taxonomy":"product_cat","embeddable":true,"href":"https:\/\/informacionturisticatenerife.com\/de\/wp-json\/wp\/v2\/product_cat?post=13455"},{"taxonomy":"product_tag","embeddable":true,"href":"https:\/\/informacionturisticatenerife.com\/de\/wp-json\/wp\/v2\/product_tag?post=13455"}],"curies":[{"name":"wp","href":"https:\/\/api.w.org\/{rel}","templated":true}]}}