{"id":13447,"date":"2019-05-13T18:33:17","date_gmt":"2019-05-13T16:33:17","guid":{"rendered":"http:\/\/informacionturisticatenerife.com\/producto\/excursion-parapente-tenerife\/"},"modified":"2025-04-04T00:41:06","modified_gmt":"2025-04-03T23:41:06","slug":"paragliding-tour-teneriffa","status":"publish","type":"product","link":"https:\/\/informacionturisticatenerife.com\/de\/producto\/paragliding-tour-teneriffa\/","title":{"rendered":"Paragliding auf Teneriffa"},"content":{"rendered":"<p>Eine fantastische Erfahrung, in der Sie kein einfacher Passagier sind, der von seinem Piloten begleitet wird, sondern Sie werden mit dem Piloten am Ruder des Gleitschirms teilnehmen, da Sie zu jeder Zeit an seiner Leitung teilnehmen werden. ALLE Leute sind fit f\u00fcr den Flug. Alle Fl\u00fcge werden von einem Piloten mit viel anerkannter Erfahrung geleitet. Sie k\u00f6nnen diese Gelegenheit nutzen, um unvergessliche Fotos zu machen, und wenn Sie es vorziehen, machen wir Fotos von Start und Landung.<\/p>\n<p><strong>Dauer: 01:00 stunden ca.<\/strong><\/p>\n<p>&nbsp;<\/p>\n<p><iframe loading=\"lazy\" src=\"https:\/\/www.youtube.com\/embed\/CYnXiJh8Yps\" width=\"560\" height=\"315\" frameborder=\"0\" allowfullscreen=\"allowfullscreen\"><\/iframe><\/p>\n","protected":false},"excerpt":{"rendered":"<div class=\"prewrap\">\n<div class=\"prewrap\">\n<div class=\"prewrap\">\n<div class=\"prewrap\">\n<div class=\"prewrap\">\n<div class=\"prewrap\">\n<div class=\"prewrap\">\n<div class=\"prewrap\">\n<div class=\"prewrap\">\n<div class=\"prewrap\">\n<div class=\"prewrap\">\n<div class=\"prewrap\">\n<div class=\"prewrap\">\n<div class=\"prewrap\">\n<div class=\"prewrap\">\n<div class=\"prewrap\">\n<div class=\"prewrap\">\n<div class=\"prewrap\">\n<div class=\"prewrap\">\n<div class=\"prewrap\">\n<div class=\"prewrap\">\n<div class=\"prewrap\">\n<div class=\"prewrap\">\n<p>Eine fantastische Erfahrung, in der Sie kein einfacher Passagier sind, der von seinem Piloten begleitet wird, sondern Sie werden mit dem Piloten am Ruder des Gleitschirms teilnehmen, da Sie zu jeder Zeit an seiner Leitung teilnehmen werden. ALLE Leute sind fit f\u00fcr den Flug. Alle Fl\u00fcge werden von einem Piloten mit viel anerkannter Erfahrung geleitet. Sie k\u00f6nnen diese Gelegenheit nutzen, um unvergessliche Fotos zu machen, und wenn Sie es vorziehen, machen wir Fotos von Start und Landung.<\/p>\n<p><strong>Dauer: 01:00 stunden ca.<\/strong><\/p>\n<\/div>\n<\/div>\n<\/div>\n<\/div>\n<\/div>\n<\/div>\n<\/div>\n<\/div>\n<\/div>\n<\/div>\n<\/div>\n<\/div>\n<\/div>\n<\/div>\n<\/div>\n<\/div>\n<\/div>\n<\/div>\n<\/div>\n<\/div>\n<\/div>\n<\/div>\n<\/div>\n<p><iframe loading=\"lazy\" title=\"YouTube video player\" src=\"https:\/\/www.youtube.com\/embed\/CYnXiJh8Yps\" width=\"560\" height=\"315\" frameborder=\"0\" allowfullscreen=\"allowfullscreen\"><\/iframe><\/p>\n","protected":false},"featured_media":26963,"comment_status":"open","ping_status":"closed","template":"","meta":[],"product_brand":[],"product_cat":[97],"product_tag":[99,100,101,102],"class_list":{"0":"post-13447","1":"product","2":"type-product","3":"status-publish","4":"has-post-thumbnail","6":"product_cat-abenteuer-und-natur","7":"product_tag-canarias-de","8":"product_tag-islas-canarias-de","9":"product_tag-multiaventuras-de","10":"product_tag-tenerife-de","12":"first","13":"instock","14":"virtual","15":"sold-individually","16":"taxable","17":"purchasable","18":"product-type-booking"},"_links":{"self":[{"href":"https:\/\/informacionturisticatenerife.com\/de\/wp-json\/wp\/v2\/product\/13447","targetHints":{"allow":["GET"]}}],"collection":[{"href":"https:\/\/informacionturisticatenerife.com\/de\/wp-json\/wp\/v2\/product"}],"about":[{"href":"https:\/\/informacionturisticatenerife.com\/de\/wp-json\/wp\/v2\/types\/product"}],"replies":[{"embeddable":true,"href":"https:\/\/informacionturisticatenerife.com\/de\/wp-json\/wp\/v2\/comments?post=13447"}],"wp:featuredmedia":[{"embeddable":true,"href":"https:\/\/informacionturisticatenerife.com\/de\/wp-json\/wp\/v2\/media\/26963"}],"wp:attachment":[{"href":"https:\/\/informacionturisticatenerife.com\/de\/wp-json\/wp\/v2\/media?parent=13447"}],"wp:term":[{"taxonomy":"product_brand","embeddable":true,"href":"https:\/\/informacionturisticatenerife.com\/de\/wp-json\/wp\/v2\/product_brand?post=13447"},{"taxonomy":"product_cat","embeddable":true,"href":"https:\/\/informacionturisticatenerife.com\/de\/wp-json\/wp\/v2\/product_cat?post=13447"},{"taxonomy":"product_tag","embeddable":true,"href":"https:\/\/informacionturisticatenerife.com\/de\/wp-json\/wp\/v2\/product_tag?post=13447"}],"curies":[{"name":"wp","href":"https:\/\/api.w.org\/{rel}","templated":true}]}}