{"id":13439,"date":"2019-05-13T18:42:12","date_gmt":"2019-05-13T16:42:12","guid":{"rendered":"http:\/\/informacionturisticatenerife.com\/producto\/excursion-kayak-snorkel-tortugas-turtles\/"},"modified":"2024-03-13T11:03:29","modified_gmt":"2024-03-13T11:03:29","slug":"teneriffa-kajaktour-und-schnorchel-mit-schildkroeten","status":"publish","type":"product","link":"https:\/\/informacionturisticatenerife.com\/de\/producto\/teneriffa-kajaktour-und-schnorchel-mit-schildkroeten\/","title":{"rendered":"Teneriffa Kajaktour und Schnorchel-mit Schildkr\u00f6ten"},"content":{"rendered":"<p>Wenn Sie noch nie Kajak gefahren sind, ist das eine Erfahrung, die ich Ihnen w\u00e4rmstens empfehlen kann, vor allem w\u00e4hrend Ihrer Reise nach Teneriffa. Wenn Sie zu den Menschen geh\u00f6ren, die das Abenteuer suchen, wo immer Sie auch hingehen, ist diese Aktivit\u00e4t perfekt f\u00fcr Sie.<\/p>\n<p>Was ist so besonders am Kajakfahren auf Teneriffa? Die unglaubliche Unterwasserwelt, in der Sie Delphine, Schildkr\u00f6ten, Fische, V\u00f6gel und hoffentlich einen Wal in der Ferne sehen k\u00f6nnen.<\/p>\n<p>(Schildkr\u00f6tensichtungen k\u00f6nnen nicht garantiert werden)<\/p>\n<p><strong>Dauer<\/strong>:<strong> ca<\/strong> <strong>02:00 stunden<\/strong><\/p>\n<p><iframe loading=\"lazy\" title=\"YouTube video player\" src=\"https:\/\/www.youtube.com\/embed\/0oXGmigujc4\" width=\"560\" height=\"315\" frameborder=\"0\" allowfullscreen=\"allowfullscreen\"><\/iframe><\/p>\n","protected":false},"excerpt":{"rendered":"<div class=\"prewrap\">\n<div class=\"prewrap\">\n<div class=\"prewrap\">\n<div class=\"prewrap\">\n<div class=\"prewrap\">\n<div class=\"prewrap\">\n<div class=\"prewrap\">\n<div class=\"prewrap\">\n<div class=\"prewrap\">\n<div class=\"prewrap\">\n<div class=\"prewrap\">\n<div class=\"prewrap\">\n<div class=\"prewrap\">\n<div class=\"prewrap\">\n<div class=\"prewrap\">\n<div class=\"prewrap\">\n<div class=\"prewrap\">\n<div class=\"prewrap\">\n<div class=\"prewrap\">\n<div class=\"prewrap\">\n<div class=\"prewrap\">\n<div class=\"prewrap\">\n<div class=\"prewrap\">\n<div class=\"prewrap\">\n<div class=\"prewrap\">\n<p>Wenn Sie noch nie Kajak gefahren sind, ist das eine Erfahrung, die ich Ihnen w\u00e4rmstens empfehlen kann, vor allem w\u00e4hrend Ihrer Reise nach Teneriffa. Wenn Sie zu den Menschen geh\u00f6ren, die das Abenteuer suchen, wo immer Sie auch hingehen, ist diese Aktivit\u00e4t perfekt f\u00fcr Sie.<\/p>\n<p>Was ist so besonders am Kajakfahren auf Teneriffa? Die unglaubliche Unterwasserwelt, in der Sie Delphine, Schildkr\u00f6ten, Fische, V\u00f6gel und hoffentlich einen Wal in der Ferne sehen k\u00f6nnen.<\/p>\n<\/div>\n<p>(Schildkr\u00f6tensichtungen k\u00f6nnen nicht garantiert werden)<\/p>\n<p><strong>Dauer<\/strong>:<strong> ca<\/strong> <strong>02:00 stunden<\/strong><\/p>\n<\/div>\n<\/div>\n<\/div>\n<\/div>\n<\/div>\n<\/div>\n<\/div>\n<\/div>\n<\/div>\n<\/div>\n<\/div>\n<\/div>\n<\/div>\n<\/div>\n<\/div>\n<\/div>\n<\/div>\n<\/div>\n<\/div>\n<\/div>\n<\/div>\n<\/div>\n<\/div>\n<\/div>\n<p><iframe loading=\"lazy\" title=\"YouTube video player\" src=\"https:\/\/www.youtube.com\/embed\/0oXGmigujc4\" width=\"560\" height=\"315\" frameborder=\"0\" allowfullscreen=\"allowfullscreen\"><\/iframe><\/p>\n","protected":false},"featured_media":26891,"comment_status":"open","ping_status":"closed","template":"","meta":[],"product_brand":[],"product_cat":[113],"product_tag":[99,100,101,102,114],"class_list":{"0":"post-13439","1":"product","2":"type-product","3":"status-publish","4":"has-post-thumbnail","6":"product_cat-wassersport","7":"product_tag-canarias-de","8":"product_tag-islas-canarias-de","9":"product_tag-multiaventuras-de","10":"product_tag-tenerife-de","11":"product_tag-water-sports-de","13":"first","14":"instock","15":"virtual","16":"sold-individually","17":"taxable","18":"purchasable","19":"product-type-booking"},"_links":{"self":[{"href":"https:\/\/informacionturisticatenerife.com\/de\/wp-json\/wp\/v2\/product\/13439","targetHints":{"allow":["GET"]}}],"collection":[{"href":"https:\/\/informacionturisticatenerife.com\/de\/wp-json\/wp\/v2\/product"}],"about":[{"href":"https:\/\/informacionturisticatenerife.com\/de\/wp-json\/wp\/v2\/types\/product"}],"replies":[{"embeddable":true,"href":"https:\/\/informacionturisticatenerife.com\/de\/wp-json\/wp\/v2\/comments?post=13439"}],"wp:featuredmedia":[{"embeddable":true,"href":"https:\/\/informacionturisticatenerife.com\/de\/wp-json\/wp\/v2\/media\/26891"}],"wp:attachment":[{"href":"https:\/\/informacionturisticatenerife.com\/de\/wp-json\/wp\/v2\/media?parent=13439"}],"wp:term":[{"taxonomy":"product_brand","embeddable":true,"href":"https:\/\/informacionturisticatenerife.com\/de\/wp-json\/wp\/v2\/product_brand?post=13439"},{"taxonomy":"product_cat","embeddable":true,"href":"https:\/\/informacionturisticatenerife.com\/de\/wp-json\/wp\/v2\/product_cat?post=13439"},{"taxonomy":"product_tag","embeddable":true,"href":"https:\/\/informacionturisticatenerife.com\/de\/wp-json\/wp\/v2\/product_tag?post=13439"}],"curies":[{"name":"wp","href":"https:\/\/api.w.org\/{rel}","templated":true}]}}