{"id":13423,"date":"2019-05-13T18:51:37","date_gmt":"2019-05-13T16:51:37","guid":{"rendered":"http:\/\/informacionturisticatenerife.com\/producto\/excursion-a-caballo-en-tenerife\/"},"modified":"2022-05-25T17:40:07","modified_gmt":"2022-05-25T16:40:07","slug":"reiten-auf-teneriffa","status":"publish","type":"product","link":"https:\/\/informacionturisticatenerife.com\/de\/producto\/reiten-auf-teneriffa\/","title":{"rendered":"Reiten auf Teneriffa"},"content":{"rendered":"<p>Wir bieten gef\u00fchrte Ausritte in den W\u00e4ldern des Orotava-Tals ohne \u00dcberquerung von Stra\u00dfen f\u00fcr alle Reitniveaus an, von einem sanften Ausritt f\u00fcr Anf\u00e4nger bis hin zu Expertenrouten mit schnelleren Schritten.<\/p>\n<p><strong>Dauer: 1 Stunde &#8211; 2 Stunden &#8211; 3 Stunden<\/strong><\/p>\n","protected":false},"excerpt":{"rendered":"<div class=\"prewrap\">\n<div class=\"prewrap\">\n<div class=\"prewrap\">\n<div class=\"prewrap\">\n<div class=\"prewrap\">\n<div class=\"prewrap\">\n<div class=\"prewrap\">\n<div class=\"prewrap\">\n<div class=\"prewrap\">\n<div class=\"prewrap\">\n<div class=\"prewrap\">\n<div class=\"prewrap\">\n<div class=\"prewrap\">\n<div class=\"prewrap\">\n<div class=\"prewrap\">\n<div class=\"prewrap\">\n<div class=\"prewrap\">\n<div class=\"prewrap\">\n<div class=\"prewrap\">\n<div class=\"prewrap\">\n<div class=\"prewrap\">\n<div class=\"prewrap\">\n<div class=\"prewrap\">\n<div class=\"prewrap\">\n<div class=\"prewrap\">\n<div class=\"prewrap\">\n<div class=\"prewrap\">\n<p>Wir bieten gef\u00fchrte Ausritte in den W\u00e4ldern des Orotava-Tals ohne \u00dcberquerung von Stra\u00dfen f\u00fcr alle Reitniveaus an, von einem sanften Ausritt f\u00fcr Anf\u00e4nger bis hin zu Expertenrouten mit schnelleren Schritten.<\/p>\n<p><strong>Dauer: 1 Stunde &#8211; 2 Stunden &#8211; 3 Stunden<\/strong><\/p>\n<\/div>\n<\/div>\n<\/div>\n<\/div>\n<\/div>\n<\/div>\n<\/div>\n<\/div>\n<\/div>\n<\/div>\n<\/div>\n<\/div>\n<\/div>\n<\/div>\n<\/div>\n<\/div>\n<\/div>\n<\/div>\n<\/div>\n<\/div>\n<\/div>\n<\/div>\n<\/div>\n<\/div>\n<\/div>\n<\/div>\n<\/div>\n","protected":false},"featured_media":26879,"comment_status":"open","ping_status":"closed","template":"","meta":[],"product_brand":[],"product_cat":[97],"product_tag":[99,100,101,102],"class_list":{"0":"post-13423","1":"product","2":"type-product","3":"status-publish","4":"has-post-thumbnail","6":"product_cat-abenteuer-und-natur","7":"product_tag-canarias-de","8":"product_tag-islas-canarias-de","9":"product_tag-multiaventuras-de","10":"product_tag-tenerife-de","12":"first","13":"instock","14":"virtual","15":"sold-individually","16":"taxable","17":"purchasable","18":"product-type-booking"},"_links":{"self":[{"href":"https:\/\/informacionturisticatenerife.com\/de\/wp-json\/wp\/v2\/product\/13423","targetHints":{"allow":["GET"]}}],"collection":[{"href":"https:\/\/informacionturisticatenerife.com\/de\/wp-json\/wp\/v2\/product"}],"about":[{"href":"https:\/\/informacionturisticatenerife.com\/de\/wp-json\/wp\/v2\/types\/product"}],"replies":[{"embeddable":true,"href":"https:\/\/informacionturisticatenerife.com\/de\/wp-json\/wp\/v2\/comments?post=13423"}],"wp:featuredmedia":[{"embeddable":true,"href":"https:\/\/informacionturisticatenerife.com\/de\/wp-json\/wp\/v2\/media\/26879"}],"wp:attachment":[{"href":"https:\/\/informacionturisticatenerife.com\/de\/wp-json\/wp\/v2\/media?parent=13423"}],"wp:term":[{"taxonomy":"product_brand","embeddable":true,"href":"https:\/\/informacionturisticatenerife.com\/de\/wp-json\/wp\/v2\/product_brand?post=13423"},{"taxonomy":"product_cat","embeddable":true,"href":"https:\/\/informacionturisticatenerife.com\/de\/wp-json\/wp\/v2\/product_cat?post=13423"},{"taxonomy":"product_tag","embeddable":true,"href":"https:\/\/informacionturisticatenerife.com\/de\/wp-json\/wp\/v2\/product_tag?post=13423"}],"curies":[{"name":"wp","href":"https:\/\/api.w.org\/{rel}","templated":true}]}}