{"id":13399,"date":"2019-05-13T19:08:09","date_gmt":"2019-05-13T17:08:09","guid":{"rendered":"http:\/\/informacionturisticatenerife.com\/producto\/camello-center\/"},"modified":"2024-06-16T19:39:05","modified_gmt":"2024-06-16T18:39:05","slug":"camello-center","status":"publish","type":"product","link":"https:\/\/informacionturisticatenerife.com\/de\/producto\/camello-center\/","title":{"rendered":"Kamelreiten auf Teneriffa &#8211; Camello Center"},"content":{"rendered":"<p>M\u00f6chten Sie einen fantastischen Familientag verbringen? Stoppen Sie Tagungen und genie\u00dfen Sie eine unglaubliche Attraktion: Kamelreiten. Das Camello Center ist ein Park in der Gemeinde Tanque, der alles bietet, was Sie brauchen, um ein echter Beduine zu werden: Kleidung, die Sie vor der Sonne sch\u00fctzt, und ein f\u00fcr die \u00dcberfahrt angepasstes Reittier.<\/p>\n<p><strong>Dauer: 30 Minuten<\/strong><\/p>\n<p>&nbsp;<\/p>\n<p><iframe loading=\"lazy\" title=\"YouTube video player\" src=\"https:\/\/www.youtube.com\/embed\/fYyAdPgdWJE?start=15\" width=\"560\" height=\"315\" frameborder=\"0\" allowfullscreen=\"allowfullscreen\"><\/iframe><\/p>\n","protected":false},"excerpt":{"rendered":"<div class=\"prewrap\">\n<div class=\"prewrap\">\n<div class=\"prewrap\">\n<div class=\"prewrap\">\n<div class=\"prewrap\">\n<div class=\"prewrap\">\n<div class=\"prewrap\">\n<div class=\"prewrap\">\n<div class=\"prewrap\">\n<div class=\"prewrap\">\n<div class=\"prewrap\">\n<div class=\"prewrap\">\n<div class=\"prewrap\">\n<div class=\"prewrap\">\n<div class=\"prewrap\">\n<div class=\"prewrap\">\n<div class=\"prewrap\">\n<div class=\"prewrap\">\n<div class=\"prewrap\">\n<div class=\"prewrap\">\n<div class=\"prewrap\">\n<div class=\"prewrap\">\n<div class=\"prewrap\">\n<div class=\"prewrap\">\n<div class=\"prewrap\">\n<div class=\"prewrap\">\n<div class=\"prewrap\">\n<div class=\"prewrap\">\n<div class=\"prewrap\">\n<div class=\"prewrap\">\n<p>M\u00f6chten Sie einen fantastischen Familientag verbringen? Stoppen Sie Tagungen und genie\u00dfen Sie eine unglaubliche Attraktion: Kamelausfl\u00fcge. Das Camel Center ist ein Park in der Gemeinde Tanque, der alles bietet, was Sie brauchen, um ein echter Beduine zu werden: Kleidung, die Sie vor der Sonne sch\u00fctzt, und ein f\u00fcr die \u00dcberfahrt angepasstes Reittier.<\/p>\n<p><strong>Dauer: 30 Minuten<\/strong><\/p>\n<\/div>\n<\/div>\n<\/div>\n<\/div>\n<\/div>\n<\/div>\n<\/div>\n<\/div>\n<\/div>\n<\/div>\n<\/div>\n<\/div>\n<\/div>\n<\/div>\n<\/div>\n<\/div>\n<\/div>\n<\/div>\n<\/div>\n<\/div>\n<\/div>\n<\/div>\n<\/div>\n<\/div>\n<\/div>\n<\/div>\n<\/div>\n<\/div>\n<\/div>\n<\/div>\n<p><iframe loading=\"lazy\" title=\"YouTube video player\" src=\"https:\/\/www.youtube.com\/embed\/fYyAdPgdWJE?start=15\" width=\"560\" height=\"315\" frameborder=\"0\" allowfullscreen=\"allowfullscreen\"><\/iframe><\/p>\n","protected":false},"featured_media":13400,"comment_status":"open","ping_status":"closed","template":"","meta":[],"product_brand":[],"product_cat":[157],"product_tag":[99,100,158,102],"class_list":{"0":"post-13399","1":"product","2":"type-product","3":"status-publish","4":"has-post-thumbnail","6":"product_cat-themenparks","7":"product_tag-canarias-de","8":"product_tag-islas-canarias-de","9":"product_tag-parques-tematicos-de","10":"product_tag-tenerife-de","12":"first","13":"instock","14":"virtual","15":"sold-individually","16":"taxable","17":"purchasable","18":"product-type-booking"},"_links":{"self":[{"href":"https:\/\/informacionturisticatenerife.com\/de\/wp-json\/wp\/v2\/product\/13399","targetHints":{"allow":["GET"]}}],"collection":[{"href":"https:\/\/informacionturisticatenerife.com\/de\/wp-json\/wp\/v2\/product"}],"about":[{"href":"https:\/\/informacionturisticatenerife.com\/de\/wp-json\/wp\/v2\/types\/product"}],"replies":[{"embeddable":true,"href":"https:\/\/informacionturisticatenerife.com\/de\/wp-json\/wp\/v2\/comments?post=13399"}],"wp:featuredmedia":[{"embeddable":true,"href":"https:\/\/informacionturisticatenerife.com\/de\/wp-json\/wp\/v2\/media\/13400"}],"wp:attachment":[{"href":"https:\/\/informacionturisticatenerife.com\/de\/wp-json\/wp\/v2\/media?parent=13399"}],"wp:term":[{"taxonomy":"product_brand","embeddable":true,"href":"https:\/\/informacionturisticatenerife.com\/de\/wp-json\/wp\/v2\/product_brand?post=13399"},{"taxonomy":"product_cat","embeddable":true,"href":"https:\/\/informacionturisticatenerife.com\/de\/wp-json\/wp\/v2\/product_cat?post=13399"},{"taxonomy":"product_tag","embeddable":true,"href":"https:\/\/informacionturisticatenerife.com\/de\/wp-json\/wp\/v2\/product_tag?post=13399"}],"curies":[{"name":"wp","href":"https:\/\/api.w.org\/{rel}","templated":true}]}}