{"id":13391,"date":"2019-05-13T19:11:28","date_gmt":"2019-05-13T17:11:28","guid":{"rendered":"http:\/\/informacionturisticatenerife.com\/producto\/piramides-de-guimar-medio-dia\/"},"modified":"2022-05-25T12:04:24","modified_gmt":"2022-05-25T11:04:24","slug":"pyramiden-von-gueimar-halber-tag","status":"publish","type":"product","link":"https:\/\/informacionturisticatenerife.com\/de\/producto\/pyramiden-von-gueimar-halber-tag\/","title":{"rendered":"Ethnographischen Park Pir\u00e1mides de G\u00fc\u00edmar"},"content":{"rendered":"<p>Die Pyramiden von G\u00fc\u00edmar im S\u00fcden Teneriffas sind ein Komplex von Pyramidenstrukturen, die sich astronomisch an den Sommer- und Wintersonnenwenden orientieren. Der Park bietet dem Besucher die M\u00f6glichkeit, diese abgestuften Konstruktionen zu betrachten, die eine \u00fcberraschende architektonische \u00c4hnlichkeit mit denen in \u00c4gypten, Mesopotamien, Sardinien, Sizilien, S\u00fcdamerika und anderen Teilen der Welt aufweisen. Bevor Sie den Rundgang durch den Park beginnen, erreichen Sie das Auditorium, in dem eine Projektion die m\u00f6glichen menschlichen Wanderungen in fernen Zeiten und die erstaunlichen \u00dcbereinstimmungen zwischen den Kulturen beider Seiten des Atlantiks wie Mexiko, Peru, Mesopotamien und \u00c4gypten zeigt. Der Dokumentarfilm erz\u00e4hlt auch die Expeditionen des angesehenen norwegischen Anthropologen Thor Heyerdahl, der die Studie in den Pyramiden von G\u00fc\u00edmar gef\u00f6rdert hat. Der Park verf\u00fcgt auch \u00fcber ein Freizeitzentrum mit Cafeteria, Informationspunkt, gro\u00dfen Terrassen mit Meerblick, G\u00e4rten mit einheimischer Flora und ein Themengesch\u00e4ft. Es gibt viele Gr\u00fcnde, in den ethnografischen Park Pir\u00e1mides de G\u00fc\u00edmar zu kommen. Ein Museum in der stattlichen Casa de Chacona vervollst\u00e4ndigt das Angebot dieses Parks mit Nachbildungen von Skulpturen, Keramiken, Fotos, Modellen und anderen wichtigen Zeugnissen, die die Parallelen zwischen den antiken Zivilisationen beider Atlantikk\u00fcsten, dem globalen Standort der Pyramiden, belegen gestaffelt, der Einsatz von Schilfbooten und die Ergebnisse der Ausgrabungskampagnen. Fragen, ob es einen transozeanischen Kontakt zwischen verschiedenen Kulturen gab oder nicht, laden zur pers\u00f6nlichen Reflexion in den F\u00fchrungen durch das Museum und den Rest des Parks ein. Es ist eine aufregende Reise durch alte Zivilisationen, in denen die blo\u00dfe Betrachtung dieses monumentalen Komplexes bereits ein erstklassiges kulturelles Erlebnis ist.<\/p>\n<p>&nbsp;<\/p>\n<p><iframe loading=\"lazy\" title=\"YouTube video player\" src=\"https:\/\/www.youtube.com\/embed\/Fa9V8mXDQlM\" width=\"560\" height=\"315\" frameborder=\"0\" allowfullscreen=\"allowfullscreen\"><\/iframe><\/p>\n","protected":false},"excerpt":{"rendered":"<div class=\"prewrap\">\n<div class=\"prewrap\">\n<div class=\"prewrap\">\n<div class=\"prewrap\">\n<div class=\"prewrap\">\n<div class=\"prewrap\">\n<div class=\"prewrap\">\n<div class=\"prewrap\">\n<div class=\"prewrap\">\n<div class=\"prewrap\">\n<div class=\"prewrap\">\n<div class=\"prewrap\">\n<div class=\"prewrap\">\n<div class=\"prewrap\">\n<div class=\"prewrap\">\n<div class=\"prewrap\">\n<div class=\"prewrap\">\n<div class=\"prewrap\">\n<div class=\"prewrap\">\n<div class=\"prewrap\">\n<div class=\"prewrap\">\n<div class=\"prewrap\">\n<div class=\"prewrap\">\n<div class=\"prewrap\">\n<div class=\"prewrap\">\n<div class=\"prewrap\">\n<div class=\"prewrap\">\n<div class=\"prewrap\">\n<div class=\"prewrap\">\n<div class=\"prewrap\">\n<div class=\"prewrap\">\n<div class=\"prewrap\">\n<p>Die Pyramiden von G\u00fc\u00edmar im S\u00fcden Teneriffas sind ein Komplex von Pyramidenstrukturen, die sich astronomisch an den Sommer- und Wintersonnenwenden orientieren. Der Park bietet dem Besucher die M\u00f6glichkeit, diese abgestuften Konstruktionen zu betrachten, die eine \u00fcberraschende architektonische \u00c4hnlichkeit mit denen in \u00c4gypten, Mesopotamien, Sardinien, Sizilien, S\u00fcdamerika und anderen Teilen der Welt aufweisen.<\/p>\n<\/div>\n<\/div>\n<\/div>\n<\/div>\n<\/div>\n<\/div>\n<\/div>\n<\/div>\n<\/div>\n<\/div>\n<\/div>\n<\/div>\n<\/div>\n<\/div>\n<\/div>\n<\/div>\n<\/div>\n<\/div>\n<\/div>\n<\/div>\n<\/div>\n<\/div>\n<\/div>\n<\/div>\n<\/div>\n<\/div>\n<\/div>\n<\/div>\n<\/div>\n<\/div>\n<\/div>\n<\/div>\n<p><iframe loading=\"lazy\" title=\"YouTube video player\" src=\"https:\/\/www.youtube.com\/embed\/Fa9V8mXDQlM\" width=\"560\" height=\"315\" frameborder=\"0\" allowfullscreen=\"allowfullscreen\"><\/iframe><\/p>\n","protected":false},"featured_media":26838,"comment_status":"open","ping_status":"closed","template":"","meta":[],"product_brand":[],"product_cat":[49,157],"product_tag":[99,25,100,41,158,50,24,102],"class_list":{"0":"post-13391","1":"product","2":"type-product","3":"status-publish","4":"has-post-thumbnail","6":"product_cat-parques-tematicos","7":"product_cat-themenparks","8":"product_tag-canarias-de","9":"product_tag-canarias","10":"product_tag-islas-canarias-de","11":"product_tag-islas-canarias","12":"product_tag-parques-tematicos-de","13":"product_tag-parques-tematicos","14":"product_tag-tenerife","15":"product_tag-tenerife-de","17":"first","18":"instock","19":"virtual","20":"sold-individually","21":"taxable","22":"purchasable","23":"product-type-booking"},"_links":{"self":[{"href":"https:\/\/informacionturisticatenerife.com\/de\/wp-json\/wp\/v2\/product\/13391","targetHints":{"allow":["GET"]}}],"collection":[{"href":"https:\/\/informacionturisticatenerife.com\/de\/wp-json\/wp\/v2\/product"}],"about":[{"href":"https:\/\/informacionturisticatenerife.com\/de\/wp-json\/wp\/v2\/types\/product"}],"replies":[{"embeddable":true,"href":"https:\/\/informacionturisticatenerife.com\/de\/wp-json\/wp\/v2\/comments?post=13391"}],"wp:featuredmedia":[{"embeddable":true,"href":"https:\/\/informacionturisticatenerife.com\/de\/wp-json\/wp\/v2\/media\/26838"}],"wp:attachment":[{"href":"https:\/\/informacionturisticatenerife.com\/de\/wp-json\/wp\/v2\/media?parent=13391"}],"wp:term":[{"taxonomy":"product_brand","embeddable":true,"href":"https:\/\/informacionturisticatenerife.com\/de\/wp-json\/wp\/v2\/product_brand?post=13391"},{"taxonomy":"product_cat","embeddable":true,"href":"https:\/\/informacionturisticatenerife.com\/de\/wp-json\/wp\/v2\/product_cat?post=13391"},{"taxonomy":"product_tag","embeddable":true,"href":"https:\/\/informacionturisticatenerife.com\/de\/wp-json\/wp\/v2\/product_tag?post=13391"}],"curies":[{"name":"wp","href":"https:\/\/api.w.org\/{rel}","templated":true}]}}