{"id":13385,"date":"2019-05-13T19:15:56","date_gmt":"2019-05-13T17:15:56","guid":{"rendered":"http:\/\/informacionturisticatenerife.com\/producto\/teleferico-del-teide\/"},"modified":"2024-05-25T14:50:10","modified_gmt":"2024-05-25T13:50:10","slug":"teide-teleferico","status":"publish","type":"product","link":"https:\/\/informacionturisticatenerife.com\/de\/producto\/teide-teleferico\/","title":{"rendered":"Wanderung zum Gipfel des Teide mit der Seilbahn"},"content":{"rendered":"<p>Der Aufstieg auf den Gipfel des Teide, das Wandern und die Seilbahn sind einmalige Erlebnisse, die Sie sich bei Ihrem Besuch Teneriffas nicht entgehen lassen d\u00fcrfen.<\/p>\n<p>Mit der Unterst\u00fctzung von Teneriffas Teide-Seilbahn und nach einer Wanderung von ca. einer Stunde gelangen Sie zum Krater des Teide und genie\u00dfen, wie niemals zuvor, und wenn die Wetterbedingungen dies erlauben, die Aussicht auf die Berge der umliegenden Inseln vom h\u00f6chsten Punkt Spaniens aus: La Gomera, El Hierro, La Palma und Gran Canaria.<\/p>\n<p>Erleben Sie diese Mischung aus Adrenalin, \u00dcberwindung und Selbstkontrolle, die nur die Besteigung des Gipfels des Teide Liebhabern des Wanderns und der Natur bieten kann und kommen Sie au\u00dferdem in den Genuss der Seilbahn. Der Aufstieg zum Krater des Teide ist ein gro\u00dfes Abenteuer!<\/p>\n<p>Nutzen Sie die Seilbahn, um die 1.999 H\u00f6henmeter zu \u00fcberwinden, die die Tal- von der Bergstation trennen, die auf 3.555 m H\u00f6he liegt und den Ausgangspunkt f\u00fcr die aufregende Wanderung zu Fu\u00df \u00fcber den Wanderweg Nr. 10 des Nationalparks, den Wanderweg Telesforo Bravo, der Sie zum beeindruckenden Krater des Teide f\u00fchrt. Dort werden Sie einen der spektakul\u00e4rsten Ausblicke der Welt erleben k\u00f6nnen.<\/p>\n<p>Vergessen Sie nicht, das die Erlaubnis f\u00fcr den Aufstieg zum Krater des Teide, den Sie wandernd erreichen, bei der Reservierung der Seilbahn bereits enthalten ist.<\/p>\n<p><iframe loading=\"lazy\" title=\"YouTube video player\" src=\"https:\/\/www.youtube.com\/embed\/AYvNkEThPNU\" width=\"560\" height=\"315\" frameborder=\"0\" allowfullscreen=\"allowfullscreen\"><\/iframe><\/p>\n","protected":false},"excerpt":{"rendered":"<div class=\"prewrap\">\n<div class=\"prewrap\">\n<div class=\"prewrap\">\n<div class=\"prewrap\">\n<div class=\"prewrap\">\n<div class=\"prewrap\">\n<div class=\"prewrap\">\n<div class=\"prewrap\">\n<div class=\"prewrap\">\n<div class=\"prewrap\">\n<div class=\"prewrap\">\n<div class=\"prewrap\">\n<div class=\"prewrap\">\n<div class=\"prewrap\">\n<div class=\"prewrap\">\n<div class=\"prewrap\">\n<div class=\"prewrap\">\n<div class=\"prewrap\">\n<div class=\"prewrap\">\n<div class=\"prewrap\">\n<div class=\"prewrap\">\n<div class=\"prewrap\">\n<div class=\"prewrap\">\n<div class=\"prewrap\">\n<div class=\"prewrap\">\n<div class=\"prewrap\">\n<div class=\"prewrap\">\n<div class=\"prewrap\">\n<div class=\"prewrap\">\n<div class=\"prewrap\">\n<div class=\"prewrap\">\n<div class=\"prewrap\">\n<p>Der Aufstieg auf den Gipfel des Teide, das Wandern und die Seilbahn sind einmalige Erlebnisse, die Sie sich bei Ihrem Besuch Teneriffas nicht entgehen lassen d\u00fcrfen.<\/p>\n<p>Mit der Unterst\u00fctzung von Teneriffas Teide-Seilbahn und nach einer Wanderung von ca. einer Stunde gelangen Sie zum Krater des Teide und genie\u00dfen, wie niemals zuvor, und wenn die Wetterbedingungen dies erlauben, die Aussicht auf die Berge der umliegenden Inseln vom h\u00f6chsten Punkt Spaniens aus: La Gomera, El Hierro, La Palma und Gran Canaria.<\/p>\n<p>Vergessen Sie nicht, das die Erlaubnis f\u00fcr den Aufstieg zum Krater des Teide, den Sie wandernd erreichen, bei der Reservierung der Seilbahn bereits enthalten ist.<\/p>\n<\/div>\n<p>&nbsp;<\/p>\n<\/div>\n<\/div>\n<\/div>\n<\/div>\n<\/div>\n<\/div>\n<\/div>\n<\/div>\n<\/div>\n<\/div>\n<\/div>\n<\/div>\n<\/div>\n<\/div>\n<\/div>\n<\/div>\n<\/div>\n<\/div>\n<\/div>\n<\/div>\n<\/div>\n<\/div>\n<\/div>\n<\/div>\n<\/div>\n<\/div>\n<\/div>\n<\/div>\n<\/div>\n<\/div>\n<\/div>\n<p><iframe loading=\"lazy\" title=\"YouTube video player\" src=\"https:\/\/www.youtube.com\/embed\/AYvNkEThPNU\" width=\"560\" height=\"315\" frameborder=\"0\" allowfullscreen=\"allowfullscreen\"><\/iframe><\/p>\n","protected":false},"featured_media":26792,"comment_status":"open","ping_status":"closed","template":"","meta":[],"product_brand":[],"product_cat":[143],"product_tag":[99,100,158,102],"class_list":{"0":"post-13385","1":"product","2":"type-product","3":"status-publish","4":"has-post-thumbnail","6":"product_cat-terrestrisch","7":"product_tag-canarias-de","8":"product_tag-islas-canarias-de","9":"product_tag-parques-tematicos-de","10":"product_tag-tenerife-de","12":"first","13":"instock","14":"virtual","15":"sold-individually","16":"taxable","17":"purchasable","18":"product-type-booking"},"_links":{"self":[{"href":"https:\/\/informacionturisticatenerife.com\/de\/wp-json\/wp\/v2\/product\/13385","targetHints":{"allow":["GET"]}}],"collection":[{"href":"https:\/\/informacionturisticatenerife.com\/de\/wp-json\/wp\/v2\/product"}],"about":[{"href":"https:\/\/informacionturisticatenerife.com\/de\/wp-json\/wp\/v2\/types\/product"}],"replies":[{"embeddable":true,"href":"https:\/\/informacionturisticatenerife.com\/de\/wp-json\/wp\/v2\/comments?post=13385"}],"wp:featuredmedia":[{"embeddable":true,"href":"https:\/\/informacionturisticatenerife.com\/de\/wp-json\/wp\/v2\/media\/26792"}],"wp:attachment":[{"href":"https:\/\/informacionturisticatenerife.com\/de\/wp-json\/wp\/v2\/media?parent=13385"}],"wp:term":[{"taxonomy":"product_brand","embeddable":true,"href":"https:\/\/informacionturisticatenerife.com\/de\/wp-json\/wp\/v2\/product_brand?post=13385"},{"taxonomy":"product_cat","embeddable":true,"href":"https:\/\/informacionturisticatenerife.com\/de\/wp-json\/wp\/v2\/product_cat?post=13385"},{"taxonomy":"product_tag","embeddable":true,"href":"https:\/\/informacionturisticatenerife.com\/de\/wp-json\/wp\/v2\/product_tag?post=13385"}],"curies":[{"name":"wp","href":"https:\/\/api.w.org\/{rel}","templated":true}]}}