{"id":13377,"date":"2019-05-13T19:19:39","date_gmt":"2019-05-13T17:19:39","guid":{"rendered":"http:\/\/informacionturisticatenerife.com\/producto\/jungle-park\/"},"modified":"2022-05-23T21:55:02","modified_gmt":"2022-05-23T20:55:02","slug":"jungle-park","status":"publish","type":"product","link":"https:\/\/informacionturisticatenerife.com\/de\/producto\/jungle-park\/","title":{"rendered":"Jungle Park Tenerife"},"content":{"rendered":"<p>Jungle Park ist ein phantastischer Tier- und Pflanzengarten, der \u00fcber eine Fl\u00e4che von 75.000 qm Wald und mehr als 500 Tiere verf\u00fcgt. Ein unvergessliches Erlebnis: Eine Strecke mit Tunneln, H\u00e4ngebr\u00fccken, Wasserf\u00e4llen, Lagunen und H\u00f6hlen \u00f6ffnet Ihnen die T\u00fcr zu dem unbeschreiblichen \u00e0\u2013kosystem vom S\u00fcden Teneriffas mit seiner fabelhaften Tier- und Pflanzenwelt. Eines der Hauptsehensw\u00fcrdigkeiten ist die Greifvogelshow \\&#8220;\u201c eine der besten weltweit \\&#8220;\u201c, in der man die wahren Hauptfiguren des Parks, dass hei\u00dft, Falken, Geier und Adler in freier Wildnis fliegen sehen kann.<\/p>\n<div class=\"dfd-single-description-wrap\">\n<div class=\"woocommerce-product-details__short-description\">\n<div class=\"prewrap\">\n<div class=\"prewrap\">\n<div class=\"prewrap\">\n<div class=\"prewrap\">\n<div class=\"prewrap\">\n<div class=\"prewrap\">\n<div class=\"prewrap\">\n<div class=\"prewrap\">\n<div class=\"prewrap\">\n<div class=\"prewrap\">\n<div class=\"prewrap\">\n<div class=\"prewrap\">\n<div class=\"prewrap\">\n<div class=\"prewrap\">\n<div class=\"prewrap\">\n<div class=\"prewrap\">\n<div class=\"prewrap\">\n<div class=\"prewrap\">\n<div class=\"prewrap\">\n<div class=\"prewrap\">\n<div class=\"prewrap\">\n<div class=\"prewrap\">\n<div class=\"prewrap\">\n<div class=\"prewrap\">\n<div class=\"prewrap\">\n<div class=\"prewrap\">\n<div class=\"prewrap\">\n<div><\/div>\n<\/div>\n<\/div>\n<\/div>\n<\/div>\n<\/div>\n<\/div>\n<\/div>\n<\/div>\n<\/div>\n<\/div>\n<\/div>\n<\/div>\n<\/div>\n<\/div>\n<\/div>\n<\/div>\n<\/div>\n<\/div>\n<\/div>\n<\/div>\n<\/div>\n<\/div>\n<\/div>\n<\/div>\n<\/div>\n<\/div>\n<\/div>\n<\/div>\n<\/div>\n<p><iframe loading=\"lazy\" title=\"YouTube video player\" src=\"https:\/\/www.youtube.com\/embed\/_tIKAQooa7M\" width=\"560\" height=\"315\" frameborder=\"0\" allowfullscreen=\"allowfullscreen\"><\/iframe><\/p>\n","protected":false},"excerpt":{"rendered":"<div class=\"prewrap\">\n<div class=\"prewrap\">\n<div class=\"prewrap\">\n<div class=\"prewrap\">\n<div class=\"prewrap\">\n<div class=\"prewrap\">\n<div class=\"prewrap\">\n<div class=\"prewrap\">\n<div class=\"prewrap\">\n<div class=\"prewrap\">\n<div class=\"prewrap\">\n<div class=\"prewrap\">\n<div class=\"prewrap\">\n<div class=\"prewrap\">\n<div class=\"prewrap\">\n<div class=\"prewrap\">\n<div class=\"prewrap\">\n<div class=\"prewrap\">\n<div class=\"prewrap\">\n<div class=\"prewrap\">\n<div class=\"prewrap\">\n<div class=\"prewrap\">\n<div class=\"prewrap\">\n<div class=\"prewrap\">\n<div class=\"prewrap\">\n<div class=\"prewrap\">\n<div class=\"prewrap\">\n<div class=\"prewrap\">\n<div class=\"prewrap\">\n<div class=\"prewrap\">\n<div class=\"prewrap\">\n<div class=\"prewrap\">\n<div class=\"prewrap\">\n<p>Jungle Park ist ein phantastischer Tier- und Pflanzengarten, der \u00fcber eine Fl\u00e4che von 75.000 qm Wald und mehr als 500 Tiere verf\u00fcgt. Ein unvergessliches Erlebnis: Eine Strecke mit Tunneln, H\u00e4ngebr\u00fccken, Wasserf\u00e4llen, Lagunen und H\u00f6hlen \u00f6ffnet Ihnen die T\u00fcr zu dem unbeschreiblichen \u00e0\u2013kosystem vom S\u00fcden Teneriffas mit seiner fabelhaften Tier- und Pflanzenwelt. Eines der Hauptsehensw\u00fcrdigkeiten ist die Greifvogelshow \\&#8220;\u201c eine der besten weltweit \\&#8220;\u201c, in der man die wahren Hauptfiguren des Parks, dass hei\u00dft, Falken, Geier und Adler in freier Wildnis fliegen sehen kann.<\/p>\n<\/div>\n<p>&nbsp;<\/p>\n<\/div>\n<\/div>\n<\/div>\n<\/div>\n<\/div>\n<\/div>\n<\/div>\n<\/div>\n<\/div>\n<\/div>\n<\/div>\n<\/div>\n<\/div>\n<\/div>\n<\/div>\n<\/div>\n<\/div>\n<\/div>\n<\/div>\n<\/div>\n<\/div>\n<\/div>\n<\/div>\n<\/div>\n<\/div>\n<\/div>\n<\/div>\n<\/div>\n<\/div>\n<\/div>\n<\/div>\n<\/div>\n<p><iframe loading=\"lazy\" title=\"YouTube video player\" src=\"https:\/\/www.youtube.com\/embed\/_tIKAQooa7M\" width=\"560\" height=\"315\" frameborder=\"0\" allowfullscreen=\"allowfullscreen\"><\/iframe><\/p>\n","protected":false},"featured_media":26563,"comment_status":"open","ping_status":"closed","template":"","meta":[],"product_brand":[],"product_cat":[49,157],"product_tag":[99,25,41,100,50,158,24,102],"class_list":{"0":"post-13377","1":"product","2":"type-product","3":"status-publish","4":"has-post-thumbnail","6":"product_cat-parques-tematicos","7":"product_cat-themenparks","8":"product_tag-canarias-de","9":"product_tag-canarias","10":"product_tag-islas-canarias","11":"product_tag-islas-canarias-de","12":"product_tag-parques-tematicos","13":"product_tag-parques-tematicos-de","14":"product_tag-tenerife","15":"product_tag-tenerife-de","17":"first","18":"instock","19":"virtual","20":"sold-individually","21":"taxable","22":"purchasable","23":"product-type-booking"},"_links":{"self":[{"href":"https:\/\/informacionturisticatenerife.com\/de\/wp-json\/wp\/v2\/product\/13377","targetHints":{"allow":["GET"]}}],"collection":[{"href":"https:\/\/informacionturisticatenerife.com\/de\/wp-json\/wp\/v2\/product"}],"about":[{"href":"https:\/\/informacionturisticatenerife.com\/de\/wp-json\/wp\/v2\/types\/product"}],"replies":[{"embeddable":true,"href":"https:\/\/informacionturisticatenerife.com\/de\/wp-json\/wp\/v2\/comments?post=13377"}],"wp:featuredmedia":[{"embeddable":true,"href":"https:\/\/informacionturisticatenerife.com\/de\/wp-json\/wp\/v2\/media\/26563"}],"wp:attachment":[{"href":"https:\/\/informacionturisticatenerife.com\/de\/wp-json\/wp\/v2\/media?parent=13377"}],"wp:term":[{"taxonomy":"product_brand","embeddable":true,"href":"https:\/\/informacionturisticatenerife.com\/de\/wp-json\/wp\/v2\/product_brand?post=13377"},{"taxonomy":"product_cat","embeddable":true,"href":"https:\/\/informacionturisticatenerife.com\/de\/wp-json\/wp\/v2\/product_cat?post=13377"},{"taxonomy":"product_tag","embeddable":true,"href":"https:\/\/informacionturisticatenerife.com\/de\/wp-json\/wp\/v2\/product_tag?post=13377"}],"curies":[{"name":"wp","href":"https:\/\/api.w.org\/{rel}","templated":true}]}}