{"id":13336,"date":"2020-09-09T19:49:44","date_gmt":"2019-05-10T18:11:44","guid":{"rendered":"http:\/\/informacionturisticatenerife.com\/producto\/catamaran-royal-dolphin\/"},"modified":"2025-08-12T11:28:53","modified_gmt":"2025-08-12T10:28:53","slug":"koeniglicher-delphin-katamaran","status":"publish","type":"product","link":"https:\/\/informacionturisticatenerife.com\/de\/producto\/koeniglicher-delphin-katamaran\/","title":{"rendered":"Royal Delfin, der Katamaran auf Teneriffa f\u00fcr Beobachtung von Walen und Delfinen"},"content":{"rendered":"<p>Ein wunderbarer Ausflug, bei dem Sie den engsten Kontakt mit Delfinen und Walen auf Teneriffa sp\u00fcren k\u00f6nnen. Der Royal Dophin ist ein moderner Katamaran mit einer Kapazit\u00e4t von 222 Passagieren. Er bietet Komfort, Platz und Qualit\u00e4t f\u00fcr Kunden, die bequem auf ihren Decks sitzen und ein luxuri\u00f6ses Interieur mit eleganter Bar oder im Freien, im Freien und im Freien genie\u00dfen k\u00f6nnen Der Mehrwert der auf Teneriffa einzigartigen Unterwassersicht, bei der Sie sich wie ein Seefahrer auf einer Kreuzfahrt f\u00fchlen, auf der wir die gr\u00f6\u00dfte Vielfalt an Walen und Delfinen in ganz Europa sehen k\u00f6nnen.<\/p>\n<p><strong>Dauer<\/strong>: <strong>04:30 Ca.<\/strong><br \/>\n<iframe loading=\"lazy\" title=\"YouTube video player\" src=\"https:\/\/www.youtube.com\/embed\/4Q4DJN6qSuo\" width=\"560\" height=\"315\" frameborder=\"0\" allowfullscreen=\"allowfullscreen\"><\/iframe><\/p>\n","protected":false},"excerpt":{"rendered":"<div class=\"prewrap\">\n<div class=\"prewrap\">\n<div class=\"prewrap\">\n<div class=\"prewrap\">\n<div class=\"prewrap\">\n<div class=\"prewrap\">\n<div class=\"prewrap\">\n<p>Royal\u00a0<em>Delfin<\/em>, der einzige\u00a0<em>Katamaran<\/em>\u00a0auf Teneriffa, der die Beobachtung von Walen und Delfinen unter dem Meer durch unsere EXKLUSIVE UNTERWASSERVISION.<\/p>\n<p><strong>Dauer<\/strong>: <strong>04:30 Ca.<\/strong><\/p>\n<\/div>\n<\/div>\n<\/div>\n<\/div>\n<\/div>\n<\/div>\n<\/div>\n<p><iframe loading=\"lazy\" title=\"YouTube video player\" src=\"https:\/\/www.youtube.com\/embed\/4Q4DJN6qSuo\" width=\"560\" height=\"315\" frameborder=\"0\" allowfullscreen=\"allowfullscreen\"><\/iframe><\/p>\n","protected":false},"featured_media":13338,"comment_status":"open","ping_status":"closed","template":"","meta":[],"product_brand":[],"product_cat":[213],"product_tag":[99,214,100,102],"class_list":{"0":"post-13336","1":"product","2":"type-product","3":"status-publish","4":"has-post-thumbnail","6":"product_cat-maritime-de","7":"product_tag-canarias-de","8":"product_tag-excursiones-maritimas-de","9":"product_tag-islas-canarias-de","10":"product_tag-tenerife-de","12":"first","13":"instock","14":"virtual","15":"sold-individually","16":"taxable","17":"purchasable","18":"product-type-booking"},"_links":{"self":[{"href":"https:\/\/informacionturisticatenerife.com\/de\/wp-json\/wp\/v2\/product\/13336","targetHints":{"allow":["GET"]}}],"collection":[{"href":"https:\/\/informacionturisticatenerife.com\/de\/wp-json\/wp\/v2\/product"}],"about":[{"href":"https:\/\/informacionturisticatenerife.com\/de\/wp-json\/wp\/v2\/types\/product"}],"replies":[{"embeddable":true,"href":"https:\/\/informacionturisticatenerife.com\/de\/wp-json\/wp\/v2\/comments?post=13336"}],"wp:featuredmedia":[{"embeddable":true,"href":"https:\/\/informacionturisticatenerife.com\/de\/wp-json\/wp\/v2\/media\/13338"}],"wp:attachment":[{"href":"https:\/\/informacionturisticatenerife.com\/de\/wp-json\/wp\/v2\/media?parent=13336"}],"wp:term":[{"taxonomy":"product_brand","embeddable":true,"href":"https:\/\/informacionturisticatenerife.com\/de\/wp-json\/wp\/v2\/product_brand?post=13336"},{"taxonomy":"product_cat","embeddable":true,"href":"https:\/\/informacionturisticatenerife.com\/de\/wp-json\/wp\/v2\/product_cat?post=13336"},{"taxonomy":"product_tag","embeddable":true,"href":"https:\/\/informacionturisticatenerife.com\/de\/wp-json\/wp\/v2\/product_tag?post=13336"}],"curies":[{"name":"wp","href":"https:\/\/api.w.org\/{rel}","templated":true}]}}