{"id":13326,"date":"2019-05-10T20:10:37","date_gmt":"2019-05-10T18:10:37","guid":{"rendered":"http:\/\/informacionturisticatenerife.com\/producto\/velero-shogun\/"},"modified":"2024-06-16T19:27:26","modified_gmt":"2024-06-16T18:27:26","slug":"shogun-segelboot","status":"publish","type":"product","link":"https:\/\/informacionturisticatenerife.com\/de\/producto\/shogun-segelboot\/","title":{"rendered":"Ausflug auf dem Segelboot Shogun"},"content":{"rendered":"<p>Erleben Sie den Unterschied an Bord eines authentischen orientalischen Segelboots, das vollst\u00e4ndig aus Teakholz gefertigt und f\u00fcr den privaten Gebrauch eines arabischen Scheichs bestimmt ist. Der SHOGUN ist luxuri\u00f6s, ger\u00e4umig und komfortabel und bietet Platz f\u00fcr 145 Passagiere. So k\u00f6nnen Sie den engen Kontakt zur Natur genie\u00dfen. Es verf\u00fcgt \u00fcber eine Terrasse mit Sonnen- und Schattenbereich sowie eine Lounge-Cafeteria, eine offene Bar und 3 Serviceleistungen.<\/p>\n<p>Shogun hat 2 Decks, 3 Toiletten (eine Toilette ist behindertengerecht), eine offene Bar, ein gro\u00dfer Haupttisch f\u00fcr das Mittagessen.W\u00e4hrend des 5-st\u00fcndigen Ausflugs sehen Sie\u00a0Pilotwale und international bekannte Flaschennasendelphine. Die Shogun h\u00e4lt alle Richtlinien zum Schutz der Tiere ein und ist mit einer gelben Flagge mit blauem Abzeichen ausgestattet, welche garantiert, dass bei der Walfisch- und Delphinbeobachtung das maximale Wohl der Tiere ber\u00fccksichtigt wird.Aufgrund ihrer geografischen Lage, unter dem Einfluss der Passatwinde, sowie der Teidespitze als Wetterscheide, haben die Kanarischen Inseln und haupts\u00e4chlich der\u00a0S\u00fcden von Teneriffa\u00a0eine Wassertemperatur zwischen 17 und 24 Grand w\u00e4hrend des ganzen Jahres. Daher sind viele Arten von Meeress\u00e4ugetieren, wie z. B.\u00a0Pilotwale, Flaschennasendelphine, sowie andere Wanderfische wie z. B. Finnwale, Spermwale, Delphine\u2026\u00a0st\u00e4ndig anwesend.Nach der beeindruckenden Beobachtung dieser wunderbaren Tiere werfen wir den Anker in der Bucht von Masca und den beeindruckenden\u00a0Klippen von Los Gigantes\u00a0und genie\u00dfen dort ein Bad im Ozean und ein herrliches Mittagessen.<\/p>\n<p><iframe loading=\"lazy\" title=\"YouTube video player\" src=\"https:\/\/www.youtube.com\/embed\/by48--bu0dA\" width=\"560\" height=\"315\" frameborder=\"0\" allowfullscreen=\"allowfullscreen\"><\/iframe><\/p>\n<p>&nbsp;<\/p>\n","protected":false},"excerpt":{"rendered":"<p>Shogun hat 2 Decks, 3 Toiletten (eine Toilette ist behindertengerecht), eine offene Bar, ein gro\u00dfer Haupttisch f\u00fcr das Mittagessen.W\u00e4hrend des 5-st\u00fcndigen Ausflugs sehen Sie\u00a0Pilotwale und international bekannte Flaschennasendelphine. Die Shogun h\u00e4lt alle Richtlinien zum Schutz der Tiere ein und ist mit einer gelben Flagge mit blauem Abzeichen ausgestattet, welche garantiert, dass bei der Walfisch- und Delphinbeobachtung das maximale Wohl der Tiere ber\u00fccksichtigt wird.Aufgrund ihrer geografischen Lage, unter dem Einfluss der Passatwinde, sowie der Teidespitze als Wetterscheide, haben die Kanarischen Inseln und haupts\u00e4chlich der\u00a0S\u00fcden von Teneriffa\u00a0eine Wassertemperatur zwischen 17 und 24 Grand w\u00e4hrend des ganzen Jahres. Daher sind viele Arten von Meeress\u00e4ugetieren, wie z. B.\u00a0Pilotwale, Flaschennasendelphine, sowie andere Wanderfische wie z. B. Finnwale, Spermwale, Delphine\u2026\u00a0st\u00e4ndig anwesend.Nach der beeindruckenden Beobachtung dieser wunderbaren Tiere werfen wir den Anker in der Bucht von Masca und den beeindruckenden\u00a0Klippen von Los Gigantes\u00a0und genie\u00dfen dort ein Bad im Ozean und ein herrliches Mittagessen.<\/p>\n<p><iframe loading=\"lazy\" title=\"YouTube video player\" src=\"https:\/\/www.youtube.com\/embed\/by48--bu0dA\" width=\"560\" height=\"315\" frameborder=\"0\" allowfullscreen=\"allowfullscreen\"><\/iframe><\/p>\n","protected":false},"featured_media":13327,"comment_status":"open","ping_status":"closed","template":"","meta":[],"product_brand":[],"product_cat":[213],"product_tag":[99,214,100,102],"class_list":{"0":"post-13326","1":"product","2":"type-product","3":"status-publish","4":"has-post-thumbnail","6":"product_cat-maritime-de","7":"product_tag-canarias-de","8":"product_tag-excursiones-maritimas-de","9":"product_tag-islas-canarias-de","10":"product_tag-tenerife-de","12":"first","13":"instock","14":"virtual","15":"sold-individually","16":"taxable","17":"purchasable","18":"product-type-booking"},"_links":{"self":[{"href":"https:\/\/informacionturisticatenerife.com\/de\/wp-json\/wp\/v2\/product\/13326","targetHints":{"allow":["GET"]}}],"collection":[{"href":"https:\/\/informacionturisticatenerife.com\/de\/wp-json\/wp\/v2\/product"}],"about":[{"href":"https:\/\/informacionturisticatenerife.com\/de\/wp-json\/wp\/v2\/types\/product"}],"replies":[{"embeddable":true,"href":"https:\/\/informacionturisticatenerife.com\/de\/wp-json\/wp\/v2\/comments?post=13326"}],"wp:featuredmedia":[{"embeddable":true,"href":"https:\/\/informacionturisticatenerife.com\/de\/wp-json\/wp\/v2\/media\/13327"}],"wp:attachment":[{"href":"https:\/\/informacionturisticatenerife.com\/de\/wp-json\/wp\/v2\/media?parent=13326"}],"wp:term":[{"taxonomy":"product_brand","embeddable":true,"href":"https:\/\/informacionturisticatenerife.com\/de\/wp-json\/wp\/v2\/product_brand?post=13326"},{"taxonomy":"product_cat","embeddable":true,"href":"https:\/\/informacionturisticatenerife.com\/de\/wp-json\/wp\/v2\/product_cat?post=13326"},{"taxonomy":"product_tag","embeddable":true,"href":"https:\/\/informacionturisticatenerife.com\/de\/wp-json\/wp\/v2\/product_tag?post=13326"}],"curies":[{"name":"wp","href":"https:\/\/api.w.org\/{rel}","templated":true}]}}