{"id":13318,"date":"2019-05-10T20:04:32","date_gmt":"2019-05-10T18:04:32","guid":{"rendered":"http:\/\/informacionturisticatenerife.com\/producto\/excursion-de-pesca-en-tenerife\/"},"modified":"2022-06-20T19:57:56","modified_gmt":"2022-06-20T18:57:56","slug":"ayla-sailing-boat","status":"publish","type":"product","link":"https:\/\/informacionturisticatenerife.com\/de\/producto\/ayla-sailing-boat\/","title":{"rendered":"Vip Segelboot Tour auf Teneriffa"},"content":{"rendered":"<p>Wir suchen maximalen Komfort f\u00fcr unsere Kunden, daher ist das Maximum unserer Ausfl\u00fcge f\u00fcr 8 Personen, die jederzeit von einem Skipper und einem Segler auf unserem Segelboot BAVARIA 46 CRUISER begleitet werden. Wir haben die AENOR ISO 9001-Zertifizierung, in der wir uns verpflichtet haben, unseren Kunden einen qualitativ hochwertigen Service zu bieten.<\/p>\n<p>Lernen Sie aus unseren H\u00e4nden die unvergleichliche Kulisse der Klippen von Los Gigantes kennen, einem Gebiet von besonderem geologischem Interesse, das unseren ersten Bewohnern unserer Insel als DIE MAUER DER H\u00d6LLE bekannt ist, deren vertikale W\u00e4nde sich 300 bis 700 Meter \u00fcber dem Meer erheben .<\/p>\n<p>Wir fahren zur Insel La Gomera auf der Suche nach den verschiedenen Tierarten, die diese Gegend bewohnen, Wale, V\u00f6gel, Schildkr\u00f6ten und Sie werden die beeindruckende Aussicht auf die Klippen vom Meer aus genie\u00dfen, die Sie von der K\u00fcste aus von Punta aus bewundern k\u00f6nnen de Teno, um den Teide zu sehen, werden wir Ihnen w\u00e4hrend der Reise einen Teil der Geschichte unserer Insel erz\u00e4hlen und Ihnen Informationen \u00fcber jede Art geben, die wir sehen.<\/p>\n<p><iframe loading=\"lazy\" src=\"https:\/\/www.youtube.com\/embed\/cI2jvJe1d14\" width=\"560\" height=\"315\" frameborder=\"0\" allowfullscreen=\"allowfullscreen\" data-mce-fragment=\"1\"><\/iframe><\/p>\n","protected":false},"excerpt":{"rendered":"<p>Wir suchen maximalen Komfort f\u00fcr unsere Kunden, daher ist das Maximum unserer Ausfl\u00fcge f\u00fcr 8 Personen, die jederzeit von einem Skipper und einem Segler auf unserem Segelboot BAVARIA 46 CRUISER begleitet werden. Wir haben die AENOR ISO 9001-Zertifizierung, in der wir uns verpflichtet haben, unseren Kunden einen qualitativ hochwertigen Service zu bieten.<\/p>\n<p>Lernen Sie aus unseren H\u00e4nden die unvergleichliche Kulisse der Klippen von Los Gigantes kennen, einem Gebiet von besonderem geologischem Interesse, das unseren ersten Bewohnern unserer Insel als DIE MAUER DER H\u00d6LLE bekannt ist, deren vertikale W\u00e4nde sich 300 bis 700 Meter \u00fcber dem Meer erheben .<\/p>\n<p>Wir fahren zur Insel La Gomera auf der Suche nach den verschiedenen Tierarten, die diese Gegend bewohnen, Wale, V\u00f6gel, Schildkr\u00f6ten und Sie werden die beeindruckende Aussicht auf die Klippen vom Meer aus genie\u00dfen, die Sie von der K\u00fcste aus von Punta aus bewundern k\u00f6nnen de Teno, um den Teide zu sehen, werden wir Ihnen w\u00e4hrend der Reise einen Teil der Geschichte unserer Insel erz\u00e4hlen und Ihnen Informationen \u00fcber jede Art geben, die wir sehen.<\/p>\n<p><iframe loading=\"lazy\" src=\"https:\/\/www.youtube.com\/embed\/cI2jvJe1d14\" width=\"560\" height=\"315\" frameborder=\"0\" allowfullscreen=\"allowfullscreen\" data-mce-fragment=\"1\"><\/iframe><\/p>\n","protected":false},"featured_media":17659,"comment_status":"open","ping_status":"closed","template":"","meta":[],"product_brand":[],"product_cat":[213],"product_tag":[99,214,100,102],"class_list":{"0":"post-13318","1":"product","2":"type-product","3":"status-publish","4":"has-post-thumbnail","6":"product_cat-maritime-de","7":"product_tag-canarias-de","8":"product_tag-excursiones-maritimas-de","9":"product_tag-islas-canarias-de","10":"product_tag-tenerife-de","12":"first","13":"instock","14":"virtual","15":"sold-individually","16":"taxable","17":"purchasable","18":"product-type-booking"},"_links":{"self":[{"href":"https:\/\/informacionturisticatenerife.com\/de\/wp-json\/wp\/v2\/product\/13318","targetHints":{"allow":["GET"]}}],"collection":[{"href":"https:\/\/informacionturisticatenerife.com\/de\/wp-json\/wp\/v2\/product"}],"about":[{"href":"https:\/\/informacionturisticatenerife.com\/de\/wp-json\/wp\/v2\/types\/product"}],"replies":[{"embeddable":true,"href":"https:\/\/informacionturisticatenerife.com\/de\/wp-json\/wp\/v2\/comments?post=13318"}],"wp:featuredmedia":[{"embeddable":true,"href":"https:\/\/informacionturisticatenerife.com\/de\/wp-json\/wp\/v2\/media\/17659"}],"wp:attachment":[{"href":"https:\/\/informacionturisticatenerife.com\/de\/wp-json\/wp\/v2\/media?parent=13318"}],"wp:term":[{"taxonomy":"product_brand","embeddable":true,"href":"https:\/\/informacionturisticatenerife.com\/de\/wp-json\/wp\/v2\/product_brand?post=13318"},{"taxonomy":"product_cat","embeddable":true,"href":"https:\/\/informacionturisticatenerife.com\/de\/wp-json\/wp\/v2\/product_cat?post=13318"},{"taxonomy":"product_tag","embeddable":true,"href":"https:\/\/informacionturisticatenerife.com\/de\/wp-json\/wp\/v2\/product_tag?post=13318"}],"curies":[{"name":"wp","href":"https:\/\/api.w.org\/{rel}","templated":true}]}}