{"id":13310,"date":"2019-05-10T19:57:43","date_gmt":"2019-05-10T17:57:43","guid":{"rendered":"http:\/\/informacionturisticatenerife.com\/producto\/submarine-safaris\/"},"modified":"2020-02-04T18:00:00","modified_gmt":"2020-02-04T18:00:00","slug":"u-boot-safaris","status":"publish","type":"product","link":"https:\/\/informacionturisticatenerife.com\/de\/producto\/u-boot-safaris\/","title":{"rendered":"U-Boot-Safaris"},"content":{"rendered":"<p>U-Boot-Safaris Machen Sie mit bei der Unterwassersafari Ihres Lebens. Erleben Sie das Gef\u00fchl eines echten U-Boot-Tauchgangs, der Sie zum unerforschten Meeresboden in unmittelbarer N\u00e4he von San Miguel de Abona bringt. Submarine Safaris SL befindet sich auf der wundersch\u00f6nen Insel Teneriffa und unternimmt seine Ausfl\u00fcge in einem der anspruchsvollsten touristischen U-Boote der Welt vom exklusiven Yachthafen von San Miguel Marina aus. Die Klarheit des Wassers und des Meereslebens auf der Insel Teneriffa macht unser Eintauchen zu einem einzigartigen Erlebnis im Leben.<\/p>\n<p><strong>Verf\u00fcgbar<\/strong>: Mittwoch<br \/>\n<strong>Dauer<\/strong>: 01:00 Ca.<br \/>\n<strong>Erwachsenenpreis<\/strong>: 65,00 \u20ac <strong>Kinderpreis<\/strong>: 39,00 \u20ac<br \/>\n<iframe loading=\"lazy\" src=\"https:\/\/www.youtube.com\/embed\/QBXfQvLRPOI\" width=\"560\" height=\"315\" frameborder=\"0\" allowfullscreen=\"allowfullscreen\"><\/iframe><\/p>\n","protected":false},"excerpt":{"rendered":"<div class=\"prewrap\">\n<div class=\"prewrap\">\n<div class=\"prewrap\">\n<div class=\"prewrap\">\n<div class=\"prewrap\">\n<div class=\"prewrap\">\n<div class=\"prewrap\">\n<div class=\"prewrap\">\n<div class=\"prewrap\">\n<p>U-Boot-Safaris Machen Sie mit bei der Unterwassersafari Ihres Lebens. Erleben Sie das Gef\u00fchl eines echten U-Boot-Tauchgangs, der Sie zum unerforschten Meeresboden in unmittelbarer N\u00e4he von San Miguel de Abona bringt. Submarine Safaris SL befindet sich auf der wundersch\u00f6nen Insel Teneriffa und unternimmt seine Ausfl\u00fcge in einem der anspruchsvollsten touristischen U-Boote der Welt vom exklusiven Yachthafen von San Miguel Marina aus. Die Klarheit des Wassers und des Meereslebens auf der Insel Teneriffa macht unser Eintauchen zu einem einzigartigen Erlebnis im Leben.<\/p>\n<p><strong>Verf\u00fcgbar<\/strong>: Mittwoch<br \/>\n<strong>Dauer<\/strong>: 01:00 Ca.<br \/>\n<strong>Erwachsenenpreis<\/strong>: 65,00 \u20ac <strong>Kinderpreis<\/strong>: 39,00 \u20ac<\/p>\n<\/div>\n<\/div>\n<\/div>\n<\/div>\n<\/div>\n<\/div>\n<\/div>\n<\/div>\n<\/div>\n","protected":false},"featured_media":13311,"comment_status":"open","ping_status":"closed","template":"","meta":[],"product_brand":[],"product_cat":[34,213],"product_tag":[99,25,214,40,41,100,24,102],"class_list":{"0":"post-13310","1":"product","2":"type-product","3":"status-publish","4":"has-post-thumbnail","6":"product_cat-maritimas","7":"product_cat-maritime-de","8":"product_tag-canarias-de","9":"product_tag-canarias","10":"product_tag-excursiones-maritimas-de","11":"product_tag-excursiones-maritimas","12":"product_tag-islas-canarias","13":"product_tag-islas-canarias-de","14":"product_tag-tenerife","15":"product_tag-tenerife-de","17":"first","18":"instock","19":"virtual","20":"sold-individually","21":"taxable","22":"purchasable","23":"product-type-booking"},"_links":{"self":[{"href":"https:\/\/informacionturisticatenerife.com\/de\/wp-json\/wp\/v2\/product\/13310","targetHints":{"allow":["GET"]}}],"collection":[{"href":"https:\/\/informacionturisticatenerife.com\/de\/wp-json\/wp\/v2\/product"}],"about":[{"href":"https:\/\/informacionturisticatenerife.com\/de\/wp-json\/wp\/v2\/types\/product"}],"replies":[{"embeddable":true,"href":"https:\/\/informacionturisticatenerife.com\/de\/wp-json\/wp\/v2\/comments?post=13310"}],"wp:featuredmedia":[{"embeddable":true,"href":"https:\/\/informacionturisticatenerife.com\/de\/wp-json\/wp\/v2\/media\/13311"}],"wp:attachment":[{"href":"https:\/\/informacionturisticatenerife.com\/de\/wp-json\/wp\/v2\/media?parent=13310"}],"wp:term":[{"taxonomy":"product_brand","embeddable":true,"href":"https:\/\/informacionturisticatenerife.com\/de\/wp-json\/wp\/v2\/product_brand?post=13310"},{"taxonomy":"product_cat","embeddable":true,"href":"https:\/\/informacionturisticatenerife.com\/de\/wp-json\/wp\/v2\/product_cat?post=13310"},{"taxonomy":"product_tag","embeddable":true,"href":"https:\/\/informacionturisticatenerife.com\/de\/wp-json\/wp\/v2\/product_tag?post=13310"}],"curies":[{"name":"wp","href":"https:\/\/api.w.org\/{rel}","templated":true}]}}