{"id":13302,"date":"2019-05-10T19:56:10","date_gmt":"2019-05-10T17:56:10","guid":{"rendered":"http:\/\/informacionturisticatenerife.com\/producto\/catamaran-freebird-one\/"},"modified":"2024-06-16T19:11:45","modified_gmt":"2024-06-16T18:11:45","slug":"katamaran-freebird-one","status":"publish","type":"product","link":"https:\/\/informacionturisticatenerife.com\/de\/producto\/katamaran-freebird-one\/","title":{"rendered":"Katamaran Freebird One"},"content":{"rendered":"<p>Wenn Sie wirklich Wert auf Qualit\u00e4t und Luxus legen, ist der Katamaran Freebird One das ideale Produkt. Der Katamaran Freebird One ist Teil der Luxuskatamaranserie, die rund 3 Millionen Euro kostet. Es hat eine Kapazit\u00e4t f\u00fcr 196 Passagiere, mit einem gro\u00dfen Ober- und Unterdeck und einer beeindruckenden Lounge mit einer Kapazit\u00e4t f\u00fcr 70 Passagiere. Eines der Hauptmerkmale dieses Katamarans ist die Br\u00fccke auf der oberen Ebene, die unseren Passagieren die M\u00f6glichkeit bietet, einen herrlichen Blick auf Wale, Delfine und Meerestiere zu genie\u00dfen.<\/p>\n<p>Wir sind der einzige Segelkatamaran auf Teneriffa, der mit 620 Quadratmetern Fl\u00e4che das gr\u00f6\u00dfte Segel Europas ist.<\/p>\n<p>Der Katamaran Freebird One bietet bei seinen Ausfl\u00fcgen ein komplettes k\u00f6stliches Buffet sowie eine Auswahl an warmen und kalten Getr\u00e4nken an Bord. Sie k\u00f6nnen in einer abgelegenen Bucht schwimmen und tauchen. Unser offizieller Schiffsf\u00fchrer gibt Ihnen ausgezeichnete Bewertungen \u00fcber das Meer und diese wunderbaren Meerestiere.<\/p>\n<p><strong>Dauer<\/strong>: 04:30 Ca.\u00e5<\/p>\n<p><iframe loading=\"lazy\" src=\"https:\/\/www.youtube.com\/embed\/TZcLu3C4hv8\" width=\"560\" height=\"315\" frameborder=\"0\" allowfullscreen=\"allowfullscreen\"><\/iframe><\/p>\n<p>&nbsp;<\/p>\n","protected":false},"excerpt":{"rendered":"<p>Wenn Sie wirklich Wert auf Qualit\u00e4t und Luxus legen, ist der Katamaran Freebird One das ideale Produkt. Der Katamaran Freebird One ist Teil der Luxuskatamaranserie, die rund 3 Millionen Euro kostet. Es hat eine Kapazit\u00e4t f\u00fcr 196 Passagiere, mit einem gro\u00dfen Ober- und Unterdeck und einer beeindruckenden Lounge mit einer Kapazit\u00e4t f\u00fcr 70 Passagiere. Eines der Hauptmerkmale dieses Katamarans ist die Br\u00fccke auf der oberen Ebene, die unseren Passagieren die M\u00f6glichkeit bietet, einen herrlichen Blick auf Wale, Delfine und Meerestiere zu genie\u00dfen.<\/p>\n<p>Wir sind der einzige Segelkatamaran auf Teneriffa, der mit 620 Quadratmetern Fl\u00e4che das gr\u00f6\u00dfte Segel Europas ist.<\/p>\n<p>Der Katamaran Freebird One bietet bei seinen Ausfl\u00fcgen ein komplettes k\u00f6stliches Buffet sowie eine Auswahl an warmen und kalten Getr\u00e4nken an Bord. Sie k\u00f6nnen in einer abgelegenen Bucht schwimmen und tauchen. Unser offizieller Schiffsf\u00fchrer gibt Ihnen ausgezeichnete Bewertungen \u00fcber das Meer und diese wunderbaren Meerestiere.<\/p>\n<p><strong>Dauer<\/strong>: 04:30 Ca.\u00e5<\/p>\n<p>&nbsp;<\/p>\n<p>&nbsp;<\/p>\n","protected":false},"featured_media":13303,"comment_status":"open","ping_status":"closed","template":"","meta":[],"product_brand":[],"product_cat":[213],"product_tag":[99,214,100,102],"class_list":{"0":"post-13302","1":"product","2":"type-product","3":"status-publish","4":"has-post-thumbnail","6":"product_cat-maritime-de","7":"product_tag-canarias-de","8":"product_tag-excursiones-maritimas-de","9":"product_tag-islas-canarias-de","10":"product_tag-tenerife-de","12":"first","13":"instock","14":"virtual","15":"sold-individually","16":"taxable","17":"purchasable","18":"product-type-booking"},"_links":{"self":[{"href":"https:\/\/informacionturisticatenerife.com\/de\/wp-json\/wp\/v2\/product\/13302","targetHints":{"allow":["GET"]}}],"collection":[{"href":"https:\/\/informacionturisticatenerife.com\/de\/wp-json\/wp\/v2\/product"}],"about":[{"href":"https:\/\/informacionturisticatenerife.com\/de\/wp-json\/wp\/v2\/types\/product"}],"replies":[{"embeddable":true,"href":"https:\/\/informacionturisticatenerife.com\/de\/wp-json\/wp\/v2\/comments?post=13302"}],"wp:featuredmedia":[{"embeddable":true,"href":"https:\/\/informacionturisticatenerife.com\/de\/wp-json\/wp\/v2\/media\/13303"}],"wp:attachment":[{"href":"https:\/\/informacionturisticatenerife.com\/de\/wp-json\/wp\/v2\/media?parent=13302"}],"wp:term":[{"taxonomy":"product_brand","embeddable":true,"href":"https:\/\/informacionturisticatenerife.com\/de\/wp-json\/wp\/v2\/product_brand?post=13302"},{"taxonomy":"product_cat","embeddable":true,"href":"https:\/\/informacionturisticatenerife.com\/de\/wp-json\/wp\/v2\/product_cat?post=13302"},{"taxonomy":"product_tag","embeddable":true,"href":"https:\/\/informacionturisticatenerife.com\/de\/wp-json\/wp\/v2\/product_tag?post=13302"}],"curies":[{"name":"wp","href":"https:\/\/api.w.org\/{rel}","templated":true}]}}