{"id":13272,"date":"2019-04-15T20:45:40","date_gmt":"2019-04-15T18:45:40","guid":{"rendered":"http:\/\/informacionturisticatenerife.com\/producto\/excursion-la-laguna-santa-cruz-taganana\/"},"modified":"2025-10-09T09:02:34","modified_gmt":"2025-10-09T08:02:34","slug":"ausflug-santa-cruz-taganana","status":"publish","type":"product","link":"https:\/\/informacionturisticatenerife.com\/de\/producto\/ausflug-santa-cruz-taganana\/","title":{"rendered":"Ausflug Santa Cruz &#8211; Taganana"},"content":{"rendered":"<p>Wir fahren in richtung Hauptstadt, Santa Cruz de Tenerife, mit ihrem Hafen, welcher einer der wichtigsten von Spanien ist. Freizeit um das naturmuseum und das del &#8222;Hombre&#8220; zu besuchen, worin sich die Mumien der Ureinwohner &#8222;Los Guanches&#8220; befinden, die Castillo-strasse mit ihren L\u00e4den, Plaza de Weyler mit unserer Capitan\u00eda General, die Ramblas und die Avenida de Anaga. Wir fahren weiter nach San Andres, Playa de Las Teresitas, die Gebirgskette von Anaga mit seiner herrlichen Vegetation und kommen nach Taganana, seinem herrlichen Tal und den Str\u00e4nden El Roque und Taganana. Freizeit zum Mittagessen oder Picknick (nach Wahl). Auffahrt \u00fcber den Monte de Las Mercedes, La Laguna und R\u00fcckfahrt \u00fcber die Nordautobahn.<\/p>\n<p><strong>Dauer: 07:30 Ca.<\/strong><\/p>\n","protected":false},"excerpt":{"rendered":"<div class=\"prewrap\">\n<p>Wir fahren in richtung Hauptstadt, Santa Cruz de Tenerife, mit ihrem Hafen, welcher einer der wichtigsten von Spanien ist. Freizeit um das naturmuseum und das del &#8222;Hombre&#8220; zu besuchen, worin sich die Mumien der Ureinwohner &#8222;Los Guanches&#8220; befinden, die Castillo-strasse mit ihren L\u00e4den, Plaza de Weyler mit unserer Capitan\u00eda General, die Ramblas und die Avenida de Anaga. Wir fahren weiter nach San Andres, Playa de Las Teresitas, die Gebirgskette von Anaga mit seiner herrlichen Vegetation und kommen nach Taganana, seinem herrlichen Tal und den Str\u00e4nden El Roque und Taganana. Freizeit zum Mittagessen oder Picknick (nach Wahl). Auffahrt \u00fcber den Monte de Las Mercedes, La Laguna und R\u00fcckfahrt \u00fcber die Nordautobahn.<\/p>\n<p><strong>Dauer: 07:30 Ca.<\/strong><\/p>\n<\/div>\n","protected":false},"featured_media":13274,"comment_status":"open","ping_status":"closed","template":"","meta":[],"product_brand":[],"product_cat":[143],"product_tag":[99,201,167,202,102,145],"class_list":{"0":"post-13272","1":"product","2":"type-product","3":"status-publish","4":"has-post-thumbnail","6":"product_cat-terrestrisch","7":"product_tag-canarias-de","8":"product_tag-san-cristobal-de-la-laguna-de","9":"product_tag-santa-cruz-de-tenerife-de","10":"product_tag-taganana-de","11":"product_tag-tenerife-de","12":"product_tag-tour-de","14":"first","15":"instock","16":"virtual","17":"sold-individually","18":"taxable","19":"purchasable","20":"product-type-booking"},"_links":{"self":[{"href":"https:\/\/informacionturisticatenerife.com\/de\/wp-json\/wp\/v2\/product\/13272","targetHints":{"allow":["GET"]}}],"collection":[{"href":"https:\/\/informacionturisticatenerife.com\/de\/wp-json\/wp\/v2\/product"}],"about":[{"href":"https:\/\/informacionturisticatenerife.com\/de\/wp-json\/wp\/v2\/types\/product"}],"replies":[{"embeddable":true,"href":"https:\/\/informacionturisticatenerife.com\/de\/wp-json\/wp\/v2\/comments?post=13272"}],"wp:featuredmedia":[{"embeddable":true,"href":"https:\/\/informacionturisticatenerife.com\/de\/wp-json\/wp\/v2\/media\/13274"}],"wp:attachment":[{"href":"https:\/\/informacionturisticatenerife.com\/de\/wp-json\/wp\/v2\/media?parent=13272"}],"wp:term":[{"taxonomy":"product_brand","embeddable":true,"href":"https:\/\/informacionturisticatenerife.com\/de\/wp-json\/wp\/v2\/product_brand?post=13272"},{"taxonomy":"product_cat","embeddable":true,"href":"https:\/\/informacionturisticatenerife.com\/de\/wp-json\/wp\/v2\/product_cat?post=13272"},{"taxonomy":"product_tag","embeddable":true,"href":"https:\/\/informacionturisticatenerife.com\/de\/wp-json\/wp\/v2\/product_tag?post=13272"}],"curies":[{"name":"wp","href":"https:\/\/api.w.org\/{rel}","templated":true}]}}