{"id":13262,"date":"2019-04-15T20:44:40","date_gmt":"2019-04-15T18:44:40","guid":{"rendered":"http:\/\/informacionturisticatenerife.com\/producto\/excursion-teide-masca-icod-garachico\/"},"modified":"2025-10-09T08:57:19","modified_gmt":"2025-10-09T07:57:19","slug":"ausflug-teide-masca-icod-garachico","status":"publish","type":"product","link":"https:\/\/informacionturisticatenerife.com\/de\/producto\/ausflug-teide-masca-icod-garachico\/","title":{"rendered":"Ausflug Teide &#8211; Masca  &#8211; Garachico &#8211; Icod de Los Vinos"},"content":{"rendered":"<div class=\"prewrap\">\n<div class=\"prewrap\">\n<div class=\"prewrap\">\n<p>Erkunden Sie den h\u00f6chsten Berg Spaniens, den Pico del Teide mit seiner aussergew\u00f6hnlichen und beeindruckenden Mond- und Kraterlandschaft. Bizarre Steinformationen und erkaltete Lavastr\u00f6me erwaren Sie. Das Piratendorf Masca mit seinem urigen Charme und seiner gigantischen Aussicht wird Sie beeindrucken. Geniessen Sie die unglaubliche Ruhe und lassen Sie die Seele einfach einmal baumeln. In Garachico \u00a0lernen Sie die erste Hauptstadt Teneriffas kennen. Streifen Sie durch die G\u00e4sschen dieser entz\u00fcckenden Stadt die, erbaut auf einer Lavaplatte, f\u00fcr \u00dcberraschungen sorgt. Runden Sie den Tag ab mit einem Ausblick auf den sch\u00f6nsten und gr\u00f6ssten Drachenbaum in ganz Spanien der in Icod de los Vinos auf Sie wartet.<\/p>\n<\/div>\n<div><\/div>\n<div><strong>Dauer: 08:00 Ca.<\/strong><\/div>\n<div><\/div>\n<\/div>\n<\/div>\n","protected":false},"excerpt":{"rendered":"<div class=\"prewrap\">\n<div class=\"prewrap\">\n<div class=\"prewrap\">\n<p>Erkunden Sie den h\u00f6chsten Berg Spaniens, den Pico del Teide mit seiner aussergew\u00f6hnlichen und beeindruckenden Mond- und Kraterlandschaft. Bizarre Steinformationen und erkaltete Lavastr\u00f6me erwaren Sie. Das Piratendorf Masca mit seinem urigen Charme und seiner gigantischen Aussicht wird Sie beeindrucken. Geniessen Sie die unglaubliche Ruhe und lassen Sie die Seele einfach einmal baumeln. In Garachico \u00a0lernen Sie die erste Hauptstadt Teneriffas kennen. Streifen Sie durch die G\u00e4sschen dieser entz\u00fcckenden Stadt die, erbaut auf einer Lavaplatte, f\u00fcr \u00dcberraschungen sorgt. Runden Sie den Tag ab mit einem Ausblick auf den sch\u00f6nsten und gr\u00f6ssten Drachenbaum in ganz Spanien der in Icod de los Vinos auf Sie wartet.<\/p>\n<\/div>\n<div><\/div>\n<div><strong>Dauer: 08:00 Ca.<\/strong><\/div>\n<div><\/div>\n<\/div>\n<\/div>\n","protected":false},"featured_media":13263,"comment_status":"open","ping_status":"closed","template":"","meta":[],"product_brand":[],"product_cat":[143],"product_tag":[99,180,181,182,163,102,145],"class_list":{"0":"post-13262","1":"product","2":"type-product","3":"status-publish","4":"has-post-thumbnail","6":"product_cat-terrestrisch","7":"product_tag-canarias-de","8":"product_tag-drago-milenario-de","9":"product_tag-garachico-de","10":"product_tag-icod-de-los-vinos-de","11":"product_tag-teide-de","12":"product_tag-tenerife-de","13":"product_tag-tour-de","15":"first","16":"instock","17":"virtual","18":"sold-individually","19":"taxable","20":"purchasable","21":"product-type-booking"},"_links":{"self":[{"href":"https:\/\/informacionturisticatenerife.com\/de\/wp-json\/wp\/v2\/product\/13262","targetHints":{"allow":["GET"]}}],"collection":[{"href":"https:\/\/informacionturisticatenerife.com\/de\/wp-json\/wp\/v2\/product"}],"about":[{"href":"https:\/\/informacionturisticatenerife.com\/de\/wp-json\/wp\/v2\/types\/product"}],"replies":[{"embeddable":true,"href":"https:\/\/informacionturisticatenerife.com\/de\/wp-json\/wp\/v2\/comments?post=13262"}],"wp:featuredmedia":[{"embeddable":true,"href":"https:\/\/informacionturisticatenerife.com\/de\/wp-json\/wp\/v2\/media\/13263"}],"wp:attachment":[{"href":"https:\/\/informacionturisticatenerife.com\/de\/wp-json\/wp\/v2\/media?parent=13262"}],"wp:term":[{"taxonomy":"product_brand","embeddable":true,"href":"https:\/\/informacionturisticatenerife.com\/de\/wp-json\/wp\/v2\/product_brand?post=13262"},{"taxonomy":"product_cat","embeddable":true,"href":"https:\/\/informacionturisticatenerife.com\/de\/wp-json\/wp\/v2\/product_cat?post=13262"},{"taxonomy":"product_tag","embeddable":true,"href":"https:\/\/informacionturisticatenerife.com\/de\/wp-json\/wp\/v2\/product_tag?post=13262"}],"curies":[{"name":"wp","href":"https:\/\/api.w.org\/{rel}","templated":true}]}}