{"id":13240,"date":"2019-04-15T20:42:27","date_gmt":"2019-04-15T18:42:27","guid":{"rendered":"http:\/\/informacionturisticatenerife.com\/producto\/visita-a-las-bodegas-monje\/"},"modified":"2020-02-04T17:50:19","modified_gmt":"2020-02-04T17:50:19","slug":"weinkellereien-monje-tour","status":"publish","type":"product","link":"https:\/\/informacionturisticatenerife.com\/de\/producto\/weinkellereien-monje-tour\/","title":{"rendered":"Weinkellereien Monje Tour"},"content":{"rendered":"<div class=\"prewrap\">\n<div class=\"prewrap\">\n<div class=\"prewrap\">\n<div class=\"prewrap\">\n<p>Die Aussicht von unserem Weinkeller ist &#8211; ohne zu \u00fcbertreiben &#8211; atemberaubend: Rebkulturen, Berge, Meer und Sonne. Ein herrliches Fleckchen Erde zum Leben und um unseren Wein zu ziehen! Die Kellerb\u00e4ude hat mein Vater 1956 bauen lassen; 1983 wurden die Einrichtungen dem neuesten technologischen Forschritt entsprechend erneuert. Unsere alten Eichenf\u00e4sser sind jedoch geblieben!, dort wir auch weiterhin unser traditioneller Rotwein vergoren und gelagert.<\/p>\n<p>Unsere Produktionskapazit\u00e4t von 160.000 Litern erlaubt uns die gesamten Ernteertr\u00e4ge unserer Weinberge selbst zu verarbeiten. Zust\u00e4ndig f\u00fcr die Weinbereitung sind zehn qualifizierte Mitarberiter, die ihr Handwerk mit viel Liebe aus\u00fcben. Ganz im Sinne unserer Firma.<\/p>\n<p><strong>(Besuch im Weingut und Mittagessen). Transport nicht inbegriffen<\/strong><\/p>\n<p><strong>Verf\u00fcgbar: Sonntag, Montag, Dienstag, Mittwoch, Donnerstag, Freitag, Samstag<\/strong><br \/>\n<strong>Dauer: 02:00 Ca.<\/strong><\/p>\n<\/div>\n<div><b>Erwachsener:\u00a0<\/b>35,00 \u20ac\u00a0\u00a0\u00a0\u00a0\u00a0\u00a0<b>Kinder:\u00a0<\/b>17,50 \u20ac<\/div>\n<\/div>\n<\/div>\n<\/div>\n","protected":false},"excerpt":{"rendered":"<div class=\"prewrap\">\n<div class=\"prewrap\">\n<p>Die Aussicht von unserem Weinkeller ist &#8211; ohne zu \u00fcbertreiben &#8211; atemberaubend: Rebkulturen, Berge, Meer und Sonne. Ein herrliches Fleckchen Erde zum Leben und um unseren Wein zu ziehen! Die Kellerb\u00e4ude hat mein Vater 1956 bauen lassen; 1983 wurden die Einrichtungen dem neuesten technologischen Forschritt entsprechend erneuert. Unsere alten Eichenf\u00e4sser sind jedoch geblieben!, dort wir auch weiterhin unser traditioneller Rotwein vergoren und gelagert.<\/p>\n<p>Unsere Produktionskapazit\u00e4t von 160.000 Litern erlaubt uns die gesamten Ernteertr\u00e4ge unserer Weinberge selbst zu verarbeiten. Zust\u00e4ndig f\u00fcr die Weinbereitung sind zehn qualifizierte Mitarberiter, die ihr Handwerk mit viel Liebe aus\u00fcben. Ganz im Sinne unserer Firma.<\/p>\n<p><strong>(Besuch im Weingut und Mittagessen). Transport nicht inbegriffen<\/strong><\/p>\n<p><strong>Verf\u00fcgbar: Sonntag, Montag, Dienstag, Mittwoch, Donnerstag, Freitag, Samstag<\/strong><br \/>\n<strong>Dauer: 02:00 Ca.<\/strong><\/p>\n<\/div>\n<div><b>Erwachsener:\u00a0<\/b>35,00 \u20ac\u00a0\u00a0\u00a0\u00a0\u00a0\u00a0<b>Kinder:\u00a0<\/b>17,50 \u20ac<\/div>\n<\/div>\n","protected":false},"featured_media":13242,"comment_status":"open","ping_status":"closed","template":"","meta":[],"product_brand":[],"product_cat":[143],"product_tag":[191,99,102,145],"class_list":{"0":"post-13240","1":"product","2":"type-product","3":"status-publish","4":"has-post-thumbnail","6":"product_cat-terrestrisch","7":"product_tag-bodegas-monje-de","8":"product_tag-canarias-de","9":"product_tag-tenerife-de","10":"product_tag-tour-de","12":"first","13":"instock","14":"virtual","15":"sold-individually","16":"taxable","17":"purchasable","18":"product-type-booking"},"_links":{"self":[{"href":"https:\/\/informacionturisticatenerife.com\/de\/wp-json\/wp\/v2\/product\/13240","targetHints":{"allow":["GET"]}}],"collection":[{"href":"https:\/\/informacionturisticatenerife.com\/de\/wp-json\/wp\/v2\/product"}],"about":[{"href":"https:\/\/informacionturisticatenerife.com\/de\/wp-json\/wp\/v2\/types\/product"}],"replies":[{"embeddable":true,"href":"https:\/\/informacionturisticatenerife.com\/de\/wp-json\/wp\/v2\/comments?post=13240"}],"wp:featuredmedia":[{"embeddable":true,"href":"https:\/\/informacionturisticatenerife.com\/de\/wp-json\/wp\/v2\/media\/13242"}],"wp:attachment":[{"href":"https:\/\/informacionturisticatenerife.com\/de\/wp-json\/wp\/v2\/media?parent=13240"}],"wp:term":[{"taxonomy":"product_brand","embeddable":true,"href":"https:\/\/informacionturisticatenerife.com\/de\/wp-json\/wp\/v2\/product_brand?post=13240"},{"taxonomy":"product_cat","embeddable":true,"href":"https:\/\/informacionturisticatenerife.com\/de\/wp-json\/wp\/v2\/product_cat?post=13240"},{"taxonomy":"product_tag","embeddable":true,"href":"https:\/\/informacionturisticatenerife.com\/de\/wp-json\/wp\/v2\/product_tag?post=13240"}],"curies":[{"name":"wp","href":"https:\/\/api.w.org\/{rel}","templated":true}]}}