{"id":13230,"date":"2020-09-09T19:49:07","date_gmt":"2019-04-15T18:41:07","guid":{"rendered":"http:\/\/informacionturisticatenerife.com\/producto\/excursion-al-teide-teleferico\/"},"modified":"2024-05-25T14:50:11","modified_gmt":"2024-05-25T13:50:11","slug":"teide-national-park-teleferico-optional","status":"publish","type":"product","link":"https:\/\/informacionturisticatenerife.com\/de\/producto\/teide-national-park-teleferico-optional\/","title":{"rendered":"Teide National Park + Seilbahn (optional)"},"content":{"rendered":"<div class=\"prewrap\">\n<div class=\"prewrap\">\n<div class=\"prewrap\">\n<div class=\"prewrap\">\n<div class=\"prewrap\">Dieser Ausflug f\u00fchrt Sie durch die H\u00f6hen, um ein einzigartiges Erlebnis zu erleben und den h\u00f6chsten Gipfel Spaniens zu kennen: <strong>El Teide<\/strong>.<\/div>\n<div class=\"prewrap\">\n<p>Wir durchqueren die\u00a0<strong>kanarischen Pinienw\u00e4lder<\/strong>, bis wir den\u00a0<strong>Teide-Nationalpark<\/strong>\u00a0erreichen, der etwa 2000 Meter \u00fcber dem Meeresspiegel liegt. Dieser Naturraum wurde 1954 zum Nationalpark erkl\u00e4rt, mit dem Ziel, diese Landschaft von unglaublicher Sch\u00f6nheit und hohem \u00f6kologischem Wert zu sch\u00fctzen.<\/p>\n<p>Unterwegs machen wir einige Stopps, damit Sie alles bewundern k\u00f6nnen, was dieser Naturraum zu bieten hat. Die Ca\u00f1adas del Teide bilden eine 17 km lange Caldera. auf dem der Gipfel des Vulkans sitzt. Eine Landschaft, die mit ihren Kegeln, Lavastr\u00f6men und H\u00f6hlen wie von einem anderen Planeten zu sein scheint.<\/p>\n<p>Sp\u00e4ter fahren wir zur Talstation der Seilbahn, von wo aus Sie einen herrlichen Blick auf das\u00a0<strong>Ucanca-Tal haben<\/strong>.<\/p>\n<p>Danach haben Sie Zeit zur freien Verf\u00fcgung, um auf eigene Faust zu\u00a0<strong>Mittag zu essen<\/strong>\u00a0oder die kanarische Gastronomie zu genie\u00dfen, indem Sie eines der Men\u00fcs probieren, die wir in einigen Restaurants in der Umgebung von\u00a0<strong>El Portillo<\/strong>\u00a0empfehlen.<\/p>\n<p>Optional , und nach Verf\u00fcgbarkeit ,k\u00f6nnen Sie mit der\u00a0<strong>Teide-Seilbahn<\/strong>\u00a0zur Station La Rambleta auf 3550 m klettern, von wo aus Sie nur wenige Meter vom h\u00f6chsten Berg Spaniens entfernt sind.<\/p>\n<p>Wir werden den\u00a0<strong>Roques de Garc\u00eda<\/strong>\u00a0besuchen, wo Sie eines der symboltr\u00e4chtigsten Bilder von Teneriffa sowie andere wichtige Attraktionen des Nationalparks sehen.<\/p>\n<p>&nbsp;<\/p>\n<\/div>\n<p><strong>Verf\u00fcgbar: <span class=\"Y2IQFc\" lang=\"de\">Dienstag und Samstag<\/span><\/strong><\/p>\n<p><strong>Dauer: 08:00 Ca.<\/strong><\/p>\n<p>&nbsp;<\/p>\n<div><\/div>\n<\/div>\n<\/div>\n<\/div>\n<\/div>\n<p><iframe loading=\"lazy\" title=\"YouTube video player\" src=\"https:\/\/www.youtube.com\/embed\/2ajqbQWkBGk\" width=\"560\" height=\"315\" frameborder=\"0\" allowfullscreen=\"allowfullscreen\"><\/iframe><\/p>\n","protected":false},"excerpt":{"rendered":"<div class=\"prewrap\">\n<div class=\"prewrap\">\n<div class=\"prewrap\">\n<div class=\"prewrap\">Dieser Ausflug f\u00fchrt Sie durch die H\u00f6hen, um ein einzigartiges Erlebnis zu erleben und den h\u00f6chsten Gipfel Spaniens zu kennen: <strong>El Teide<\/strong>.<\/div>\n<div class=\"prewrap\">\n<p>Wir durchqueren die\u00a0<strong>kanarischen Pinienw\u00e4lder<\/strong>, bis wir den\u00a0<strong>Teide-Nationalpark<\/strong>\u00a0erreichen, der etwa 2000 Meter \u00fcber dem Meeresspiegel liegt. Dieser Naturraum wurde 1954 zum Nationalpark erkl\u00e4rt, mit dem Ziel, diese Landschaft von unglaublicher Sch\u00f6nheit und hohem \u00f6kologischem Wert zu sch\u00fctzen.<\/p>\n<p>&nbsp;<\/p>\n<\/div>\n<p><strong>Verf\u00fcgbar: <span class=\"Y2IQFc\" lang=\"de\">Dienstag und Samstag<\/span><\/strong><\/p>\n<p><strong>Dauer: 08:00 Ca.<\/strong><\/p>\n<\/div>\n<div><\/div>\n<\/div>\n<\/div>\n<p><iframe loading=\"lazy\" title=\"YouTube video player\" src=\"https:\/\/www.youtube.com\/embed\/2ajqbQWkBGk\" width=\"560\" height=\"315\" frameborder=\"0\" allowfullscreen=\"allowfullscreen\"><\/iframe><\/p>\n","protected":false},"featured_media":13231,"comment_status":"open","ping_status":"closed","template":"","meta":[],"product_brand":[],"product_cat":[143],"product_tag":[99,163,102,145],"class_list":{"0":"post-13230","1":"product","2":"type-product","3":"status-publish","4":"has-post-thumbnail","6":"product_cat-terrestrisch","7":"product_tag-canarias-de","8":"product_tag-teide-de","9":"product_tag-tenerife-de","10":"product_tag-tour-de","12":"first","13":"instock","14":"virtual","15":"sold-individually","16":"taxable","17":"purchasable","18":"product-type-booking"},"_links":{"self":[{"href":"https:\/\/informacionturisticatenerife.com\/de\/wp-json\/wp\/v2\/product\/13230","targetHints":{"allow":["GET"]}}],"collection":[{"href":"https:\/\/informacionturisticatenerife.com\/de\/wp-json\/wp\/v2\/product"}],"about":[{"href":"https:\/\/informacionturisticatenerife.com\/de\/wp-json\/wp\/v2\/types\/product"}],"replies":[{"embeddable":true,"href":"https:\/\/informacionturisticatenerife.com\/de\/wp-json\/wp\/v2\/comments?post=13230"}],"wp:featuredmedia":[{"embeddable":true,"href":"https:\/\/informacionturisticatenerife.com\/de\/wp-json\/wp\/v2\/media\/13231"}],"wp:attachment":[{"href":"https:\/\/informacionturisticatenerife.com\/de\/wp-json\/wp\/v2\/media?parent=13230"}],"wp:term":[{"taxonomy":"product_brand","embeddable":true,"href":"https:\/\/informacionturisticatenerife.com\/de\/wp-json\/wp\/v2\/product_brand?post=13230"},{"taxonomy":"product_cat","embeddable":true,"href":"https:\/\/informacionturisticatenerife.com\/de\/wp-json\/wp\/v2\/product_cat?post=13230"},{"taxonomy":"product_tag","embeddable":true,"href":"https:\/\/informacionturisticatenerife.com\/de\/wp-json\/wp\/v2\/product_tag?post=13230"}],"curies":[{"name":"wp","href":"https:\/\/api.w.org\/{rel}","templated":true}]}}