{"id":13194,"date":"2019-04-15T20:37:56","date_gmt":"2019-04-15T18:37:56","guid":{"rendered":"http:\/\/informacionturisticatenerife.com\/producto\/santa-cruz-shopping-medio-dia\/"},"modified":"2024-06-16T20:51:45","modified_gmt":"2024-06-16T19:51:45","slug":"santa-cruz-shopping-ausflug-abfahrt-vom-teneriffa-sueden","status":"publish","type":"product","link":"https:\/\/informacionturisticatenerife.com\/de\/producto\/santa-cruz-shopping-ausflug-abfahrt-vom-teneriffa-sueden\/","title":{"rendered":"Santa Cruz Shopping Ausflug (Abfahrt vom Teneriffa S\u00fcden)"},"content":{"rendered":"<div class=\"prewrap\">\n<div class=\"prewrap\">\n<div class=\"prewrap\">\n<div class=\"prewrap\">\n<p>Die Hauptstadt von Teneriffa wurde 1494 gegr\u00fcndet. Eine Stadt erwarb sich einen Ruf als Top-Standort f\u00fcr Einkaufszentren in Europa. Wir genie\u00dfen das kommerzielle Leben der Stadt und der Freundlichkeit seiner Bewohner, mit der Zeit zum Einkaufen und besuchen Orte von gro\u00dfem Interesse. werden \u00fcberrascht sein die Sch\u00f6nheit dieser Stadt mit seinen wundersch\u00f6nen Parks und einigen avantgardistischen Geb\u00e4uden, die niemanden gleichg\u00fcltig wie das Auditorio de Tenerife, Spanien Square, die Kirche von der Unbefleckten Empf\u00e4ngnis und Noria Bereich verl\u00e4sst.<\/p>\n<\/div>\n<div><strong>Dauer: 05:00 Ca.<\/strong><\/div>\n<div><\/div>\n<\/div>\n<\/div>\n<\/div>\n","protected":false},"excerpt":{"rendered":"<div class=\"prewrap\">\n<div class=\"prewrap\">\n<div class=\"prewrap\">\n<div class=\"prewrap\">\n<div class=\"prewrap\">\n<p>Die Hauptstadt von Teneriffa wurde 1494 gegr\u00fcndet. Eine Stadt erwarb sich einen Ruf als Top-Standort f\u00fcr Einkaufszentren in Europa. Wir genie\u00dfen das kommerzielle Leben der Stadt und der Freundlichkeit seiner Bewohner, mit der Zeit zum Einkaufen und besuchen Orte von gro\u00dfem Interesse. werden \u00fcberrascht sein die Sch\u00f6nheit dieser Stadt mit seinen wundersch\u00f6nen Parks und einigen avantgardistischen Geb\u00e4uden, die niemanden gleichg\u00fcltig wie das Auditorio de Tenerife, Spanien Square, die Kirche von der Unbefleckten Empf\u00e4ngnis und Noria Bereich verl\u00e4sst.<\/p>\n<\/div>\n<div><strong>Dauer: 05:00 Ca.<\/strong><\/div>\n<div><\/div>\n<\/div>\n<\/div>\n<\/div>\n<\/div>\n","protected":false},"featured_media":13195,"comment_status":"open","ping_status":"closed","template":"","meta":[],"product_brand":[],"product_cat":[143],"product_tag":[99,167,102,145],"class_list":{"0":"post-13194","1":"product","2":"type-product","3":"status-publish","4":"has-post-thumbnail","6":"product_cat-terrestrisch","7":"product_tag-canarias-de","8":"product_tag-santa-cruz-de-tenerife-de","9":"product_tag-tenerife-de","10":"product_tag-tour-de","12":"first","13":"instock","14":"virtual","15":"sold-individually","16":"taxable","17":"purchasable","18":"product-type-booking"},"_links":{"self":[{"href":"https:\/\/informacionturisticatenerife.com\/de\/wp-json\/wp\/v2\/product\/13194","targetHints":{"allow":["GET"]}}],"collection":[{"href":"https:\/\/informacionturisticatenerife.com\/de\/wp-json\/wp\/v2\/product"}],"about":[{"href":"https:\/\/informacionturisticatenerife.com\/de\/wp-json\/wp\/v2\/types\/product"}],"replies":[{"embeddable":true,"href":"https:\/\/informacionturisticatenerife.com\/de\/wp-json\/wp\/v2\/comments?post=13194"}],"wp:featuredmedia":[{"embeddable":true,"href":"https:\/\/informacionturisticatenerife.com\/de\/wp-json\/wp\/v2\/media\/13195"}],"wp:attachment":[{"href":"https:\/\/informacionturisticatenerife.com\/de\/wp-json\/wp\/v2\/media?parent=13194"}],"wp:term":[{"taxonomy":"product_brand","embeddable":true,"href":"https:\/\/informacionturisticatenerife.com\/de\/wp-json\/wp\/v2\/product_brand?post=13194"},{"taxonomy":"product_cat","embeddable":true,"href":"https:\/\/informacionturisticatenerife.com\/de\/wp-json\/wp\/v2\/product_cat?post=13194"},{"taxonomy":"product_tag","embeddable":true,"href":"https:\/\/informacionturisticatenerife.com\/de\/wp-json\/wp\/v2\/product_tag?post=13194"}],"curies":[{"name":"wp","href":"https:\/\/api.w.org\/{rel}","templated":true}]}}