{"id":13174,"date":"2019-04-15T20:34:38","date_gmt":"2019-04-15T18:34:38","guid":{"rendered":"http:\/\/informacionturisticatenerife.com\/producto\/astronomic-tour\/"},"modified":"2024-06-16T21:02:19","modified_gmt":"2024-06-16T20:02:19","slug":"sonnenuntergang-un-sterne","status":"publish","type":"product","link":"https:\/\/informacionturisticatenerife.com\/de\/producto\/sonnenuntergang-un-sterne\/","title":{"rendered":"Astronomic Tour auf Teneriffa"},"content":{"rendered":"<div class=\"prewrap\">\n<div class=\"prewrap\">\n<div class=\"prewrap\">\n<div class=\"prewrap\">\n<div class=\"prewrap\">\n<div class=\"prewrap\">\n<div class=\"prewrap\">\n<div class=\"prewrap\">\n<div class=\"prewrap\">\n<div class=\"prewrap\">\n<div class=\"prewrap\">\n<p>Dies ist ein perfekter Ausflug f\u00fcr Liebhaber der Astronomie.<\/p>\n<p>Sie beginnen die Tour am\u00a0Teide Observatorium, wo Sie eine\u00a0F\u00fchrung machen werden. Dort erkl\u00e4rt Ihr\u00a0Starlight-F\u00fchrer\u00a0(Spezialist f\u00fcr die Beobachtung des Nachthimmels) die Bedeutung des kanarischen Himmels, der Teleskope der Sternwarte und der verschiedenen Projekte des Astrophysikalischen Instituts der Kanarischen Inseln. Sie werden auch die Sonne genie\u00dfen wie nie zuvor, da Sie ihre Spots und Fackeln durch das Teleskop beobachten k\u00f6nnen.<\/p>\n<p>Sie werden den Sonnenuntergang vom Observatorium aus sehen, ein einzigartiges Schauspiel, bei dem sich die Sonne hinter El Teide versteckt. Eine Reihe von Farben wird die Aussicht auf den Vulkan und das Meer schm\u00fccken.<\/p>\n<p>Du wirst Sterne, Planeten, Galaxien und Cluster entdecken, wie du es dir nie vorgestellt hast, w\u00e4hrend dein Sternenlichtf\u00fchrer dir die Sternbilder, die Himmelskarte, lehrt und dir interessante Informationen \u00fcber die Objekte liefert, die du beobachtest. Bestaunen Sie die Unendlichkeit des Universums und erleben Sie ein unvergleichliches Erlebnis in einem der meistbesuchten Nationalparks der Welt.<\/p>\n<\/div>\n<div><strong>Dauer: 05:00 Ca.<\/strong><\/div>\n<div><\/div>\n<\/div>\n<\/div>\n<\/div>\n<\/div>\n<\/div>\n<\/div>\n<\/div>\n<\/div>\n<\/div>\n<\/div>\n","protected":false},"excerpt":{"rendered":"<div class=\"prewrap\">\n<div class=\"prewrap\">\n<div class=\"prewrap\">\n<div class=\"prewrap\">\n<div class=\"prewrap\">\n<div class=\"prewrap\">\n<div class=\"prewrap\">\n<div class=\"prewrap\">\n<div class=\"prewrap\">\n<p>Sie beginnen die Tour am\u00a0Teide Observatorium, wo Sie eine\u00a0F\u00fchrung machen werden. Dort erkl\u00e4rt Ihr\u00a0Starlight-F\u00fchrer\u00a0(Spezialist f\u00fcr die Beobachtung des Nachthimmels) die Bedeutung des kanarischen Himmels, der Teleskope der Sternwarte und der verschiedenen Projekte des Astrophysikalischen Instituts der Kanarischen Inseln. Sie werden auch die Sonne genie\u00dfen wie nie zuvor, da Sie ihre Spots und Fackeln durch das Teleskop beobachten k\u00f6nnen.<\/p>\n<p>Sie werden den Sonnenuntergang vom Observatorium aus sehen, ein einzigartiges Schauspiel, bei dem sich die Sonne hinter El Teide versteckt. Eine Reihe von Farben wird die Aussicht auf den Vulkan und das Meer schm\u00fccken.<\/p>\n<p>Du wirst Sterne, Planeten, Galaxien und Cluster entdecken, wie du es dir nie vorgestellt hast, w\u00e4hrend dein Sternenlichtf\u00fchrer dir die Sternbilder, die Himmelskarte, lehrt und dir interessante Informationen \u00fcber die Objekte liefert, die du beobachtest. Bestaunen Sie die Unendlichkeit des Universums und erleben Sie ein unvergleichliches Erlebnis in einem der meistbesuchten Nationalparks der Welt.<\/p>\n<\/div>\n<div><strong>Dauer: 05:00 Ca.<\/strong><\/div>\n<div><\/div>\n<\/div>\n<\/div>\n<\/div>\n<\/div>\n<\/div>\n<\/div>\n<\/div>\n<\/div>\n","protected":false},"featured_media":13175,"comment_status":"open","ping_status":"closed","template":"","meta":[],"product_brand":[],"product_cat":[143],"product_tag":[99,163,102,145],"class_list":{"0":"post-13174","1":"product","2":"type-product","3":"status-publish","4":"has-post-thumbnail","6":"product_cat-terrestrisch","7":"product_tag-canarias-de","8":"product_tag-teide-de","9":"product_tag-tenerife-de","10":"product_tag-tour-de","12":"first","13":"instock","14":"virtual","15":"sold-individually","16":"taxable","17":"purchasable","18":"product-type-booking"},"_links":{"self":[{"href":"https:\/\/informacionturisticatenerife.com\/de\/wp-json\/wp\/v2\/product\/13174","targetHints":{"allow":["GET"]}}],"collection":[{"href":"https:\/\/informacionturisticatenerife.com\/de\/wp-json\/wp\/v2\/product"}],"about":[{"href":"https:\/\/informacionturisticatenerife.com\/de\/wp-json\/wp\/v2\/types\/product"}],"replies":[{"embeddable":true,"href":"https:\/\/informacionturisticatenerife.com\/de\/wp-json\/wp\/v2\/comments?post=13174"}],"wp:featuredmedia":[{"embeddable":true,"href":"https:\/\/informacionturisticatenerife.com\/de\/wp-json\/wp\/v2\/media\/13175"}],"wp:attachment":[{"href":"https:\/\/informacionturisticatenerife.com\/de\/wp-json\/wp\/v2\/media?parent=13174"}],"wp:term":[{"taxonomy":"product_brand","embeddable":true,"href":"https:\/\/informacionturisticatenerife.com\/de\/wp-json\/wp\/v2\/product_brand?post=13174"},{"taxonomy":"product_cat","embeddable":true,"href":"https:\/\/informacionturisticatenerife.com\/de\/wp-json\/wp\/v2\/product_cat?post=13174"},{"taxonomy":"product_tag","embeddable":true,"href":"https:\/\/informacionturisticatenerife.com\/de\/wp-json\/wp\/v2\/product_tag?post=13174"}],"curies":[{"name":"wp","href":"https:\/\/api.w.org\/{rel}","templated":true}]}}