{"id":13166,"date":"2019-05-13T19:23:26","date_gmt":"2019-05-13T17:23:26","guid":{"rendered":"http:\/\/informacionturisticatenerife.com\/producto\/siam-park\/"},"modified":"2024-10-14T12:06:56","modified_gmt":"2024-10-14T11:06:56","slug":"siam-park","status":"publish","type":"product","link":"https:\/\/informacionturisticatenerife.com\/de\/producto\/siam-park\/","title":{"rendered":"Siam Park Tickets"},"content":{"rendered":"<p>Der gr\u00f6\u00dfte Wasserpark in Europa Der Siam Park an der Costa Adeje (im S\u00fcden von Teneriffa) ist eine der gr\u00f6\u00dften Neuheiten, die 2008 auf der Insel pr\u00e4sentiert wurden. Dieser Wasserpark kombiniert modernste Technologie mit dem exotischen Geheimnis des alten K\u00f6nigreichs Siam . Jede seiner Attraktionen mit einer perfekten Mischung aus Spa\u00df, Spannung und Adrenalin l\u00e4sst jeden, der sie ausprobiert, einzigartige Erlebnisse auf der Welt erleben.<\/p>\n<section class=\"page-product-box\"><iframe loading=\"lazy\" title=\"YouTube video player\" src=\"https:\/\/www.youtube.com\/embed\/41_RN-XTtkY\" width=\"560\" height=\"315\" frameborder=\"0\" allowfullscreen=\"allowfullscreen\"><\/iframe><\/section>\n","protected":false},"excerpt":{"rendered":"<div class=\"prewrap\">\n<div class=\"prewrap\">\n<div class=\"prewrap\">\n<div class=\"prewrap\">\n<div class=\"prewrap\">\n<div class=\"prewrap\">\n<div class=\"prewrap\">\n<div class=\"prewrap\">\n<div class=\"prewrap\">\n<div class=\"prewrap\">\n<div class=\"prewrap\">\n<div class=\"prewrap\">\n<div class=\"prewrap\">\n<div class=\"prewrap\">\n<div class=\"prewrap\">\n<div class=\"prewrap\">\n<div class=\"prewrap\">\n<div class=\"prewrap\">\n<div class=\"prewrap\">\n<div class=\"prewrap\">\n<div class=\"prewrap\">\n<div class=\"prewrap\">\n<div class=\"prewrap\">\n<div class=\"prewrap\">\n<div class=\"prewrap\">\n<div class=\"prewrap\">\n<div class=\"prewrap\">\n<div class=\"prewrap\">\n<div class=\"prewrap\">\n<div class=\"prewrap\">\n<div class=\"prewrap\">\n<div class=\"prewrap\">\n<div class=\"prewrap\">\n<div class=\"prewrap\">\n<p>Der gr\u00f6\u00dfte Wasserpark in Europa Der Siam Park an der Costa Adeje (im S\u00fcden von Teneriffa) ist eine der gr\u00f6\u00dften Neuheiten, die 2008 auf der Insel pr\u00e4sentiert wurden. Dieser Wasserpark kombiniert modernste Technologie mit dem exotischen Geheimnis des alten K\u00f6nigreichs Siam . Jede seiner Attraktionen mit einer perfekten Mischung aus Spa\u00df, Spannung und Adrenalin l\u00e4sst jeden, der sie ausprobiert, einzigartige Erlebnisse auf der Welt erleben.<\/p>\n<section class=\"page-product-box\">\n<div class=\"rte\">\n<section class=\"page-product-box\"><\/section>\n<p>&nbsp;<\/p>\n<\/div>\n<\/section>\n<\/div>\n<\/div>\n<\/div>\n<\/div>\n<\/div>\n<\/div>\n<\/div>\n<\/div>\n<\/div>\n<\/div>\n<\/div>\n<\/div>\n<\/div>\n<\/div>\n<\/div>\n<\/div>\n<\/div>\n<\/div>\n<\/div>\n<\/div>\n<\/div>\n<\/div>\n<\/div>\n<\/div>\n<\/div>\n<\/div>\n<\/div>\n<\/div>\n<\/div>\n<\/div>\n<\/div>\n<\/div>\n<\/div>\n<\/div>\n<p><iframe loading=\"lazy\" title=\"YouTube video player\" src=\"https:\/\/www.youtube.com\/embed\/41_RN-XTtkY\" width=\"560\" height=\"315\" frameborder=\"0\" allowfullscreen=\"allowfullscreen\"><\/iframe><\/p>\n","protected":false},"featured_media":14376,"comment_status":"open","ping_status":"closed","template":"","meta":[],"product_brand":[],"product_cat":[157],"product_tag":[99,100,158,102],"class_list":{"0":"post-13166","1":"product","2":"type-product","3":"status-publish","4":"has-post-thumbnail","6":"product_cat-themenparks","7":"product_tag-canarias-de","8":"product_tag-islas-canarias-de","9":"product_tag-parques-tematicos-de","10":"product_tag-tenerife-de","12":"first","13":"instock","14":"virtual","15":"sold-individually","16":"taxable","17":"purchasable","18":"product-type-booking"},"_links":{"self":[{"href":"https:\/\/informacionturisticatenerife.com\/de\/wp-json\/wp\/v2\/product\/13166","targetHints":{"allow":["GET"]}}],"collection":[{"href":"https:\/\/informacionturisticatenerife.com\/de\/wp-json\/wp\/v2\/product"}],"about":[{"href":"https:\/\/informacionturisticatenerife.com\/de\/wp-json\/wp\/v2\/types\/product"}],"replies":[{"embeddable":true,"href":"https:\/\/informacionturisticatenerife.com\/de\/wp-json\/wp\/v2\/comments?post=13166"}],"wp:featuredmedia":[{"embeddable":true,"href":"https:\/\/informacionturisticatenerife.com\/de\/wp-json\/wp\/v2\/media\/14376"}],"wp:attachment":[{"href":"https:\/\/informacionturisticatenerife.com\/de\/wp-json\/wp\/v2\/media?parent=13166"}],"wp:term":[{"taxonomy":"product_brand","embeddable":true,"href":"https:\/\/informacionturisticatenerife.com\/de\/wp-json\/wp\/v2\/product_brand?post=13166"},{"taxonomy":"product_cat","embeddable":true,"href":"https:\/\/informacionturisticatenerife.com\/de\/wp-json\/wp\/v2\/product_cat?post=13166"},{"taxonomy":"product_tag","embeddable":true,"href":"https:\/\/informacionturisticatenerife.com\/de\/wp-json\/wp\/v2\/product_tag?post=13166"}],"curies":[{"name":"wp","href":"https:\/\/api.w.org\/{rel}","templated":true}]}}