{"id":13158,"date":"2019-05-13T19:27:00","date_gmt":"2019-05-13T17:27:00","guid":{"rendered":"http:\/\/informacionturisticatenerife.com\/producto\/aqualand\/"},"modified":"2024-05-25T14:50:11","modified_gmt":"2024-05-25T13:50:11","slug":"aqualand","status":"publish","type":"product","link":"https:\/\/informacionturisticatenerife.com\/de\/producto\/aqualand\/","title":{"rendered":"Aqualand Costa Adeje"},"content":{"rendered":"<p>Aqualand Costa Adeje bietet Ihnen viele Freizeitbesch\u00e4ftigungen und Spa\u00df an. Dieser Wasserpark befindet sich in dem am meist tropischen Tourismusgebiet Teneriffas und ist der einzigste Wasser- und Delfinpark der Insel. Die intelligenten und zutraulichen Delfine sind die Stars des Parks. Hier befinden sich 14 Exemplare von Gro\u00dfen-T\u00fcmmlern, von denen zehn in dieser Anlage geboren wurden. Die international anerkannte Vorf\u00fchrung wird Sie ins Staunen versetzen. An diesem Ort k\u00f6nnen Sie sich au\u00dferdem an der auf Teneriffa einzigartigen Wasserattraktion erfreuen: Der Tornado, der Teneriffa erreicht, nachdem er die gesamten Wasserparks Europas erobert hat. Es handelt sich um einen schwindelerregenden Abstieg mit rasenden Umdrehungen in einer riesigen Schale, in der Sie sich wie ein echter Tornado drehen werden.<\/p>\n<p>Besuchen Sie Aqualand Costa Adeje wenn Sie sich trauen.<\/p>\n<div class=\"dfd-single-description-wrap\">\n<div class=\"woocommerce-product-details__short-description\">\n<div class=\"prewrap\">\n<div class=\"prewrap\">\n<div class=\"prewrap\">\n<div class=\"prewrap\">\n<div class=\"prewrap\">\n<div class=\"prewrap\">\n<div class=\"prewrap\">\n<div class=\"prewrap\">\n<div class=\"prewrap\">\n<div class=\"prewrap\">\n<div class=\"prewrap\">\n<div class=\"prewrap\">\n<div class=\"prewrap\">\n<div class=\"prewrap\">\n<div class=\"prewrap\">\n<div class=\"prewrap\">\n<div class=\"prewrap\">\n<div class=\"prewrap\">\n<div class=\"prewrap\">\n<div class=\"prewrap\">\n<div class=\"prewrap\">\n<div class=\"prewrap\">\n<div class=\"prewrap\">\n<div class=\"prewrap\">\n<div class=\"prewrap\">\n<div class=\"prewrap\">\n<div class=\"prewrap\">\n<div class=\"prewrap\">\n<p>&nbsp;<\/p>\n<\/div>\n<\/div>\n<\/div>\n<\/div>\n<\/div>\n<\/div>\n<\/div>\n<\/div>\n<\/div>\n<\/div>\n<\/div>\n<\/div>\n<\/div>\n<\/div>\n<\/div>\n<\/div>\n<\/div>\n<\/div>\n<\/div>\n<\/div>\n<\/div>\n<\/div>\n<\/div>\n<\/div>\n<\/div>\n<\/div>\n<\/div>\n<\/div>\n<\/div>\n<\/div>\n<p><iframe loading=\"lazy\" title=\"YouTube video player\" src=\"https:\/\/www.youtube.com\/embed\/0zKobSn_t1A\" width=\"560\" height=\"315\" frameborder=\"0\" allowfullscreen=\"allowfullscreen\"><\/iframe><\/p>\n","protected":false},"excerpt":{"rendered":"<p>Aqualand Costa Adeje bietet Ihnen viele Freizeitbesch\u00e4ftigungen und Spa\u00df an. Dieser Wasserpark befindet sich in dem am meist tropischen Tourismusgebiet Teneriffas und ist der einzigste Wasser- und Delfinpark der Insel. Die intelligenten und zutraulichen Delfine sind die Stars des Parks. Hier befinden sich 14 Exemplare von Gro\u00dfen-T\u00fcmmlern, von denen zehn in dieser Anlage geboren wurden. Die international anerkannte Vorf\u00fchrung wird Sie ins Staunen versetzen.<\/p>\n<p>&nbsp;<\/p>\n<p>&nbsp;<\/p>\n<p><iframe loading=\"lazy\" title=\"YouTube video player\" src=\"https:\/\/www.youtube.com\/embed\/0zKobSn_t1A\" width=\"560\" height=\"315\" frameborder=\"0\" allowfullscreen=\"allowfullscreen\"><\/iframe><\/p>\n","protected":false},"featured_media":14412,"comment_status":"open","ping_status":"closed","template":"","meta":[],"product_brand":[],"product_cat":[49,157],"product_tag":[100,41,50,158,102,24],"class_list":{"0":"post-13158","1":"product","2":"type-product","3":"status-publish","4":"has-post-thumbnail","6":"product_cat-parques-tematicos","7":"product_cat-themenparks","8":"product_tag-islas-canarias-de","9":"product_tag-islas-canarias","10":"product_tag-parques-tematicos","11":"product_tag-parques-tematicos-de","12":"product_tag-tenerife-de","13":"product_tag-tenerife","15":"first","16":"instock","17":"virtual","18":"sold-individually","19":"taxable","20":"purchasable","21":"product-type-booking"},"_links":{"self":[{"href":"https:\/\/informacionturisticatenerife.com\/de\/wp-json\/wp\/v2\/product\/13158","targetHints":{"allow":["GET"]}}],"collection":[{"href":"https:\/\/informacionturisticatenerife.com\/de\/wp-json\/wp\/v2\/product"}],"about":[{"href":"https:\/\/informacionturisticatenerife.com\/de\/wp-json\/wp\/v2\/types\/product"}],"replies":[{"embeddable":true,"href":"https:\/\/informacionturisticatenerife.com\/de\/wp-json\/wp\/v2\/comments?post=13158"}],"wp:featuredmedia":[{"embeddable":true,"href":"https:\/\/informacionturisticatenerife.com\/de\/wp-json\/wp\/v2\/media\/14412"}],"wp:attachment":[{"href":"https:\/\/informacionturisticatenerife.com\/de\/wp-json\/wp\/v2\/media?parent=13158"}],"wp:term":[{"taxonomy":"product_brand","embeddable":true,"href":"https:\/\/informacionturisticatenerife.com\/de\/wp-json\/wp\/v2\/product_brand?post=13158"},{"taxonomy":"product_cat","embeddable":true,"href":"https:\/\/informacionturisticatenerife.com\/de\/wp-json\/wp\/v2\/product_cat?post=13158"},{"taxonomy":"product_tag","embeddable":true,"href":"https:\/\/informacionturisticatenerife.com\/de\/wp-json\/wp\/v2\/product_tag?post=13158"}],"curies":[{"name":"wp","href":"https:\/\/api.w.org\/{rel}","templated":true}]}}