{"id":13150,"date":"2020-09-09T19:50:07","date_gmt":"2019-05-13T17:30:07","guid":{"rendered":"http:\/\/informacionturisticatenerife.com\/producto\/loro-parque\/"},"modified":"2025-08-12T11:20:37","modified_gmt":"2025-08-12T10:20:37","slug":"loro-parque","status":"publish","type":"product","link":"https:\/\/informacionturisticatenerife.com\/de\/producto\/loro-parque\/","title":{"rendered":"Loro Parque"},"content":{"rendered":"<p>Loro Parque, ein weltber\u00fchmtes Abenteuer und der beliebteste Tierpark der Kanarischen Inseln. Von seinen unglaublichen Einrichtungen, die Sie dank der gro\u00dfartigen Reproduktion seiner nat\u00fcrlichen Lebensr\u00e4ume in die Tierwelt entf\u00fchren, bis zu seinen vier Weltklasse-Shows, unter denen sich der spektakul\u00e4re OrcaOcean hervorhebt. Machen Sie sich bereit f\u00fcr einen aufregenden und unterhaltsamen Tag in diesem &#8222;Muss&#8220; der Kanarischen Inseln.<\/p>\n<p>&nbsp;<\/p>\n<p><iframe loading=\"lazy\" title=\"YouTube video player\" src=\"https:\/\/www.youtube.com\/embed\/qbMTpEz40Y8\" width=\"560\" height=\"315\" frameborder=\"0\" allowfullscreen=\"allowfullscreen\"><\/iframe><\/p>\n","protected":false},"excerpt":{"rendered":"<div class=\"prewrap\">\n<div class=\"prewrap\">\n<div class=\"prewrap\">\n<div class=\"prewrap\">\n<div class=\"prewrap\">\n<div class=\"prewrap\">\n<div class=\"prewrap\">\n<div class=\"prewrap\">\n<div class=\"prewrap\">\n<div class=\"prewrap\">\n<div class=\"prewrap\">\n<div class=\"prewrap\">\n<div class=\"prewrap\">\n<div class=\"prewrap\">\n<div class=\"prewrap\">\n<div class=\"prewrap\">\n<div class=\"prewrap\">\n<div class=\"prewrap\">\n<div class=\"prewrap\">\n<div class=\"prewrap\">\n<div class=\"prewrap\">\n<div class=\"prewrap\">\n<div class=\"prewrap\">\n<div class=\"prewrap\">\n<div class=\"prewrap\">\n<div class=\"prewrap\">\n<div class=\"prewrap\">\n<div class=\"prewrap\">\n<div class=\"prewrap\">\n<div class=\"prewrap\">\n<div class=\"prewrap\">\n<div class=\"prewrap\">\n<div class=\"prewrap\">\n<div class=\"prewrap\">\n<div class=\"prewrap\">\n<div class=\"prewrap\">\n<p>Loro Parque, ein weltber\u00fchmtes Abenteuer und der beliebteste Tierpark der Kanarischen Inseln. Von seinen unglaublichen Einrichtungen, die Sie dank der gro\u00dfartigen Reproduktion seiner nat\u00fcrlichen Lebensr\u00e4ume in die Tierwelt entf\u00fchren, bis zu seinen vier Weltklasse-Shows, unter denen sich der spektakul\u00e4re OrcaOcean hervorhebt. Machen Sie sich bereit f\u00fcr einen aufregenden und unterhaltsamen Tag in diesem &#8222;Muss&#8220; der Kanarischen Inseln.<\/p>\n<\/div>\n<p>&nbsp;<\/p>\n<\/div>\n<\/div>\n<\/div>\n<\/div>\n<\/div>\n<\/div>\n<\/div>\n<\/div>\n<\/div>\n<\/div>\n<\/div>\n<\/div>\n<\/div>\n<\/div>\n<\/div>\n<\/div>\n<\/div>\n<\/div>\n<\/div>\n<\/div>\n<\/div>\n<\/div>\n<\/div>\n<\/div>\n<\/div>\n<\/div>\n<\/div>\n<\/div>\n<\/div>\n<\/div>\n<\/div>\n<\/div>\n<\/div>\n<\/div>\n<\/div>\n<p><iframe loading=\"lazy\" title=\"YouTube video player\" src=\"https:\/\/www.youtube.com\/embed\/qbMTpEz40Y8\" width=\"560\" height=\"315\" frameborder=\"0\" allowfullscreen=\"allowfullscreen\"><\/iframe><\/p>\n","protected":false},"featured_media":13151,"comment_status":"open","ping_status":"closed","template":"","meta":[],"product_brand":[],"product_cat":[157],"product_tag":[100,158,102],"class_list":{"0":"post-13150","1":"product","2":"type-product","3":"status-publish","4":"has-post-thumbnail","6":"product_cat-themenparks","7":"product_tag-islas-canarias-de","8":"product_tag-parques-tematicos-de","9":"product_tag-tenerife-de","11":"first","12":"instock","13":"virtual","14":"sold-individually","15":"taxable","16":"purchasable","17":"product-type-booking"},"_links":{"self":[{"href":"https:\/\/informacionturisticatenerife.com\/de\/wp-json\/wp\/v2\/product\/13150","targetHints":{"allow":["GET"]}}],"collection":[{"href":"https:\/\/informacionturisticatenerife.com\/de\/wp-json\/wp\/v2\/product"}],"about":[{"href":"https:\/\/informacionturisticatenerife.com\/de\/wp-json\/wp\/v2\/types\/product"}],"replies":[{"embeddable":true,"href":"https:\/\/informacionturisticatenerife.com\/de\/wp-json\/wp\/v2\/comments?post=13150"}],"wp:featuredmedia":[{"embeddable":true,"href":"https:\/\/informacionturisticatenerife.com\/de\/wp-json\/wp\/v2\/media\/13151"}],"wp:attachment":[{"href":"https:\/\/informacionturisticatenerife.com\/de\/wp-json\/wp\/v2\/media?parent=13150"}],"wp:term":[{"taxonomy":"product_brand","embeddable":true,"href":"https:\/\/informacionturisticatenerife.com\/de\/wp-json\/wp\/v2\/product_brand?post=13150"},{"taxonomy":"product_cat","embeddable":true,"href":"https:\/\/informacionturisticatenerife.com\/de\/wp-json\/wp\/v2\/product_cat?post=13150"},{"taxonomy":"product_tag","embeddable":true,"href":"https:\/\/informacionturisticatenerife.com\/de\/wp-json\/wp\/v2\/product_tag?post=13150"}],"curies":[{"name":"wp","href":"https:\/\/api.w.org\/{rel}","templated":true}]}}