{"id":13100,"date":"2019-07-08T17:03:29","date_gmt":"2019-07-08T15:03:29","guid":{"rendered":"http:\/\/informacionturisticatenerife.com\/producto\/visita-platanera-banana-tour\/"},"modified":"2024-05-25T14:50:12","modified_gmt":"2024-05-25T13:50:12","slug":"besuchen-sie-platanera-bananen-tour","status":"publish","type":"product","link":"https:\/\/informacionturisticatenerife.com\/de\/producto\/besuchen-sie-platanera-bananen-tour\/","title":{"rendered":"Besuchen Sie Platanera | Bananen-Tour"},"content":{"rendered":"<p>Die FINCA LAS MARGARITAS erstreckt sich auf vulkanischem \u00d6dland, welches vor 3 bis 4 Millionen Jahren die gesamte K\u00fcstenregion von Las Galletas bedeckte. Auf diesem Gebiet von mehr als 825 ha befindet sich das gr\u00f6sste aus Gew\u00e4chsh\u00e4usern bestehende Bananenanbaugebiet der Insel Teneriffa. J\u00e4hrlich werden hier \u00fcber 26.000 Tonnen Bananen exportiert.<\/p>\n<p><strong>Dauer: 01:15 stunden ca.<\/strong><\/p>\n<p>&nbsp;<\/p>\n<p><iframe loading=\"lazy\" title=\"YouTube video player\" src=\"https:\/\/www.youtube.com\/embed\/uM3DUAOl-5I\" width=\"560\" height=\"315\" frameborder=\"0\" allowfullscreen=\"allowfullscreen\"><\/iframe><\/p>\n","protected":false},"excerpt":{"rendered":"<div class=\"prewrap\">\n<div class=\"prewrap\">\n<p>Die FINCA LAS MARGARITAS erstreckt sich auf vulkanischem \u00d6dland, welches vor 3 bis 4 Millionen Jahren die gesamte K\u00fcstenregion von Las Galletas bedeckte. Auf diesem Gebiet von mehr als 825 ha befindet sich das gr\u00f6sste aus Gew\u00e4chsh\u00e4usern bestehende Bananenanbaugebiet der Insel Teneriffa. J\u00e4hrlich werden hier \u00fcber 26.000 Tonnen Bananen exportiert.<\/p>\n<p><strong>Dauer: 01:15 stunden ca.<\/strong><\/p>\n<\/div>\n<\/div>\n<p><iframe loading=\"lazy\" title=\"YouTube video player\" src=\"https:\/\/www.youtube.com\/embed\/uM3DUAOl-5I\" width=\"560\" height=\"315\" frameborder=\"0\" allowfullscreen=\"allowfullscreen\"><\/iframe><\/p>\n","protected":false},"featured_media":13102,"comment_status":"open","ping_status":"closed","template":"","meta":[],"product_brand":[],"product_cat":[23,143],"product_tag":[151,52,24,102,22,145],"class_list":{"0":"post-13100","1":"product","2":"type-product","3":"status-publish","4":"has-post-thumbnail","6":"product_cat-terrestre","7":"product_cat-terrestrisch","8":"product_tag-plataneras-de","9":"product_tag-plataneras","10":"product_tag-tenerife","11":"product_tag-tenerife-de","12":"product_tag-tour","13":"product_tag-tour-de","15":"first","16":"instock","17":"virtual","18":"sold-individually","19":"taxable","20":"purchasable","21":"product-type-booking"},"_links":{"self":[{"href":"https:\/\/informacionturisticatenerife.com\/de\/wp-json\/wp\/v2\/product\/13100","targetHints":{"allow":["GET"]}}],"collection":[{"href":"https:\/\/informacionturisticatenerife.com\/de\/wp-json\/wp\/v2\/product"}],"about":[{"href":"https:\/\/informacionturisticatenerife.com\/de\/wp-json\/wp\/v2\/types\/product"}],"replies":[{"embeddable":true,"href":"https:\/\/informacionturisticatenerife.com\/de\/wp-json\/wp\/v2\/comments?post=13100"}],"wp:featuredmedia":[{"embeddable":true,"href":"https:\/\/informacionturisticatenerife.com\/de\/wp-json\/wp\/v2\/media\/13102"}],"wp:attachment":[{"href":"https:\/\/informacionturisticatenerife.com\/de\/wp-json\/wp\/v2\/media?parent=13100"}],"wp:term":[{"taxonomy":"product_brand","embeddable":true,"href":"https:\/\/informacionturisticatenerife.com\/de\/wp-json\/wp\/v2\/product_brand?post=13100"},{"taxonomy":"product_cat","embeddable":true,"href":"https:\/\/informacionturisticatenerife.com\/de\/wp-json\/wp\/v2\/product_cat?post=13100"},{"taxonomy":"product_tag","embeddable":true,"href":"https:\/\/informacionturisticatenerife.com\/de\/wp-json\/wp\/v2\/product_tag?post=13100"}],"curies":[{"name":"wp","href":"https:\/\/api.w.org\/{rel}","templated":true}]}}