{"id":13078,"date":"2019-07-08T17:28:10","date_gmt":"2019-07-08T15:28:10","guid":{"rendered":"http:\/\/informacionturisticatenerife.com\/producto\/excursion-jeep-vip-tour-la-laguna\/"},"modified":"2022-05-23T10:04:16","modified_gmt":"2022-05-23T09:04:16","slug":"jeep-vip-tour-la-laguna-tour","status":"publish","type":"product","link":"https:\/\/informacionturisticatenerife.com\/de\/producto\/jeep-vip-tour-la-laguna-tour\/","title":{"rendered":"VIP Tour Anaga und La Laguna"},"content":{"rendered":"<p>Entdecken Sie zwei der faszinierendsten Sehensw\u00fcrdigkeiten von Teneriffa auf dieser VIP Tour nach Anaga und La Laguna, wahrscheinlich zwei der authentischsten Wahrzeichen der Insel. Tun Sie dies bequem an Bord eines Vans mit Allradantrieb und Klimaanlage, in Begleitung von nur sieben weiteren Personen. Denn Sie haben sich doch wohl eine VIP-Behandlung verdient?<\/p>\n<p>Nachdem der Van Sie bei Ihrer Unterkunft oder einem nahe gelegenen Treffpunkt abgeholt hat, nehmen Sie Kurs auf San Crist\u00f3bal de La Laguna, eine Stadt, die zum Weltkulturerbe geh\u00f6rt, und in der Tradition, Legenden und Sch\u00f6nheit an jeder Ecke miteinander verschmelzen. Erfahren Sie alles \u00fcber diese einzigartige Ortschaft, dank der Erl\u00e4uterungen des Teams von Tamar\u00e1n, das Sie daraufhin mit auf eine Anaga-Tour nehmen wird.<\/p>\n<p>Anaga ist ein zwischen 7 und 9 Millionen Jahre altes Vulkangebirge. Es beherbergt den wichtigsten Lorbeer-, Drachenbaum-und Kanaren-Wolfsmilch-Wald der Welt. Auf jedem Schritt werden Sie sich tiefer in eine magische Welt versetzt f\u00fchlen. Der Anaga-Park besitzt einen ganz besonderen Zauber, das sp\u00fcrt man bereits bei der Ankunft.<\/p>\n<p>Diese VIP Tour nach Anaga und La Laguna l\u00e4sst nichts aus: Sie f\u00fchrt auch nach\u00a0Strand von Las Teresitas\u00a0und zum Mittagessen nach Taganana, wo Sie original kanarische K\u00fcche serviert bekommen. Das komplette Paket! Erleben Sie dieses komfortable Allradabenteuer und entdecken Sie, was es hei\u00dft, zum Norden der Insel zu geh\u00f6ren.<\/p>\n<p><strong>Dauer: 08:00 stunden ca.<\/strong><\/p>\n","protected":false},"excerpt":{"rendered":"<div class=\"prewrap\">\n<div class=\"prewrap\">\n<div class=\"prewrap\">\n<div class=\"prewrap\">\n<div class=\"prewrap\">\n<div class=\"prewrap\">\n<div class=\"prewrap\">\n<div class=\"prewrap\">\n<div class=\"prewrap\">\n<div class=\"prewrap\">\n<div class=\"prewrap\">\n<div class=\"prewrap\">\n<div class=\"prewrap\">\n<div class=\"prewrap\">\n<div class=\"prewrap\">\n<div class=\"prewrap\">\n<div class=\"prewrap\">\n<div class=\"prewrap\">\n<div class=\"prewrap\">\n<div class=\"prewrap\">\n<div class=\"prewrap\">\n<div class=\"prewrap\">\n<p>Entdecken Sie zwei der faszinierendsten Sehensw\u00fcrdigkeiten von Teneriffa auf dieser VIP Tour nach Anaga und La Laguna, wahrscheinlich zwei der authentischsten Wahrzeichen der Insel. Tun Sie dies bequem an Bord eines Vans mit Allradantrieb und Klimaanlage, in Begleitung von nur sieben weiteren Personen. Denn Sie haben sich doch wohl eine VIP-Behandlung verdient?<\/p>\n<p>Diese VIP Tour nach Anaga und La Laguna l\u00e4sst nichts aus: Sie f\u00fchrt auch nach\u00a0Strand von Las Teresitas\u00a0und zum Mittagessen nach Taganana, wo Sie original kanarische K\u00fcche serviert bekommen. Das komplette Paket! Erleben Sie dieses komfortable Allradabenteuer und entdecken Sie, was es hei\u00dft, zum Norden der Insel zu geh\u00f6ren.<\/p>\n<p><strong>Dauer: 08:00 stunden ca.<\/strong><\/p>\n<\/div>\n<\/div>\n<\/div>\n<\/div>\n<\/div>\n<\/div>\n<\/div>\n<\/div>\n<\/div>\n<\/div>\n<\/div>\n<\/div>\n<\/div>\n<\/div>\n<\/div>\n<\/div>\n<\/div>\n<\/div>\n<\/div>\n<\/div>\n<\/div>\n<\/div>\n","protected":false},"featured_media":26424,"comment_status":"open","ping_status":"closed","template":"","meta":[],"product_brand":[],"product_cat":[54,135],"product_tag":[55,98,41,100,102,24],"class_list":{"0":"post-13078","1":"product","2":"type-product","3":"status-publish","4":"has-post-thumbnail","6":"product_cat-jeep-tours","7":"product_cat-jeep-touren","8":"product_tag-aventura-y-naturaleza","9":"product_tag-aventura-y-naturaleza-de","10":"product_tag-islas-canarias","11":"product_tag-islas-canarias-de","12":"product_tag-tenerife-de","13":"product_tag-tenerife","15":"first","16":"instock","17":"virtual","18":"sold-individually","19":"taxable","20":"purchasable","21":"product-type-booking"},"_links":{"self":[{"href":"https:\/\/informacionturisticatenerife.com\/de\/wp-json\/wp\/v2\/product\/13078","targetHints":{"allow":["GET"]}}],"collection":[{"href":"https:\/\/informacionturisticatenerife.com\/de\/wp-json\/wp\/v2\/product"}],"about":[{"href":"https:\/\/informacionturisticatenerife.com\/de\/wp-json\/wp\/v2\/types\/product"}],"replies":[{"embeddable":true,"href":"https:\/\/informacionturisticatenerife.com\/de\/wp-json\/wp\/v2\/comments?post=13078"}],"wp:featuredmedia":[{"embeddable":true,"href":"https:\/\/informacionturisticatenerife.com\/de\/wp-json\/wp\/v2\/media\/26424"}],"wp:attachment":[{"href":"https:\/\/informacionturisticatenerife.com\/de\/wp-json\/wp\/v2\/media?parent=13078"}],"wp:term":[{"taxonomy":"product_brand","embeddable":true,"href":"https:\/\/informacionturisticatenerife.com\/de\/wp-json\/wp\/v2\/product_brand?post=13078"},{"taxonomy":"product_cat","embeddable":true,"href":"https:\/\/informacionturisticatenerife.com\/de\/wp-json\/wp\/v2\/product_cat?post=13078"},{"taxonomy":"product_tag","embeddable":true,"href":"https:\/\/informacionturisticatenerife.com\/de\/wp-json\/wp\/v2\/product_tag?post=13078"}],"curies":[{"name":"wp","href":"https:\/\/api.w.org\/{rel}","templated":true}]}}