{"id":13025,"date":"2019-07-08T18:49:34","date_gmt":"2019-07-08T16:49:34","guid":{"rendered":"http:\/\/informacionturisticatenerife.com\/producto\/flamenco-show\/"},"modified":"2024-05-28T10:09:29","modified_gmt":"2024-05-28T09:09:29","slug":"flamenco-show","status":"publish","type":"product","link":"https:\/\/informacionturisticatenerife.com\/de\/producto\/flamenco-show\/","title":{"rendered":"Flamenco Show auf Tenerife"},"content":{"rendered":"<p>Casa \u00c1baco ist ein kanarisches Herrenhaus aus dem 18. Jahrhundert im Herzen von Puerto de la Cruz, dessen Architektur und Dekoration respektiert wurden, wobei die Essenz der urspr\u00fcnglichen Konstruktion bewahrt wurde. In dieser Umgebung wird eine Tablao-Flamenco-Show angeboten, eine exquisite Produktion mit mehr als 10 Jahren auf der B\u00fchne in einer magischen und einzigartigen Umgebung, ein einzigartiges Erlebnis, um die Leidenschaft und St\u00e4rke des Flamenco in einer idyllischen Atmosph\u00e4re zu sp\u00fcren, in der Sie die Magie des Flamenco f\u00fcr kleine Gruppen sp\u00fcren werden.<\/p>\n<p>Lassen Sie sich von dieser spanischen Kunst in einem unvergleichlichen Rahmen verf\u00fchren.<\/p>\n<p><strong>Dauer: 02:00 stunden<\/strong><\/p>\n<p><iframe loading=\"lazy\" style=\"border: none; overflow: hidden;\" src=\"https:\/\/www.facebook.com\/plugins\/video.php?height=476&amp;href=https%3A%2F%2Fwww.facebook.com%2Fcasamuseoabaco%2Fvideos%2F2276100695885520%2F&amp;show_text=false&amp;width=476&amp;t=0\" width=\"476\" height=\"476\" frameborder=\"0\" scrolling=\"no\" allowfullscreen=\"allowfullscreen\"><\/iframe><\/p>\n","protected":false},"excerpt":{"rendered":"<div class=\"prewrap\">\n<div class=\"prewrap\">\n<div class=\"prewrap\">\n<div class=\"prewrap\">\n<div class=\"prewrap\">\n<div class=\"prewrap\">\n<div class=\"prewrap\">\n<div class=\"prewrap\">\n<div class=\"prewrap\">\n<div class=\"prewrap\">\n<div class=\"prewrap\">\n<div class=\"prewrap\">\n<div class=\"prewrap\">\n<div class=\"prewrap\">\n<div class=\"prewrap\">\n<div class=\"prewrap\">\n<div class=\"prewrap\">\n<div class=\"prewrap\">\n<div class=\"prewrap\">\n<div class=\"prewrap\">\n<div class=\"prewrap\">\n<div class=\"prewrap\">\n<div class=\"prewrap\">\n<div class=\"prewrap\">\n<div class=\"prewrap\">\n<div class=\"prewrap\">\n<div class=\"prewrap\">\n<div class=\"prewrap\">\n<div class=\"prewrap\">\n<div class=\"prewrap\">\n<div class=\"prewrap\">\n<div class=\"prewrap\">\n<div class=\"prewrap\">\n<div class=\"prewrap\">\n<div class=\"prewrap\">\n<div class=\"prewrap\">\n<div class=\"prewrap\">\n<p>Casa \u00c1baco ist ein kanarisches Herrenhaus aus dem 18. Jahrhundert im Herzen von Puerto de la Cruz, dessen Architektur und Dekoration respektiert wurden, wobei die Essenz der urspr\u00fcnglichen Konstruktion bewahrt wurde. In dieser Umgebung wird eine Tablao-Flamenco-Show angeboten, eine exquisite Produktion mit mehr als 10 Jahren auf der B\u00fchne in einer magischen und einzigartigen Umgebung, ein einzigartiges Erlebnis, um die Leidenschaft und St\u00e4rke des Flamenco in einer idyllischen Atmosph\u00e4re zu sp\u00fcren, in der Sie die Magie des Flamenco f\u00fcr kleine Gruppen sp\u00fcren werden.<\/p>\n<p>Lassen Sie sich von dieser spanischen Kunst in einem unvergleichlichen Rahmen verf\u00fchren.<\/p>\n<p><strong>Dauer: 02:00 stunden<\/strong><\/p>\n<\/div>\n<\/div>\n<\/div>\n<\/div>\n<\/div>\n<\/div>\n<\/div>\n<\/div>\n<\/div>\n<\/div>\n<\/div>\n<\/div>\n<\/div>\n<\/div>\n<\/div>\n<\/div>\n<\/div>\n<\/div>\n<\/div>\n<\/div>\n<\/div>\n<\/div>\n<\/div>\n<\/div>\n<\/div>\n<\/div>\n<\/div>\n<\/div>\n<\/div>\n<\/div>\n<\/div>\n<\/div>\n<\/div>\n<\/div>\n<\/div>\n<\/div>\n<\/div>\n<p><iframe loading=\"lazy\" style=\"border: none; overflow: hidden;\" src=\"https:\/\/www.facebook.com\/plugins\/video.php?height=476&amp;href=https%3A%2F%2Fwww.facebook.com%2Fcasamuseoabaco%2Fvideos%2F2276100695885520%2F&amp;show_text=false&amp;width=476&amp;t=0\" width=\"476\" height=\"476\" frameborder=\"0\" scrolling=\"no\" allowfullscreen=\"allowfullscreen\"><\/iframe><\/p>\n","protected":false},"featured_media":26303,"comment_status":"open","ping_status":"closed","template":"","meta":[],"product_brand":[],"product_cat":[121],"product_tag":[122,100,102],"class_list":{"0":"post-13025","1":"product","2":"type-product","3":"status-publish","4":"has-post-thumbnail","6":"product_cat-shows-de","7":"product_tag-espectaculo-de","8":"product_tag-islas-canarias-de","9":"product_tag-tenerife-de","11":"first","12":"instock","13":"virtual","14":"sold-individually","15":"taxable","16":"purchasable","17":"product-type-booking"},"_links":{"self":[{"href":"https:\/\/informacionturisticatenerife.com\/de\/wp-json\/wp\/v2\/product\/13025","targetHints":{"allow":["GET"]}}],"collection":[{"href":"https:\/\/informacionturisticatenerife.com\/de\/wp-json\/wp\/v2\/product"}],"about":[{"href":"https:\/\/informacionturisticatenerife.com\/de\/wp-json\/wp\/v2\/types\/product"}],"replies":[{"embeddable":true,"href":"https:\/\/informacionturisticatenerife.com\/de\/wp-json\/wp\/v2\/comments?post=13025"}],"wp:featuredmedia":[{"embeddable":true,"href":"https:\/\/informacionturisticatenerife.com\/de\/wp-json\/wp\/v2\/media\/26303"}],"wp:attachment":[{"href":"https:\/\/informacionturisticatenerife.com\/de\/wp-json\/wp\/v2\/media?parent=13025"}],"wp:term":[{"taxonomy":"product_brand","embeddable":true,"href":"https:\/\/informacionturisticatenerife.com\/de\/wp-json\/wp\/v2\/product_brand?post=13025"},{"taxonomy":"product_cat","embeddable":true,"href":"https:\/\/informacionturisticatenerife.com\/de\/wp-json\/wp\/v2\/product_cat?post=13025"},{"taxonomy":"product_tag","embeddable":true,"href":"https:\/\/informacionturisticatenerife.com\/de\/wp-json\/wp\/v2\/product_tag?post=13025"}],"curies":[{"name":"wp","href":"https:\/\/api.w.org\/{rel}","templated":true}]}}