{"id":12999,"date":"2019-07-08T19:34:08","date_gmt":"2019-07-08T17:34:08","guid":{"rendered":"http:\/\/informacionturisticatenerife.com\/producto\/jet-ski\/"},"modified":"2022-05-18T17:28:25","modified_gmt":"2022-05-18T16:28:25","slug":"jet-ski","status":"publish","type":"product","link":"https:\/\/informacionturisticatenerife.com\/de\/producto\/jet-ski\/","title":{"rendered":"Jetski Safari Tenerife"},"content":{"rendered":"<p>Viel Spa\u00df mit unseren gef\u00fchrten Ausfl\u00fcgen und erleben Sie die Erfahrung auf Jet-Skis!<\/p>\n<p>1 Stunde Discovery Tenerife Jet Ski Safari Wir garantieren, dass Sie mehr wollen! Ihr Adrenalinspiegel wird steigen, wenn Sie Freestyle-Jetski fahren.<\/p>\n<p>2 Stunden Explora Jet Ski Safari Teneriffa ist der beliebteste Ausflug, der f\u00fcr Sie zum Staunen und Aufregen bestimmt ist! Wir werden den Leuchtturm von Punta de la Rasca, das Naturschutzgebiet Malpa\u00eds de la Rasca und eine Wasserh\u00f6hle sehen! Dann machen wir einen Halt am La Caleta Beach, einem wei\u00dfen Sandstrand, der ein perfekter Ort zum Schnorcheln ist und das Abenteuer fortsetzt. Anschlie\u00dfend k\u00f6nnen Sie sich und die Grenzen Ihres Jetskis testen.<\/p>\n<p><strong>Dauer<\/strong>: <strong>Verschiedene Stundenpl\u00e4ne<\/strong><\/p>\n<p>&nbsp;<\/p>\n<p><iframe loading=\"lazy\" title=\"YouTube video player\" src=\"https:\/\/www.youtube.com\/embed\/wzkiloxICC0\" width=\"560\" height=\"315\" frameborder=\"0\" allowfullscreen=\"allowfullscreen\"><\/iframe><\/p>\n","protected":false},"excerpt":{"rendered":"<div class=\"prewrap\">\n<div class=\"prewrap\">\n<div class=\"prewrap\">\n<div class=\"prewrap\">\n<div class=\"prewrap\">\n<div class=\"prewrap\">\n<div class=\"prewrap\">\n<div class=\"prewrap\">\n<div class=\"prewrap\">\n<div class=\"prewrap\">\n<div class=\"prewrap\">\n<div class=\"prewrap\">\n<div class=\"prewrap\">\n<div class=\"prewrap\">\n<div class=\"prewrap\">\n<div class=\"prewrap\">\n<div class=\"prewrap\">\n<div class=\"prewrap\">\n<div class=\"prewrap\">\n<div class=\"prewrap\">\n<div class=\"prewrap\">\n<div class=\"prewrap\">\n<div class=\"prewrap\">\n<div class=\"prewrap\">\n<div class=\"prewrap\">\n<div class=\"prewrap\">\n<p>Viel Spa\u00df mit unseren gef\u00fchrten Ausfl\u00fcgen und erleben Sie die Erfahrung auf Jet-Skis!<\/p>\n<p>1 Stunde Discovery Tenerife Jet Ski Safari Wir garantieren, dass Sie mehr wollen! Ihr Adrenalinspiegel wird steigen, wenn Sie Freestyle-Jetski fahren.<\/p>\n<p>2 Stunden Explora Jet Ski Safari Teneriffa ist der beliebteste Ausflug, der f\u00fcr Sie zum Staunen und Aufregen bestimmt ist! Wir werden den Leuchtturm von Punta de la Rasca, das Naturschutzgebiet Malpa\u00eds de la Rasca und eine Wasserh\u00f6hle sehen! Dann machen wir einen Halt am La Caleta Beach, einem wei\u00dfen Sandstrand, der ein perfekter Ort zum Schnorcheln ist und das Abenteuer fortsetzt. Anschlie\u00dfend k\u00f6nnen Sie sich und die Grenzen Ihres Jetskis testen.<\/p>\n<p><strong>Dauer<\/strong>: <strong>Verschiedene Stundenpl\u00e4ne<\/strong><\/p>\n<\/div>\n<\/div>\n<\/div>\n<\/div>\n<\/div>\n<\/div>\n<\/div>\n<\/div>\n<\/div>\n<\/div>\n<\/div>\n<\/div>\n<\/div>\n<\/div>\n<\/div>\n<\/div>\n<\/div>\n<\/div>\n<\/div>\n<\/div>\n<\/div>\n<\/div>\n<\/div>\n<\/div>\n<\/div>\n<\/div>\n<p><iframe loading=\"lazy\" title=\"YouTube video player\" src=\"https:\/\/www.youtube.com\/embed\/wzkiloxICC0\" width=\"560\" height=\"315\" frameborder=\"0\" allowfullscreen=\"allowfullscreen\"><\/iframe><\/p>\n","protected":false},"featured_media":26211,"comment_status":"open","ping_status":"closed","template":"","meta":[],"product_brand":[],"product_cat":[113,56],"product_tag":[98,55,25,99,41,100,47,101,102,24,114,57],"class_list":{"0":"post-12999","1":"product","2":"type-product","3":"status-publish","4":"has-post-thumbnail","6":"product_cat-wassersport","7":"product_cat-water-sports","8":"product_tag-aventura-y-naturaleza-de","9":"product_tag-aventura-y-naturaleza","10":"product_tag-canarias","11":"product_tag-canarias-de","12":"product_tag-islas-canarias","13":"product_tag-islas-canarias-de","14":"product_tag-multiaventuras","15":"product_tag-multiaventuras-de","16":"product_tag-tenerife-de","17":"product_tag-tenerife","18":"product_tag-water-sports-de","19":"product_tag-water-sports","21":"first","22":"instock","23":"virtual","24":"sold-individually","25":"taxable","26":"purchasable","27":"product-type-booking"},"_links":{"self":[{"href":"https:\/\/informacionturisticatenerife.com\/de\/wp-json\/wp\/v2\/product\/12999","targetHints":{"allow":["GET"]}}],"collection":[{"href":"https:\/\/informacionturisticatenerife.com\/de\/wp-json\/wp\/v2\/product"}],"about":[{"href":"https:\/\/informacionturisticatenerife.com\/de\/wp-json\/wp\/v2\/types\/product"}],"replies":[{"embeddable":true,"href":"https:\/\/informacionturisticatenerife.com\/de\/wp-json\/wp\/v2\/comments?post=12999"}],"wp:featuredmedia":[{"embeddable":true,"href":"https:\/\/informacionturisticatenerife.com\/de\/wp-json\/wp\/v2\/media\/26211"}],"wp:attachment":[{"href":"https:\/\/informacionturisticatenerife.com\/de\/wp-json\/wp\/v2\/media?parent=12999"}],"wp:term":[{"taxonomy":"product_brand","embeddable":true,"href":"https:\/\/informacionturisticatenerife.com\/de\/wp-json\/wp\/v2\/product_brand?post=12999"},{"taxonomy":"product_cat","embeddable":true,"href":"https:\/\/informacionturisticatenerife.com\/de\/wp-json\/wp\/v2\/product_cat?post=12999"},{"taxonomy":"product_tag","embeddable":true,"href":"https:\/\/informacionturisticatenerife.com\/de\/wp-json\/wp\/v2\/product_tag?post=12999"}],"curies":[{"name":"wp","href":"https:\/\/api.w.org\/{rel}","templated":true}]}}