{"id":12982,"date":"2019-07-08T20:08:11","date_gmt":"2019-07-08T18:08:11","guid":{"rendered":"http:\/\/informacionturisticatenerife.com\/producto\/boggy-tour\/"},"modified":"2022-05-18T11:03:27","modified_gmt":"2022-05-18T10:03:27","slug":"buggy-tour","status":"publish","type":"product","link":"https:\/\/informacionturisticatenerife.com\/de\/producto\/buggy-tour\/","title":{"rendered":"Teneriffa Buggy Touren"},"content":{"rendered":"<p>Schon beim blo\u00dfen Anblick des Buggys ahnt man, dass eine Fahrt durch Teneriffa mit diesem Science-Fiction-Fahrzeug ein unvergleichliches Erlebnis sein muss. Es ist ein absolut seltsames Gef\u00e4hrt, mit Gangschaltung, einer kleinen Fahrerkabine, ohne T\u00fcren oder Dach und Offroad-Reifen in beeindruckender Breite. Es handelt sich hierbei um einen der gefragtesten Ausfl\u00fcge und das ist kein Wunder: Buggy fahren oder eine gef\u00fchrte Buggy Tour machen auf einer Vulkaninsel wie Teneriffa besonders viel Spa\u00df!\u2026<\/p>\n<p>Nach einer kurzen Einweisung starten wir von einem sch\u00f6nen \u00f6kologischen Bauernhof. Auf dem Weg zum Vulkan werden Sie von unseren erfahrenen Guides auf der Stra\u00dfe und auf einem Adrenalinpfad, der an vielen verschiedenen Orten f\u00fcr Sie pr\u00e4pariert ist, zu atemberaubenden Ausblicken auf Teneriffa gef\u00fchrt.<br \/>\nW\u00e4hrend Sie alles um sich herum zu sch\u00e4tzen wissen, wird sich unser professioneller Fotograf stets bem\u00fchen, Ihre Reise mit vielen Bildern und Videos zu gestalten!<\/p>\n<p>Am Ende der Reise werden Sie sich freuen, den k\u00f6stlichen hausgemachten K\u00e4se und Wein der Region zu genie\u00dfen (und auch die s\u00fc\u00dfen Finca-Leute kennenzulernen)!<\/p>\n<p>Wir machen dich verr\u00fcckt!<\/p>\n<p><strong>Dauer: 3:00 Stunden<\/strong><\/p>\n<p><iframe loading=\"lazy\" title=\"YouTube video player\" src=\"https:\/\/www.youtube.com\/embed\/CA4bz5mJtqI\" width=\"560\" height=\"315\" frameborder=\"0\" allowfullscreen=\"allowfullscreen\"><\/iframe><\/p>\n","protected":false},"excerpt":{"rendered":"<div class=\"prewrap\">\n<div class=\"prewrap\">\n<div class=\"prewrap\">\n<div class=\"prewrap\">\n<div class=\"prewrap\">\n<div class=\"prewrap\">\n<div class=\"prewrap\">\n<div class=\"prewrap\">\n<div class=\"prewrap\">\n<div class=\"prewrap\">\n<div class=\"prewrap\">\n<div class=\"prewrap\">\n<div class=\"prewrap\">\n<div class=\"prewrap\">\n<div class=\"prewrap\">\n<div class=\"prewrap\">\n<div class=\"prewrap\">\n<div class=\"prewrap\">\n<div class=\"prewrap\">\n<div class=\"prewrap\">\n<div class=\"prewrap\">\n<div class=\"prewrap\">\n<div class=\"prewrap\">\n<div class=\"prewrap\">\n<div class=\"prewrap\">\n<div class=\"prewrap\">\n<p>Schon beim blo\u00dfen Anblick des Buggys ahnt man, dass eine Fahrt durch Teneriffa mit diesem Science-Fiction-Fahrzeug ein unvergleichliches Erlebnis sein muss. Es ist ein absolut seltsames Gef\u00e4hrt, mit Gangschaltung, einer kleinen Fahrerkabine, ohne T\u00fcren oder Dach und Offroad-Reifen in beeindruckender Breite. Es handelt sich hierbei um einen der gefragtesten Ausfl\u00fcge und das ist kein Wunder: Buggy fahren oder eine gef\u00fchrte Buggy Tour machen auf einer Vulkaninsel wie Teneriffa besonders viel Spa\u00df!\u2026<\/p>\n<p>Wir machen dich verr\u00fcckt!<\/p>\n<p><strong>Dauer: 3:00 Stunden<\/strong><\/p>\n<\/div>\n<\/div>\n<div><\/div>\n<\/div>\n<\/div>\n<\/div>\n<\/div>\n<\/div>\n<\/div>\n<\/div>\n<\/div>\n<\/div>\n<\/div>\n<\/div>\n<\/div>\n<\/div>\n<\/div>\n<\/div>\n<\/div>\n<\/div>\n<\/div>\n<\/div>\n<\/div>\n<\/div>\n<\/div>\n<\/div>\n<\/div>\n<p><iframe loading=\"lazy\" title=\"YouTube video player\" src=\"https:\/\/www.youtube.com\/embed\/CA4bz5mJtqI\" width=\"560\" height=\"315\" frameborder=\"0\" allowfullscreen=\"allowfullscreen\"><\/iframe><\/p>\n","protected":false},"featured_media":26078,"comment_status":"open","ping_status":"closed","template":"","meta":[],"product_brand":[],"product_cat":[97],"product_tag":[98,99,100,101,102],"class_list":{"0":"post-12982","1":"product","2":"type-product","3":"status-publish","4":"has-post-thumbnail","6":"product_cat-abenteuer-und-natur","7":"product_tag-aventura-y-naturaleza-de","8":"product_tag-canarias-de","9":"product_tag-islas-canarias-de","10":"product_tag-multiaventuras-de","11":"product_tag-tenerife-de","13":"first","14":"instock","15":"virtual","16":"sold-individually","17":"taxable","18":"purchasable","19":"product-type-booking"},"_links":{"self":[{"href":"https:\/\/informacionturisticatenerife.com\/de\/wp-json\/wp\/v2\/product\/12982","targetHints":{"allow":["GET"]}}],"collection":[{"href":"https:\/\/informacionturisticatenerife.com\/de\/wp-json\/wp\/v2\/product"}],"about":[{"href":"https:\/\/informacionturisticatenerife.com\/de\/wp-json\/wp\/v2\/types\/product"}],"replies":[{"embeddable":true,"href":"https:\/\/informacionturisticatenerife.com\/de\/wp-json\/wp\/v2\/comments?post=12982"}],"wp:featuredmedia":[{"embeddable":true,"href":"https:\/\/informacionturisticatenerife.com\/de\/wp-json\/wp\/v2\/media\/26078"}],"wp:attachment":[{"href":"https:\/\/informacionturisticatenerife.com\/de\/wp-json\/wp\/v2\/media?parent=12982"}],"wp:term":[{"taxonomy":"product_brand","embeddable":true,"href":"https:\/\/informacionturisticatenerife.com\/de\/wp-json\/wp\/v2\/product_brand?post=12982"},{"taxonomy":"product_cat","embeddable":true,"href":"https:\/\/informacionturisticatenerife.com\/de\/wp-json\/wp\/v2\/product_cat?post=12982"},{"taxonomy":"product_tag","embeddable":true,"href":"https:\/\/informacionturisticatenerife.com\/de\/wp-json\/wp\/v2\/product_tag?post=12982"}],"curies":[{"name":"wp","href":"https:\/\/api.w.org\/{rel}","templated":true}]}}